{"id":9965,"date":"2024-09-30T14:17:50","date_gmt":"2024-09-30T12:17:50","guid":{"rendered":"https:\/\/www.casanaute.fr\/boutique\/shop\/lave-linge-indesit-stainexpert-plx-gb59-w9x\/"},"modified":"2024-09-30T14:17:50","modified_gmt":"2024-09-30T12:17:50","slug":"lave-linge-indesit-stainexpert-plx-gb59-w9x","status":"publish","type":"product","link":"https:\/\/www.casanaute.fr\/boutique\/shop\/lave-linge-indesit-stainexpert-plx-gb59-w9x\/","title":{"rendered":"Lave-linge Indesit StainExpert [PLX-GB59-W9X]"},"content":{"rendered":"<h2>Lave-linge top compact et performant<\/h2>\n<p>D\u00e9couvrez le lave-linge top compact, id\u00e9al pour les petits espaces gr\u00e2ce \u00e0 ses dimensions r\u00e9duites de 40 x 90 x 60 cm. Sa capacit\u00e9 de 5 kg est parfaite pour les petites charges quotidiennes.<\/p>\n<p>Ce lave-linge est une solution fiable pour un lavage impeccable.<\/p>\n<ul>\n<li><strong>\u00c9conomie d&rsquo;espace<\/strong> : Gr\u00e2ce \u00e0 ses dimensions compactes, ce lave-linge s&rsquo;int\u00e8gre facilement dans les espaces restreints.<\/li>\n<li><strong>Capacit\u00e9 adapt\u00e9e<\/strong> : Avec une capacit\u00e9 de 5 kg, ce lave-linge est parfait pour les c\u00e9libataires ou les petites familles.<\/li>\n<\/ul>\n<ol>\n<li><strong>Programmes vari\u00e9s<\/strong> : Multiples options de lavage pour r\u00e9pondre \u00e0 tous les besoins.<\/li>\n<li><strong>Efficacit\u00e9 \u00e9nerg\u00e9tique<\/strong> : Con\u00e7u pour consommer moins d&rsquo;eau et d&rsquo;\u00e9lectricit\u00e9.<\/li>\n<\/ol>\n<p>Optez pour un appareil compact et performant, et profitez d&rsquo;un linge propre \u00e0 chaque utilisation.<\/p>\n","protected":false},"excerpt":{"rendered":"<p>Lave-linge top compact et performant D\u00e9couvrez le lave-linge top compact, id\u00e9al pour les petits espaces gr\u00e2ce \u00e0 ses dimensions r\u00e9duites de 40 x 90 x 60 cm. Sa capacit\u00e9 de 5 kg est parfaite pour les petites charges quotidiennes. Ce lave-linge est une solution fiable pour un lavage impeccable. \u00c9conomie d&rsquo;espace : Gr\u00e2ce \u00e0 ses [&hellip;]<\/p>\n","protected":false},"featured_media":9964,"comment_status":"open","ping_status":"closed","template":"","meta":[],"product_cat":[92],"product_tag":[],"class_list":{"0":"post-9965","1":"product","2":"type-product","3":"status-publish","4":"has-post-thumbnail","6":"product_cat-lave-linge-top","8":"first","9":"instock","10":"shipping-taxable","11":"purchasable","12":"product-type-simple"},"yoast_head":"<!-- This site is optimized with the Yoast SEO plugin v23.5 - https:\/\/yoast.com\/wordpress\/plugins\/seo\/ -->\n<title>Lave-linge Indesit StainExpert [PLX-GB59-W9X] - Lave-Linge pour la maison<\/title>\n<meta name=\"robots\" content=\"index, follow, max-snippet:-1, max-image-preview:large, max-video-preview:-1\" \/>\n<link rel=\"canonical\" href=\"https:\/\/www.casanaute.fr\/boutique\/shop\/lave-linge-indesit-stainexpert-plx-gb59-w9x\/\" \/>\n<meta property=\"og:locale\" content=\"fr_FR\" \/>\n<meta property=\"og:type\" content=\"article\" \/>\n<meta property=\"og:title\" content=\"Lave-linge Indesit StainExpert [PLX-GB59-W9X] - Lave-Linge pour la maison\" \/>\n<meta property=\"og:description\" content=\"Lave-linge top compact et performant D\u00e9couvrez le lave-linge top compact, id\u00e9al pour les petits espaces gr\u00e2ce \u00e0 ses dimensions r\u00e9duites de 40 x 90 x 60 cm. Sa capacit\u00e9 de 5 kg est parfaite pour les petites charges quotidiennes. Ce lave-linge est une solution fiable pour un lavage impeccable. \u00c9conomie d&rsquo;espace : Gr\u00e2ce \u00e0 ses [&hellip;]\" \/>\n<meta property=\"og:url\" content=\"https:\/\/www.casanaute.fr\/boutique\/shop\/lave-linge-indesit-stainexpert-plx-gb59-w9x\/\" \/>\n<meta property=\"og:site_name\" content=\"Lave-Linge pour la maison\" \/>\n<meta name=\"twitter:card\" content=\"summary_large_image\" \/>\n<meta name=\"twitter:label1\" content=\"Dur\u00e9e de lecture estim\u00e9e\" \/>\n\t<meta name=\"twitter:data1\" content=\"1 minute\" \/>\n<script type=\"application\/ld+json\" class=\"yoast-schema-graph\">{\"@context\":\"https:\/\/schema.org\",\"@graph\":[{\"@type\":\"WebPage\",\"@id\":\"https:\/\/www.casanaute.fr\/boutique\/shop\/lave-linge-indesit-stainexpert-plx-gb59-w9x\/\",\"url\":\"https:\/\/www.casanaute.fr\/boutique\/shop\/lave-linge-indesit-stainexpert-plx-gb59-w9x\/\",\"name\":\"Lave-linge Indesit StainExpert [PLX-GB59-W9X] - Lave-Linge pour la maison\",\"isPartOf\":{\"@id\":\"https:\/\/www.casanaute.fr\/boutique\/#website\"},\"primaryImageOfPage\":{\"@id\":\"https:\/\/www.casanaute.fr\/boutique\/shop\/lave-linge-indesit-stainexpert-plx-gb59-w9x\/#primaryimage\"},\"image\":{\"@id\":\"https:\/\/www.casanaute.fr\/boutique\/shop\/lave-linge-indesit-stainexpert-plx-gb59-w9x\/#primaryimage\"},\"thumbnailUrl\":\"https:\/\/www.casanaute.fr\/boutique\/wp-content\/uploads\/2024\/09\/1-Photoroom-8.jpg\",\"datePublished\":\"2024-09-30T12:17:50+00:00\",\"dateModified\":\"2024-09-30T12:17:50+00:00\",\"breadcrumb\":{\"@id\":\"https:\/\/www.casanaute.fr\/boutique\/shop\/lave-linge-indesit-stainexpert-plx-gb59-w9x\/#breadcrumb\"},\"inLanguage\":\"fr-FR\",\"potentialAction\":[{\"@type\":\"ReadAction\",\"target\":[\"https:\/\/www.casanaute.fr\/boutique\/shop\/lave-linge-indesit-stainexpert-plx-gb59-w9x\/\"]}]},{\"@type\":\"ImageObject\",\"inLanguage\":\"fr-FR\",\"@id\":\"https:\/\/www.casanaute.fr\/boutique\/shop\/lave-linge-indesit-stainexpert-plx-gb59-w9x\/#primaryimage\",\"url\":\"https:\/\/www.casanaute.fr\/boutique\/wp-content\/uploads\/2024\/09\/1-Photoroom-8.jpg\",\"contentUrl\":\"https:\/\/www.casanaute.fr\/boutique\/wp-content\/uploads\/2024\/09\/1-Photoroom-8.jpg\",\"width\":1900,\"height\":1900},{\"@type\":\"BreadcrumbList\",\"@id\":\"https:\/\/www.casanaute.fr\/boutique\/shop\/lave-linge-indesit-stainexpert-plx-gb59-w9x\/#breadcrumb\",\"itemListElement\":[{\"@type\":\"ListItem\",\"position\":1,\"name\":\"Home\",\"item\":\"https:\/\/www.casanaute.fr\/boutique\/\"},{\"@type\":\"ListItem\",\"position\":2,\"name\":\"Boutique\",\"item\":\"https:\/\/www.casanaute.fr\/boutique\/shop\/\"},{\"@type\":\"ListItem\",\"position\":3,\"name\":\"Lave-linge Indesit StainExpert [PLX-GB59-W9X]\"}]},{\"@type\":\"WebSite\",\"@id\":\"https:\/\/www.casanaute.fr\/boutique\/#website\",\"url\":\"https:\/\/www.casanaute.fr\/boutique\/\",\"name\":\"Hotte Discount\",\"description\":\"\",\"potentialAction\":[{\"@type\":\"SearchAction\",\"target\":{\"@type\":\"EntryPoint\",\"urlTemplate\":\"https:\/\/www.casanaute.fr\/boutique\/?s={search_term_string}\"},\"query-input\":{\"@type\":\"PropertyValueSpecification\",\"valueRequired\":true,\"valueName\":\"search_term_string\"}}],\"inLanguage\":\"fr-FR\"}]}<\/script>\n<!-- \/ Yoast SEO plugin. -->","yoast_head_json":{"title":"Lave-linge Indesit StainExpert [PLX-GB59-W9X] - Lave-Linge pour la maison","robots":{"index":"index","follow":"follow","max-snippet":"max-snippet:-1","max-image-preview":"max-image-preview:large","max-video-preview":"max-video-preview:-1"},"canonical":"https:\/\/www.casanaute.fr\/boutique\/shop\/lave-linge-indesit-stainexpert-plx-gb59-w9x\/","og_locale":"fr_FR","og_type":"article","og_title":"Lave-linge Indesit StainExpert [PLX-GB59-W9X] - Lave-Linge pour la maison","og_description":"Lave-linge top compact et performant D\u00e9couvrez le lave-linge top compact, id\u00e9al pour les petits espaces gr\u00e2ce \u00e0 ses dimensions r\u00e9duites de 40 x 90 x 60 cm. Sa capacit\u00e9 de 5 kg est parfaite pour les petites charges quotidiennes. Ce lave-linge est une solution fiable pour un lavage impeccable. \u00c9conomie d&rsquo;espace : Gr\u00e2ce \u00e0 ses [&hellip;]","og_url":"https:\/\/www.casanaute.fr\/boutique\/shop\/lave-linge-indesit-stainexpert-plx-gb59-w9x\/","og_site_name":"Lave-Linge pour la maison","twitter_card":"summary_large_image","twitter_misc":{"Dur\u00e9e de lecture estim\u00e9e":"1 minute"},"schema":{"@context":"https:\/\/schema.org","@graph":[{"@type":"WebPage","@id":"https:\/\/www.casanaute.fr\/boutique\/shop\/lave-linge-indesit-stainexpert-plx-gb59-w9x\/","url":"https:\/\/www.casanaute.fr\/boutique\/shop\/lave-linge-indesit-stainexpert-plx-gb59-w9x\/","name":"Lave-linge Indesit StainExpert [PLX-GB59-W9X] - Lave-Linge pour la maison","isPartOf":{"@id":"https:\/\/www.casanaute.fr\/boutique\/#website"},"primaryImageOfPage":{"@id":"https:\/\/www.casanaute.fr\/boutique\/shop\/lave-linge-indesit-stainexpert-plx-gb59-w9x\/#primaryimage"},"image":{"@id":"https:\/\/www.casanaute.fr\/boutique\/shop\/lave-linge-indesit-stainexpert-plx-gb59-w9x\/#primaryimage"},"thumbnailUrl":"https:\/\/www.casanaute.fr\/boutique\/wp-content\/uploads\/2024\/09\/1-Photoroom-8.jpg","datePublished":"2024-09-30T12:17:50+00:00","dateModified":"2024-09-30T12:17:50+00:00","breadcrumb":{"@id":"https:\/\/www.casanaute.fr\/boutique\/shop\/lave-linge-indesit-stainexpert-plx-gb59-w9x\/#breadcrumb"},"inLanguage":"fr-FR","potentialAction":[{"@type":"ReadAction","target":["https:\/\/www.casanaute.fr\/boutique\/shop\/lave-linge-indesit-stainexpert-plx-gb59-w9x\/"]}]},{"@type":"ImageObject","inLanguage":"fr-FR","@id":"https:\/\/www.casanaute.fr\/boutique\/shop\/lave-linge-indesit-stainexpert-plx-gb59-w9x\/#primaryimage","url":"https:\/\/www.casanaute.fr\/boutique\/wp-content\/uploads\/2024\/09\/1-Photoroom-8.jpg","contentUrl":"https:\/\/www.casanaute.fr\/boutique\/wp-content\/uploads\/2024\/09\/1-Photoroom-8.jpg","width":1900,"height":1900},{"@type":"BreadcrumbList","@id":"https:\/\/www.casanaute.fr\/boutique\/shop\/lave-linge-indesit-stainexpert-plx-gb59-w9x\/#breadcrumb","itemListElement":[{"@type":"ListItem","position":1,"name":"Home","item":"https:\/\/www.casanaute.fr\/boutique\/"},{"@type":"ListItem","position":2,"name":"Boutique","item":"https:\/\/www.casanaute.fr\/boutique\/shop\/"},{"@type":"ListItem","position":3,"name":"Lave-linge Indesit StainExpert [PLX-GB59-W9X]"}]},{"@type":"WebSite","@id":"https:\/\/www.casanaute.fr\/boutique\/#website","url":"https:\/\/www.casanaute.fr\/boutique\/","name":"Hotte Discount","description":"","potentialAction":[{"@type":"SearchAction","target":{"@type":"EntryPoint","urlTemplate":"https:\/\/www.casanaute.fr\/boutique\/?s={search_term_string}"},"query-input":{"@type":"PropertyValueSpecification","valueRequired":true,"valueName":"search_term_string"}}],"inLanguage":"fr-FR"}]}},"_links":{"self":[{"href":"https:\/\/www.casanaute.fr\/boutique\/wp-json\/wp\/v2\/product\/9965","targetHints":{"allow":["GET"]}}],"collection":[{"href":"https:\/\/www.casanaute.fr\/boutique\/wp-json\/wp\/v2\/product"}],"about":[{"href":"https:\/\/www.casanaute.fr\/boutique\/wp-json\/wp\/v2\/types\/product"}],"replies":[{"embeddable":true,"href":"https:\/\/www.casanaute.fr\/boutique\/wp-json\/wp\/v2\/comments?post=9965"}],"wp:featuredmedia":[{"embeddable":true,"href":"https:\/\/www.casanaute.fr\/boutique\/wp-json\/wp\/v2\/media\/9964"}],"wp:attachment":[{"href":"https:\/\/www.casanaute.fr\/boutique\/wp-json\/wp\/v2\/media?parent=9965"}],"wp:term":[{"taxonomy":"product_cat","embeddable":true,"href":"https:\/\/www.casanaute.fr\/boutique\/wp-json\/wp\/v2\/product_cat?post=9965"},{"taxonomy":"product_tag","embeddable":true,"href":"https:\/\/www.casanaute.fr\/boutique\/wp-json\/wp\/v2\/product_tag?post=9965"}],"curies":[{"name":"wp","href":"https:\/\/api.w.org\/{rel}","templated":true}]}}