{"id":9951,"date":"2024-09-30T14:17:26","date_gmt":"2024-09-30T12:17:26","guid":{"rendered":"https:\/\/www.casanaute.fr\/boutique\/shop\/lave-linge-indesit-turbowash-csgw-odv2n-5\/"},"modified":"2024-09-30T14:17:26","modified_gmt":"2024-09-30T12:17:26","slug":"lave-linge-indesit-turbowash-csgw-odv2n-5","status":"publish","type":"product","link":"https:\/\/www.casanaute.fr\/boutique\/shop\/lave-linge-indesit-turbowash-csgw-odv2n-5\/","title":{"rendered":"Lave-linge Indesit TurboWash [CSGW-ODV2N-5]"},"content":{"rendered":"<h2>Compact et Efficace<\/h2>\n<p>D\u00e9couvrez un lave-linge con\u00e7u pour les espaces restreints sans compromettre les performances. <\/p>\n<h2>Taille et Capacit\u00e9<\/h2>\n<ul>\n<li>Dimensions : 40 x 90 x 60 cm<\/li>\n<li>Capacit\u00e9 : 5 kg, id\u00e9ale pour les petites familles ou les c\u00e9libataires.<\/li>\n<\/ul>\n<h2>Technologie Avanc\u00e9e<\/h2>\n<ol>\n<li><strong>Options de lavage multiples<\/strong> : Choisissez parmi une vari\u00e9t\u00e9 de programmes pour r\u00e9pondre \u00e0 vos besoins sp\u00e9cifiques.<\/li>\n<li><strong>\u00c9conomie d&rsquo;\u00e9nergie<\/strong> : Profitez des cycles \u00e9conomiques pour r\u00e9duire votre consommation d&rsquo;\u00e9nergie.<\/li>\n<li><strong>Commande intuitive<\/strong> : Avec un panneau de contr\u00f4le simple et facile \u00e0 utiliser.<\/li>\n<\/ol>\n<h2>Praticit\u00e9 et Confort<\/h2>\n<p>L&rsquo;acc\u00e8s par le haut vous permet de charger et d\u00e9charger votre linge sans effort, id\u00e9al pour les espaces limit\u00e9s.<\/p>\n<h2>Un Choix Fiable<\/h2>\n<p>La qualit\u00e9 et la fiabilit\u00e9 de la marque sont assur\u00e9es, vous permettant de b\u00e9n\u00e9ficier d&rsquo;un appareil durable et performant \u00e0 long terme.<\/p>\n<h2>Avantages<\/h2>\n<ul>\n<li>Adapt\u00e9 aux petits espaces<\/li>\n<li>Utilisation facile et intuitive<\/li>\n<li>\u00c9conome en \u00e9nergie et respectueux de l&rsquo;environnement<\/li>\n<\/ul>\n","protected":false},"excerpt":{"rendered":"<p>Compact et Efficace D\u00e9couvrez un lave-linge con\u00e7u pour les espaces restreints sans compromettre les performances. Taille et Capacit\u00e9 Dimensions : 40 x 90 x 60 cm Capacit\u00e9 : 5 kg, id\u00e9ale pour les petites familles ou les c\u00e9libataires. Technologie Avanc\u00e9e Options de lavage multiples : Choisissez parmi une vari\u00e9t\u00e9 de programmes pour r\u00e9pondre \u00e0 vos [&hellip;]<\/p>\n","protected":false},"featured_media":9950,"comment_status":"open","ping_status":"closed","template":"","meta":[],"product_cat":[92],"product_tag":[],"class_list":{"0":"post-9951","1":"product","2":"type-product","3":"status-publish","4":"has-post-thumbnail","6":"product_cat-lave-linge-top","8":"first","9":"instock","10":"shipping-taxable","11":"purchasable","12":"product-type-simple"},"yoast_head":"<!-- This site is optimized with the Yoast SEO plugin v23.5 - https:\/\/yoast.com\/wordpress\/plugins\/seo\/ -->\n<title>Lave-linge Indesit TurboWash [CSGW-ODV2N-5] - Lave-Linge pour la maison<\/title>\n<meta name=\"robots\" content=\"index, follow, max-snippet:-1, max-image-preview:large, max-video-preview:-1\" \/>\n<link rel=\"canonical\" href=\"https:\/\/www.casanaute.fr\/boutique\/shop\/lave-linge-indesit-turbowash-csgw-odv2n-5\/\" \/>\n<meta property=\"og:locale\" content=\"fr_FR\" \/>\n<meta property=\"og:type\" content=\"article\" \/>\n<meta property=\"og:title\" content=\"Lave-linge Indesit TurboWash [CSGW-ODV2N-5] - Lave-Linge pour la maison\" \/>\n<meta property=\"og:description\" content=\"Compact et Efficace D\u00e9couvrez un lave-linge con\u00e7u pour les espaces restreints sans compromettre les performances. Taille et Capacit\u00e9 Dimensions : 40 x 90 x 60 cm Capacit\u00e9 : 5 kg, id\u00e9ale pour les petites familles ou les c\u00e9libataires. Technologie Avanc\u00e9e Options de lavage multiples : Choisissez parmi une vari\u00e9t\u00e9 de programmes pour r\u00e9pondre \u00e0 vos [&hellip;]\" \/>\n<meta property=\"og:url\" content=\"https:\/\/www.casanaute.fr\/boutique\/shop\/lave-linge-indesit-turbowash-csgw-odv2n-5\/\" \/>\n<meta property=\"og:site_name\" content=\"Lave-Linge pour la maison\" \/>\n<meta name=\"twitter:card\" content=\"summary_large_image\" \/>\n<meta name=\"twitter:label1\" content=\"Dur\u00e9e de lecture estim\u00e9e\" \/>\n\t<meta name=\"twitter:data1\" content=\"1 minute\" \/>\n<script type=\"application\/ld+json\" class=\"yoast-schema-graph\">{\"@context\":\"https:\/\/schema.org\",\"@graph\":[{\"@type\":\"WebPage\",\"@id\":\"https:\/\/www.casanaute.fr\/boutique\/shop\/lave-linge-indesit-turbowash-csgw-odv2n-5\/\",\"url\":\"https:\/\/www.casanaute.fr\/boutique\/shop\/lave-linge-indesit-turbowash-csgw-odv2n-5\/\",\"name\":\"Lave-linge Indesit TurboWash [CSGW-ODV2N-5] - Lave-Linge pour la maison\",\"isPartOf\":{\"@id\":\"https:\/\/www.casanaute.fr\/boutique\/#website\"},\"primaryImageOfPage\":{\"@id\":\"https:\/\/www.casanaute.fr\/boutique\/shop\/lave-linge-indesit-turbowash-csgw-odv2n-5\/#primaryimage\"},\"image\":{\"@id\":\"https:\/\/www.casanaute.fr\/boutique\/shop\/lave-linge-indesit-turbowash-csgw-odv2n-5\/#primaryimage\"},\"thumbnailUrl\":\"https:\/\/www.casanaute.fr\/boutique\/wp-content\/uploads\/2024\/09\/1-Photoroom-1.jpg\",\"datePublished\":\"2024-09-30T12:17:26+00:00\",\"dateModified\":\"2024-09-30T12:17:26+00:00\",\"breadcrumb\":{\"@id\":\"https:\/\/www.casanaute.fr\/boutique\/shop\/lave-linge-indesit-turbowash-csgw-odv2n-5\/#breadcrumb\"},\"inLanguage\":\"fr-FR\",\"potentialAction\":[{\"@type\":\"ReadAction\",\"target\":[\"https:\/\/www.casanaute.fr\/boutique\/shop\/lave-linge-indesit-turbowash-csgw-odv2n-5\/\"]}]},{\"@type\":\"ImageObject\",\"inLanguage\":\"fr-FR\",\"@id\":\"https:\/\/www.casanaute.fr\/boutique\/shop\/lave-linge-indesit-turbowash-csgw-odv2n-5\/#primaryimage\",\"url\":\"https:\/\/www.casanaute.fr\/boutique\/wp-content\/uploads\/2024\/09\/1-Photoroom-1.jpg\",\"contentUrl\":\"https:\/\/www.casanaute.fr\/boutique\/wp-content\/uploads\/2024\/09\/1-Photoroom-1.jpg\",\"width\":1900,\"height\":1900},{\"@type\":\"BreadcrumbList\",\"@id\":\"https:\/\/www.casanaute.fr\/boutique\/shop\/lave-linge-indesit-turbowash-csgw-odv2n-5\/#breadcrumb\",\"itemListElement\":[{\"@type\":\"ListItem\",\"position\":1,\"name\":\"Home\",\"item\":\"https:\/\/www.casanaute.fr\/boutique\/\"},{\"@type\":\"ListItem\",\"position\":2,\"name\":\"Boutique\",\"item\":\"https:\/\/www.casanaute.fr\/boutique\/shop\/\"},{\"@type\":\"ListItem\",\"position\":3,\"name\":\"Lave-linge Indesit TurboWash [CSGW-ODV2N-5]\"}]},{\"@type\":\"WebSite\",\"@id\":\"https:\/\/www.casanaute.fr\/boutique\/#website\",\"url\":\"https:\/\/www.casanaute.fr\/boutique\/\",\"name\":\"Hotte Discount\",\"description\":\"\",\"potentialAction\":[{\"@type\":\"SearchAction\",\"target\":{\"@type\":\"EntryPoint\",\"urlTemplate\":\"https:\/\/www.casanaute.fr\/boutique\/?s={search_term_string}\"},\"query-input\":{\"@type\":\"PropertyValueSpecification\",\"valueRequired\":true,\"valueName\":\"search_term_string\"}}],\"inLanguage\":\"fr-FR\"}]}<\/script>\n<!-- \/ Yoast SEO plugin. -->","yoast_head_json":{"title":"Lave-linge Indesit TurboWash [CSGW-ODV2N-5] - Lave-Linge pour la maison","robots":{"index":"index","follow":"follow","max-snippet":"max-snippet:-1","max-image-preview":"max-image-preview:large","max-video-preview":"max-video-preview:-1"},"canonical":"https:\/\/www.casanaute.fr\/boutique\/shop\/lave-linge-indesit-turbowash-csgw-odv2n-5\/","og_locale":"fr_FR","og_type":"article","og_title":"Lave-linge Indesit TurboWash [CSGW-ODV2N-5] - Lave-Linge pour la maison","og_description":"Compact et Efficace D\u00e9couvrez un lave-linge con\u00e7u pour les espaces restreints sans compromettre les performances. Taille et Capacit\u00e9 Dimensions : 40 x 90 x 60 cm Capacit\u00e9 : 5 kg, id\u00e9ale pour les petites familles ou les c\u00e9libataires. Technologie Avanc\u00e9e Options de lavage multiples : Choisissez parmi une vari\u00e9t\u00e9 de programmes pour r\u00e9pondre \u00e0 vos [&hellip;]","og_url":"https:\/\/www.casanaute.fr\/boutique\/shop\/lave-linge-indesit-turbowash-csgw-odv2n-5\/","og_site_name":"Lave-Linge pour la maison","twitter_card":"summary_large_image","twitter_misc":{"Dur\u00e9e de lecture estim\u00e9e":"1 minute"},"schema":{"@context":"https:\/\/schema.org","@graph":[{"@type":"WebPage","@id":"https:\/\/www.casanaute.fr\/boutique\/shop\/lave-linge-indesit-turbowash-csgw-odv2n-5\/","url":"https:\/\/www.casanaute.fr\/boutique\/shop\/lave-linge-indesit-turbowash-csgw-odv2n-5\/","name":"Lave-linge Indesit TurboWash [CSGW-ODV2N-5] - Lave-Linge pour la maison","isPartOf":{"@id":"https:\/\/www.casanaute.fr\/boutique\/#website"},"primaryImageOfPage":{"@id":"https:\/\/www.casanaute.fr\/boutique\/shop\/lave-linge-indesit-turbowash-csgw-odv2n-5\/#primaryimage"},"image":{"@id":"https:\/\/www.casanaute.fr\/boutique\/shop\/lave-linge-indesit-turbowash-csgw-odv2n-5\/#primaryimage"},"thumbnailUrl":"https:\/\/www.casanaute.fr\/boutique\/wp-content\/uploads\/2024\/09\/1-Photoroom-1.jpg","datePublished":"2024-09-30T12:17:26+00:00","dateModified":"2024-09-30T12:17:26+00:00","breadcrumb":{"@id":"https:\/\/www.casanaute.fr\/boutique\/shop\/lave-linge-indesit-turbowash-csgw-odv2n-5\/#breadcrumb"},"inLanguage":"fr-FR","potentialAction":[{"@type":"ReadAction","target":["https:\/\/www.casanaute.fr\/boutique\/shop\/lave-linge-indesit-turbowash-csgw-odv2n-5\/"]}]},{"@type":"ImageObject","inLanguage":"fr-FR","@id":"https:\/\/www.casanaute.fr\/boutique\/shop\/lave-linge-indesit-turbowash-csgw-odv2n-5\/#primaryimage","url":"https:\/\/www.casanaute.fr\/boutique\/wp-content\/uploads\/2024\/09\/1-Photoroom-1.jpg","contentUrl":"https:\/\/www.casanaute.fr\/boutique\/wp-content\/uploads\/2024\/09\/1-Photoroom-1.jpg","width":1900,"height":1900},{"@type":"BreadcrumbList","@id":"https:\/\/www.casanaute.fr\/boutique\/shop\/lave-linge-indesit-turbowash-csgw-odv2n-5\/#breadcrumb","itemListElement":[{"@type":"ListItem","position":1,"name":"Home","item":"https:\/\/www.casanaute.fr\/boutique\/"},{"@type":"ListItem","position":2,"name":"Boutique","item":"https:\/\/www.casanaute.fr\/boutique\/shop\/"},{"@type":"ListItem","position":3,"name":"Lave-linge Indesit TurboWash [CSGW-ODV2N-5]"}]},{"@type":"WebSite","@id":"https:\/\/www.casanaute.fr\/boutique\/#website","url":"https:\/\/www.casanaute.fr\/boutique\/","name":"Hotte Discount","description":"","potentialAction":[{"@type":"SearchAction","target":{"@type":"EntryPoint","urlTemplate":"https:\/\/www.casanaute.fr\/boutique\/?s={search_term_string}"},"query-input":{"@type":"PropertyValueSpecification","valueRequired":true,"valueName":"search_term_string"}}],"inLanguage":"fr-FR"}]}},"_links":{"self":[{"href":"https:\/\/www.casanaute.fr\/boutique\/wp-json\/wp\/v2\/product\/9951","targetHints":{"allow":["GET"]}}],"collection":[{"href":"https:\/\/www.casanaute.fr\/boutique\/wp-json\/wp\/v2\/product"}],"about":[{"href":"https:\/\/www.casanaute.fr\/boutique\/wp-json\/wp\/v2\/types\/product"}],"replies":[{"embeddable":true,"href":"https:\/\/www.casanaute.fr\/boutique\/wp-json\/wp\/v2\/comments?post=9951"}],"wp:featuredmedia":[{"embeddable":true,"href":"https:\/\/www.casanaute.fr\/boutique\/wp-json\/wp\/v2\/media\/9950"}],"wp:attachment":[{"href":"https:\/\/www.casanaute.fr\/boutique\/wp-json\/wp\/v2\/media?parent=9951"}],"wp:term":[{"taxonomy":"product_cat","embeddable":true,"href":"https:\/\/www.casanaute.fr\/boutique\/wp-json\/wp\/v2\/product_cat?post=9951"},{"taxonomy":"product_tag","embeddable":true,"href":"https:\/\/www.casanaute.fr\/boutique\/wp-json\/wp\/v2\/product_tag?post=9951"}],"curies":[{"name":"wp","href":"https:\/\/api.w.org\/{rel}","templated":true}]}}