{"id":9945,"date":"2024-09-30T14:17:16","date_gmt":"2024-09-30T12:17:16","guid":{"rendered":"https:\/\/www.casanaute.fr\/boutique\/shop\/lave-linge-electrolux-a-efficacite-energetique-a-dzxhh813-j-a\/"},"modified":"2024-09-30T14:17:16","modified_gmt":"2024-09-30T12:17:16","slug":"lave-linge-electrolux-a-efficacite-energetique-a-dzxhh813-j-a","status":"publish","type":"product","link":"https:\/\/www.casanaute.fr\/boutique\/shop\/lave-linge-electrolux-a-efficacite-energetique-a-dzxhh813-j-a\/","title":{"rendered":"Lave-linge Electrolux \u00e0 Efficacit\u00e9 \u00c9nerg\u00e9tique A+++   [DZXHH813-J-A]"},"content":{"rendered":"<h2>Pratique et Spacieux<\/h2>\n<p>D\u00e9couvrez un lave-linge qui allie performance, \u00e9l\u00e9gance et espace. Avec une capacit\u00e9 g\u00e9n\u00e9reuse de 9 kg, il est id\u00e9al pour les familles nombreuses ou les grandes lessives.<\/p>\n<h2>Dimensions Compactes<\/h2>\n<ul>\n<li>Largeur : 59.7 cm<\/li>\n<li>Hauteur : 84.7 cm<\/li>\n<li>Profondeur : 63.6 cm<\/li>\n<\/ul>\n<p>S&rsquo;int\u00e8gre facilement dans votre buanderie sans compromettre sur la capacit\u00e9 de lavage.<\/p>\n<h2>Innovation et Efficacit\u00e9<\/h2>\n<p>\u00c9quip\u00e9 des derni\u00e8res technologies, ce lave-linge assure un soin optimal de vos v\u00eatements. Les programmes de lavage sont con\u00e7us pour s&rsquo;adapter \u00e0 diff\u00e9rents types de tissus et niveaux de salet\u00e9.<\/p>\n<ul>\n<li>Technologie SensiCare pour ajuster le cycle en fonction de la charge<\/li>\n<li>Option TimeManager\u2122 pour r\u00e9gler la dur\u00e9e du cycle<\/li>\n<li>Syst\u00e8me Anti-Allergie pour \u00e9liminer les allerg\u00e8nes<\/li>\n<\/ul>\n<h2>Facilit\u00e9 d&rsquo;utilisation<\/h2>\n<p>Avec son hublot large et ergonomique, le chargement et le d\u00e9chargement sont simplifi\u00e9s. Le tableau de commande intuitif permet une s\u00e9lection rapide et facile des programmes.<\/p>\n<h2>\u00c9conomies d&rsquo;\u00e9nergie<\/h2>\n<p>Ce lave-linge est non seulement performant mais aussi \u00e9conome en \u00e9nergie, vous permettant de faire des \u00e9conomies sur vos factures tout en respectant l&rsquo;environnement.<\/p>\n<ul>\n<li>Classe \u00e9nerg\u00e9tique A+++<\/li>\n<li>Consommation d&rsquo;eau optimale<\/li>\n<\/ul>\n<p>Lave et pr\u00e9serve vos v\u00eatements tout en offrant confort et efficacit\u00e9.<\/p>\n","protected":false},"excerpt":{"rendered":"<p>Pratique et Spacieux D\u00e9couvrez un lave-linge qui allie performance, \u00e9l\u00e9gance et espace. Avec une capacit\u00e9 g\u00e9n\u00e9reuse de 9 kg, il est id\u00e9al pour les familles nombreuses ou les grandes lessives. Dimensions Compactes Largeur : 59.7 cm Hauteur : 84.7 cm Profondeur : 63.6 cm S&rsquo;int\u00e8gre facilement dans votre buanderie sans compromettre sur la capacit\u00e9 de [&hellip;]<\/p>\n","protected":false},"featured_media":9944,"comment_status":"open","ping_status":"closed","template":"","meta":[],"product_cat":[93],"product_tag":[],"class_list":{"0":"post-9945","1":"product","2":"type-product","3":"status-publish","4":"has-post-thumbnail","6":"product_cat-lave-linge-hublot","8":"first","9":"instock","10":"shipping-taxable","11":"purchasable","12":"product-type-simple"},"yoast_head":"<!-- This site is optimized with the Yoast SEO plugin v23.5 - https:\/\/yoast.com\/wordpress\/plugins\/seo\/ -->\n<title>Lave-linge Electrolux \u00e0 Efficacit\u00e9 \u00c9nerg\u00e9tique A+++  [DZXHH813-J-A] - Lave-Linge pour la maison<\/title>\n<meta name=\"robots\" content=\"index, follow, max-snippet:-1, max-image-preview:large, max-video-preview:-1\" \/>\n<link rel=\"canonical\" href=\"https:\/\/www.casanaute.fr\/boutique\/shop\/lave-linge-electrolux-a-efficacite-energetique-a-dzxhh813-j-a\/\" \/>\n<meta property=\"og:locale\" content=\"fr_FR\" \/>\n<meta property=\"og:type\" content=\"article\" \/>\n<meta property=\"og:title\" content=\"Lave-linge Electrolux \u00e0 Efficacit\u00e9 \u00c9nerg\u00e9tique A+++  [DZXHH813-J-A] - Lave-Linge pour la maison\" \/>\n<meta property=\"og:description\" content=\"Pratique et Spacieux D\u00e9couvrez un lave-linge qui allie performance, \u00e9l\u00e9gance et espace. Avec une capacit\u00e9 g\u00e9n\u00e9reuse de 9 kg, il est id\u00e9al pour les familles nombreuses ou les grandes lessives. Dimensions Compactes Largeur : 59.7 cm Hauteur : 84.7 cm Profondeur : 63.6 cm S&rsquo;int\u00e8gre facilement dans votre buanderie sans compromettre sur la capacit\u00e9 de [&hellip;]\" \/>\n<meta property=\"og:url\" content=\"https:\/\/www.casanaute.fr\/boutique\/shop\/lave-linge-electrolux-a-efficacite-energetique-a-dzxhh813-j-a\/\" \/>\n<meta property=\"og:site_name\" content=\"Lave-Linge pour la maison\" \/>\n<meta name=\"twitter:card\" content=\"summary_large_image\" \/>\n<meta name=\"twitter:label1\" content=\"Dur\u00e9e de lecture estim\u00e9e\" \/>\n\t<meta name=\"twitter:data1\" content=\"1 minute\" \/>\n<script type=\"application\/ld+json\" class=\"yoast-schema-graph\">{\"@context\":\"https:\/\/schema.org\",\"@graph\":[{\"@type\":\"WebPage\",\"@id\":\"https:\/\/www.casanaute.fr\/boutique\/shop\/lave-linge-electrolux-a-efficacite-energetique-a-dzxhh813-j-a\/\",\"url\":\"https:\/\/www.casanaute.fr\/boutique\/shop\/lave-linge-electrolux-a-efficacite-energetique-a-dzxhh813-j-a\/\",\"name\":\"Lave-linge Electrolux \u00e0 Efficacit\u00e9 \u00c9nerg\u00e9tique A+++ [DZXHH813-J-A] - Lave-Linge pour la maison\",\"isPartOf\":{\"@id\":\"https:\/\/www.casanaute.fr\/boutique\/#website\"},\"primaryImageOfPage\":{\"@id\":\"https:\/\/www.casanaute.fr\/boutique\/shop\/lave-linge-electrolux-a-efficacite-energetique-a-dzxhh813-j-a\/#primaryimage\"},\"image\":{\"@id\":\"https:\/\/www.casanaute.fr\/boutique\/shop\/lave-linge-electrolux-a-efficacite-energetique-a-dzxhh813-j-a\/#primaryimage\"},\"thumbnailUrl\":\"https:\/\/www.casanaute.fr\/boutique\/wp-content\/uploads\/2024\/09\/122-Photoroom-8.jpg\",\"datePublished\":\"2024-09-30T12:17:16+00:00\",\"dateModified\":\"2024-09-30T12:17:16+00:00\",\"breadcrumb\":{\"@id\":\"https:\/\/www.casanaute.fr\/boutique\/shop\/lave-linge-electrolux-a-efficacite-energetique-a-dzxhh813-j-a\/#breadcrumb\"},\"inLanguage\":\"fr-FR\",\"potentialAction\":[{\"@type\":\"ReadAction\",\"target\":[\"https:\/\/www.casanaute.fr\/boutique\/shop\/lave-linge-electrolux-a-efficacite-energetique-a-dzxhh813-j-a\/\"]}]},{\"@type\":\"ImageObject\",\"inLanguage\":\"fr-FR\",\"@id\":\"https:\/\/www.casanaute.fr\/boutique\/shop\/lave-linge-electrolux-a-efficacite-energetique-a-dzxhh813-j-a\/#primaryimage\",\"url\":\"https:\/\/www.casanaute.fr\/boutique\/wp-content\/uploads\/2024\/09\/122-Photoroom-8.jpg\",\"contentUrl\":\"https:\/\/www.casanaute.fr\/boutique\/wp-content\/uploads\/2024\/09\/122-Photoroom-8.jpg\",\"width\":1900,\"height\":1900},{\"@type\":\"BreadcrumbList\",\"@id\":\"https:\/\/www.casanaute.fr\/boutique\/shop\/lave-linge-electrolux-a-efficacite-energetique-a-dzxhh813-j-a\/#breadcrumb\",\"itemListElement\":[{\"@type\":\"ListItem\",\"position\":1,\"name\":\"Home\",\"item\":\"https:\/\/www.casanaute.fr\/boutique\/\"},{\"@type\":\"ListItem\",\"position\":2,\"name\":\"Boutique\",\"item\":\"https:\/\/www.casanaute.fr\/boutique\/shop\/\"},{\"@type\":\"ListItem\",\"position\":3,\"name\":\"Lave-linge Electrolux \u00e0 Efficacit\u00e9 \u00c9nerg\u00e9tique A+++ [DZXHH813-J-A]\"}]},{\"@type\":\"WebSite\",\"@id\":\"https:\/\/www.casanaute.fr\/boutique\/#website\",\"url\":\"https:\/\/www.casanaute.fr\/boutique\/\",\"name\":\"Hotte Discount\",\"description\":\"\",\"potentialAction\":[{\"@type\":\"SearchAction\",\"target\":{\"@type\":\"EntryPoint\",\"urlTemplate\":\"https:\/\/www.casanaute.fr\/boutique\/?s={search_term_string}\"},\"query-input\":{\"@type\":\"PropertyValueSpecification\",\"valueRequired\":true,\"valueName\":\"search_term_string\"}}],\"inLanguage\":\"fr-FR\"}]}<\/script>\n<!-- \/ Yoast SEO plugin. -->","yoast_head_json":{"title":"Lave-linge Electrolux \u00e0 Efficacit\u00e9 \u00c9nerg\u00e9tique A+++  [DZXHH813-J-A] - Lave-Linge pour la maison","robots":{"index":"index","follow":"follow","max-snippet":"max-snippet:-1","max-image-preview":"max-image-preview:large","max-video-preview":"max-video-preview:-1"},"canonical":"https:\/\/www.casanaute.fr\/boutique\/shop\/lave-linge-electrolux-a-efficacite-energetique-a-dzxhh813-j-a\/","og_locale":"fr_FR","og_type":"article","og_title":"Lave-linge Electrolux \u00e0 Efficacit\u00e9 \u00c9nerg\u00e9tique A+++  [DZXHH813-J-A] - Lave-Linge pour la maison","og_description":"Pratique et Spacieux D\u00e9couvrez un lave-linge qui allie performance, \u00e9l\u00e9gance et espace. Avec une capacit\u00e9 g\u00e9n\u00e9reuse de 9 kg, il est id\u00e9al pour les familles nombreuses ou les grandes lessives. Dimensions Compactes Largeur : 59.7 cm Hauteur : 84.7 cm Profondeur : 63.6 cm S&rsquo;int\u00e8gre facilement dans votre buanderie sans compromettre sur la capacit\u00e9 de [&hellip;]","og_url":"https:\/\/www.casanaute.fr\/boutique\/shop\/lave-linge-electrolux-a-efficacite-energetique-a-dzxhh813-j-a\/","og_site_name":"Lave-Linge pour la maison","twitter_card":"summary_large_image","twitter_misc":{"Dur\u00e9e de lecture estim\u00e9e":"1 minute"},"schema":{"@context":"https:\/\/schema.org","@graph":[{"@type":"WebPage","@id":"https:\/\/www.casanaute.fr\/boutique\/shop\/lave-linge-electrolux-a-efficacite-energetique-a-dzxhh813-j-a\/","url":"https:\/\/www.casanaute.fr\/boutique\/shop\/lave-linge-electrolux-a-efficacite-energetique-a-dzxhh813-j-a\/","name":"Lave-linge Electrolux \u00e0 Efficacit\u00e9 \u00c9nerg\u00e9tique A+++ [DZXHH813-J-A] - Lave-Linge pour la maison","isPartOf":{"@id":"https:\/\/www.casanaute.fr\/boutique\/#website"},"primaryImageOfPage":{"@id":"https:\/\/www.casanaute.fr\/boutique\/shop\/lave-linge-electrolux-a-efficacite-energetique-a-dzxhh813-j-a\/#primaryimage"},"image":{"@id":"https:\/\/www.casanaute.fr\/boutique\/shop\/lave-linge-electrolux-a-efficacite-energetique-a-dzxhh813-j-a\/#primaryimage"},"thumbnailUrl":"https:\/\/www.casanaute.fr\/boutique\/wp-content\/uploads\/2024\/09\/122-Photoroom-8.jpg","datePublished":"2024-09-30T12:17:16+00:00","dateModified":"2024-09-30T12:17:16+00:00","breadcrumb":{"@id":"https:\/\/www.casanaute.fr\/boutique\/shop\/lave-linge-electrolux-a-efficacite-energetique-a-dzxhh813-j-a\/#breadcrumb"},"inLanguage":"fr-FR","potentialAction":[{"@type":"ReadAction","target":["https:\/\/www.casanaute.fr\/boutique\/shop\/lave-linge-electrolux-a-efficacite-energetique-a-dzxhh813-j-a\/"]}]},{"@type":"ImageObject","inLanguage":"fr-FR","@id":"https:\/\/www.casanaute.fr\/boutique\/shop\/lave-linge-electrolux-a-efficacite-energetique-a-dzxhh813-j-a\/#primaryimage","url":"https:\/\/www.casanaute.fr\/boutique\/wp-content\/uploads\/2024\/09\/122-Photoroom-8.jpg","contentUrl":"https:\/\/www.casanaute.fr\/boutique\/wp-content\/uploads\/2024\/09\/122-Photoroom-8.jpg","width":1900,"height":1900},{"@type":"BreadcrumbList","@id":"https:\/\/www.casanaute.fr\/boutique\/shop\/lave-linge-electrolux-a-efficacite-energetique-a-dzxhh813-j-a\/#breadcrumb","itemListElement":[{"@type":"ListItem","position":1,"name":"Home","item":"https:\/\/www.casanaute.fr\/boutique\/"},{"@type":"ListItem","position":2,"name":"Boutique","item":"https:\/\/www.casanaute.fr\/boutique\/shop\/"},{"@type":"ListItem","position":3,"name":"Lave-linge Electrolux \u00e0 Efficacit\u00e9 \u00c9nerg\u00e9tique A+++ [DZXHH813-J-A]"}]},{"@type":"WebSite","@id":"https:\/\/www.casanaute.fr\/boutique\/#website","url":"https:\/\/www.casanaute.fr\/boutique\/","name":"Hotte Discount","description":"","potentialAction":[{"@type":"SearchAction","target":{"@type":"EntryPoint","urlTemplate":"https:\/\/www.casanaute.fr\/boutique\/?s={search_term_string}"},"query-input":{"@type":"PropertyValueSpecification","valueRequired":true,"valueName":"search_term_string"}}],"inLanguage":"fr-FR"}]}},"_links":{"self":[{"href":"https:\/\/www.casanaute.fr\/boutique\/wp-json\/wp\/v2\/product\/9945","targetHints":{"allow":["GET"]}}],"collection":[{"href":"https:\/\/www.casanaute.fr\/boutique\/wp-json\/wp\/v2\/product"}],"about":[{"href":"https:\/\/www.casanaute.fr\/boutique\/wp-json\/wp\/v2\/types\/product"}],"replies":[{"embeddable":true,"href":"https:\/\/www.casanaute.fr\/boutique\/wp-json\/wp\/v2\/comments?post=9945"}],"wp:featuredmedia":[{"embeddable":true,"href":"https:\/\/www.casanaute.fr\/boutique\/wp-json\/wp\/v2\/media\/9944"}],"wp:attachment":[{"href":"https:\/\/www.casanaute.fr\/boutique\/wp-json\/wp\/v2\/media?parent=9945"}],"wp:term":[{"taxonomy":"product_cat","embeddable":true,"href":"https:\/\/www.casanaute.fr\/boutique\/wp-json\/wp\/v2\/product_cat?post=9945"},{"taxonomy":"product_tag","embeddable":true,"href":"https:\/\/www.casanaute.fr\/boutique\/wp-json\/wp\/v2\/product_tag?post=9945"}],"curies":[{"name":"wp","href":"https:\/\/api.w.org\/{rel}","templated":true}]}}