{"id":9937,"date":"2024-09-30T14:17:00","date_gmt":"2024-09-30T12:17:00","guid":{"rendered":"https:\/\/www.casanaute.fr\/boutique\/shop\/lave-linge-electrolux-a-capteur-de-charge-21ls4tgx-8-b\/"},"modified":"2024-09-30T14:17:00","modified_gmt":"2024-09-30T12:17:00","slug":"lave-linge-electrolux-a-capteur-de-charge-21ls4tgx-8-b","status":"publish","type":"product","link":"https:\/\/www.casanaute.fr\/boutique\/shop\/lave-linge-electrolux-a-capteur-de-charge-21ls4tgx-8-b\/","title":{"rendered":"Lave-linge Electrolux \u00e0 Capteur de Charge   [21LS4TGX-8-B]"},"content":{"rendered":"<h2>D\u00e9couvrez l&rsquo;efficacit\u00e9 et la performance<\/h2>\n<p>Transformez votre corv\u00e9e de lessive en une t\u00e2che rapide et efficace avec ce lave-linge hublot. Profitez d&rsquo;une capacit\u00e9 g\u00e9n\u00e9reuse de 9 kg qui vous permet de laver une grande quantit\u00e9 de linge en une seule fois, parfait pour les familles nombreuses.<\/p>\n<h2>Des technologies avanc\u00e9es pour un lavage optimal<\/h2>\n<p>Avec ses dimensions compactes de 59.7 x 84.7 x 63.6 cm, ce lave-linge s&rsquo;int\u00e8gre facilement dans n&rsquo;importe quel espace. Mais ne vous laissez pas tromper par sa taille; il regorge de fonctionnalit\u00e9s avanc\u00e9es :<\/p>\n<ul>\n<li><strong>Syst\u00e8me SensiCare :<\/strong> Ajuste automatiquement le temps de lavage, la consommation d&rsquo;eau et d&rsquo;\u00e9nergie en fonction de la charge.<\/li>\n<li><strong>Option SoftPlus :<\/strong> Assure une distribution uniforme de l&rsquo;assouplissant pour un linge toujours doux.<\/li>\n<li><strong>D\u00e9part diff\u00e9r\u00e9 :<\/strong> Programmez vos lessives pour qu&rsquo;elles se terminent au moment qui vous convient le mieux.<\/li>\n<\/ul>\n<h2>\u00c9conomie et \u00e9cologie<\/h2>\n<p>Ce lave-linge est con\u00e7u pour r\u00e9duire la consommation d&rsquo;eau et d&rsquo;\u00e9nergie, sans compromettre la qualit\u00e9 du lavage :<\/p>\n<ol>\n<li>Classe \u00e9nerg\u00e9tique A+++, garantissant une utilisation \u00e9conomique.<\/li>\n<li>Fonction Eco TimeManager, permettant de choisir des cycles plus courts tout en maintenant une efficacit\u00e9 de lavage optimale.<\/li>\n<\/ol>\n<h2>Facilit\u00e9 d&rsquo;utilisation<\/h2>\n<p>Ce mod\u00e8le dispose d&rsquo;une interface utilisateur intuitive et d&rsquo;un grand hublot facilitant le chargement et le d\u00e9chargement du linge. Optez pour ce lave-linge pour une exp\u00e9rience de lavage r\u00e9volutionnaire.<\/p>\n","protected":false},"excerpt":{"rendered":"<p>D\u00e9couvrez l&rsquo;efficacit\u00e9 et la performance Transformez votre corv\u00e9e de lessive en une t\u00e2che rapide et efficace avec ce lave-linge hublot. Profitez d&rsquo;une capacit\u00e9 g\u00e9n\u00e9reuse de 9 kg qui vous permet de laver une grande quantit\u00e9 de linge en une seule fois, parfait pour les familles nombreuses. Des technologies avanc\u00e9es pour un lavage optimal Avec ses [&hellip;]<\/p>\n","protected":false},"featured_media":9936,"comment_status":"open","ping_status":"closed","template":"","meta":[],"product_cat":[93],"product_tag":[],"class_list":{"0":"post-9937","1":"product","2":"type-product","3":"status-publish","4":"has-post-thumbnail","6":"product_cat-lave-linge-hublot","8":"first","9":"instock","10":"shipping-taxable","11":"purchasable","12":"product-type-simple"},"yoast_head":"<!-- This site is optimized with the Yoast SEO plugin v23.5 - https:\/\/yoast.com\/wordpress\/plugins\/seo\/ -->\n<title>Lave-linge Electrolux \u00e0 Capteur de Charge  [21LS4TGX-8-B] - Lave-Linge pour la maison<\/title>\n<meta name=\"robots\" content=\"index, follow, max-snippet:-1, max-image-preview:large, max-video-preview:-1\" \/>\n<link rel=\"canonical\" href=\"https:\/\/www.casanaute.fr\/boutique\/shop\/lave-linge-electrolux-a-capteur-de-charge-21ls4tgx-8-b\/\" \/>\n<meta property=\"og:locale\" content=\"fr_FR\" \/>\n<meta property=\"og:type\" content=\"article\" \/>\n<meta property=\"og:title\" content=\"Lave-linge Electrolux \u00e0 Capteur de Charge  [21LS4TGX-8-B] - Lave-Linge pour la maison\" \/>\n<meta property=\"og:description\" content=\"D\u00e9couvrez l&rsquo;efficacit\u00e9 et la performance Transformez votre corv\u00e9e de lessive en une t\u00e2che rapide et efficace avec ce lave-linge hublot. Profitez d&rsquo;une capacit\u00e9 g\u00e9n\u00e9reuse de 9 kg qui vous permet de laver une grande quantit\u00e9 de linge en une seule fois, parfait pour les familles nombreuses. Des technologies avanc\u00e9es pour un lavage optimal Avec ses [&hellip;]\" \/>\n<meta property=\"og:url\" content=\"https:\/\/www.casanaute.fr\/boutique\/shop\/lave-linge-electrolux-a-capteur-de-charge-21ls4tgx-8-b\/\" \/>\n<meta property=\"og:site_name\" content=\"Lave-Linge pour la maison\" \/>\n<meta name=\"twitter:card\" content=\"summary_large_image\" \/>\n<meta name=\"twitter:label1\" content=\"Dur\u00e9e de lecture estim\u00e9e\" \/>\n\t<meta name=\"twitter:data1\" content=\"1 minute\" \/>\n<script type=\"application\/ld+json\" class=\"yoast-schema-graph\">{\"@context\":\"https:\/\/schema.org\",\"@graph\":[{\"@type\":\"WebPage\",\"@id\":\"https:\/\/www.casanaute.fr\/boutique\/shop\/lave-linge-electrolux-a-capteur-de-charge-21ls4tgx-8-b\/\",\"url\":\"https:\/\/www.casanaute.fr\/boutique\/shop\/lave-linge-electrolux-a-capteur-de-charge-21ls4tgx-8-b\/\",\"name\":\"Lave-linge Electrolux \u00e0 Capteur de Charge [21LS4TGX-8-B] - Lave-Linge pour la maison\",\"isPartOf\":{\"@id\":\"https:\/\/www.casanaute.fr\/boutique\/#website\"},\"primaryImageOfPage\":{\"@id\":\"https:\/\/www.casanaute.fr\/boutique\/shop\/lave-linge-electrolux-a-capteur-de-charge-21ls4tgx-8-b\/#primaryimage\"},\"image\":{\"@id\":\"https:\/\/www.casanaute.fr\/boutique\/shop\/lave-linge-electrolux-a-capteur-de-charge-21ls4tgx-8-b\/#primaryimage\"},\"thumbnailUrl\":\"https:\/\/www.casanaute.fr\/boutique\/wp-content\/uploads\/2024\/09\/122-Photoroom-4.jpg\",\"datePublished\":\"2024-09-30T12:17:00+00:00\",\"dateModified\":\"2024-09-30T12:17:00+00:00\",\"breadcrumb\":{\"@id\":\"https:\/\/www.casanaute.fr\/boutique\/shop\/lave-linge-electrolux-a-capteur-de-charge-21ls4tgx-8-b\/#breadcrumb\"},\"inLanguage\":\"fr-FR\",\"potentialAction\":[{\"@type\":\"ReadAction\",\"target\":[\"https:\/\/www.casanaute.fr\/boutique\/shop\/lave-linge-electrolux-a-capteur-de-charge-21ls4tgx-8-b\/\"]}]},{\"@type\":\"ImageObject\",\"inLanguage\":\"fr-FR\",\"@id\":\"https:\/\/www.casanaute.fr\/boutique\/shop\/lave-linge-electrolux-a-capteur-de-charge-21ls4tgx-8-b\/#primaryimage\",\"url\":\"https:\/\/www.casanaute.fr\/boutique\/wp-content\/uploads\/2024\/09\/122-Photoroom-4.jpg\",\"contentUrl\":\"https:\/\/www.casanaute.fr\/boutique\/wp-content\/uploads\/2024\/09\/122-Photoroom-4.jpg\",\"width\":1900,\"height\":1900},{\"@type\":\"BreadcrumbList\",\"@id\":\"https:\/\/www.casanaute.fr\/boutique\/shop\/lave-linge-electrolux-a-capteur-de-charge-21ls4tgx-8-b\/#breadcrumb\",\"itemListElement\":[{\"@type\":\"ListItem\",\"position\":1,\"name\":\"Home\",\"item\":\"https:\/\/www.casanaute.fr\/boutique\/\"},{\"@type\":\"ListItem\",\"position\":2,\"name\":\"Boutique\",\"item\":\"https:\/\/www.casanaute.fr\/boutique\/shop\/\"},{\"@type\":\"ListItem\",\"position\":3,\"name\":\"Lave-linge Electrolux \u00e0 Capteur de Charge [21LS4TGX-8-B]\"}]},{\"@type\":\"WebSite\",\"@id\":\"https:\/\/www.casanaute.fr\/boutique\/#website\",\"url\":\"https:\/\/www.casanaute.fr\/boutique\/\",\"name\":\"Hotte Discount\",\"description\":\"\",\"potentialAction\":[{\"@type\":\"SearchAction\",\"target\":{\"@type\":\"EntryPoint\",\"urlTemplate\":\"https:\/\/www.casanaute.fr\/boutique\/?s={search_term_string}\"},\"query-input\":{\"@type\":\"PropertyValueSpecification\",\"valueRequired\":true,\"valueName\":\"search_term_string\"}}],\"inLanguage\":\"fr-FR\"}]}<\/script>\n<!-- \/ Yoast SEO plugin. -->","yoast_head_json":{"title":"Lave-linge Electrolux \u00e0 Capteur de Charge  [21LS4TGX-8-B] - Lave-Linge pour la maison","robots":{"index":"index","follow":"follow","max-snippet":"max-snippet:-1","max-image-preview":"max-image-preview:large","max-video-preview":"max-video-preview:-1"},"canonical":"https:\/\/www.casanaute.fr\/boutique\/shop\/lave-linge-electrolux-a-capteur-de-charge-21ls4tgx-8-b\/","og_locale":"fr_FR","og_type":"article","og_title":"Lave-linge Electrolux \u00e0 Capteur de Charge  [21LS4TGX-8-B] - Lave-Linge pour la maison","og_description":"D\u00e9couvrez l&rsquo;efficacit\u00e9 et la performance Transformez votre corv\u00e9e de lessive en une t\u00e2che rapide et efficace avec ce lave-linge hublot. Profitez d&rsquo;une capacit\u00e9 g\u00e9n\u00e9reuse de 9 kg qui vous permet de laver une grande quantit\u00e9 de linge en une seule fois, parfait pour les familles nombreuses. Des technologies avanc\u00e9es pour un lavage optimal Avec ses [&hellip;]","og_url":"https:\/\/www.casanaute.fr\/boutique\/shop\/lave-linge-electrolux-a-capteur-de-charge-21ls4tgx-8-b\/","og_site_name":"Lave-Linge pour la maison","twitter_card":"summary_large_image","twitter_misc":{"Dur\u00e9e de lecture estim\u00e9e":"1 minute"},"schema":{"@context":"https:\/\/schema.org","@graph":[{"@type":"WebPage","@id":"https:\/\/www.casanaute.fr\/boutique\/shop\/lave-linge-electrolux-a-capteur-de-charge-21ls4tgx-8-b\/","url":"https:\/\/www.casanaute.fr\/boutique\/shop\/lave-linge-electrolux-a-capteur-de-charge-21ls4tgx-8-b\/","name":"Lave-linge Electrolux \u00e0 Capteur de Charge [21LS4TGX-8-B] - Lave-Linge pour la maison","isPartOf":{"@id":"https:\/\/www.casanaute.fr\/boutique\/#website"},"primaryImageOfPage":{"@id":"https:\/\/www.casanaute.fr\/boutique\/shop\/lave-linge-electrolux-a-capteur-de-charge-21ls4tgx-8-b\/#primaryimage"},"image":{"@id":"https:\/\/www.casanaute.fr\/boutique\/shop\/lave-linge-electrolux-a-capteur-de-charge-21ls4tgx-8-b\/#primaryimage"},"thumbnailUrl":"https:\/\/www.casanaute.fr\/boutique\/wp-content\/uploads\/2024\/09\/122-Photoroom-4.jpg","datePublished":"2024-09-30T12:17:00+00:00","dateModified":"2024-09-30T12:17:00+00:00","breadcrumb":{"@id":"https:\/\/www.casanaute.fr\/boutique\/shop\/lave-linge-electrolux-a-capteur-de-charge-21ls4tgx-8-b\/#breadcrumb"},"inLanguage":"fr-FR","potentialAction":[{"@type":"ReadAction","target":["https:\/\/www.casanaute.fr\/boutique\/shop\/lave-linge-electrolux-a-capteur-de-charge-21ls4tgx-8-b\/"]}]},{"@type":"ImageObject","inLanguage":"fr-FR","@id":"https:\/\/www.casanaute.fr\/boutique\/shop\/lave-linge-electrolux-a-capteur-de-charge-21ls4tgx-8-b\/#primaryimage","url":"https:\/\/www.casanaute.fr\/boutique\/wp-content\/uploads\/2024\/09\/122-Photoroom-4.jpg","contentUrl":"https:\/\/www.casanaute.fr\/boutique\/wp-content\/uploads\/2024\/09\/122-Photoroom-4.jpg","width":1900,"height":1900},{"@type":"BreadcrumbList","@id":"https:\/\/www.casanaute.fr\/boutique\/shop\/lave-linge-electrolux-a-capteur-de-charge-21ls4tgx-8-b\/#breadcrumb","itemListElement":[{"@type":"ListItem","position":1,"name":"Home","item":"https:\/\/www.casanaute.fr\/boutique\/"},{"@type":"ListItem","position":2,"name":"Boutique","item":"https:\/\/www.casanaute.fr\/boutique\/shop\/"},{"@type":"ListItem","position":3,"name":"Lave-linge Electrolux \u00e0 Capteur de Charge [21LS4TGX-8-B]"}]},{"@type":"WebSite","@id":"https:\/\/www.casanaute.fr\/boutique\/#website","url":"https:\/\/www.casanaute.fr\/boutique\/","name":"Hotte Discount","description":"","potentialAction":[{"@type":"SearchAction","target":{"@type":"EntryPoint","urlTemplate":"https:\/\/www.casanaute.fr\/boutique\/?s={search_term_string}"},"query-input":{"@type":"PropertyValueSpecification","valueRequired":true,"valueName":"search_term_string"}}],"inLanguage":"fr-FR"}]}},"_links":{"self":[{"href":"https:\/\/www.casanaute.fr\/boutique\/wp-json\/wp\/v2\/product\/9937","targetHints":{"allow":["GET"]}}],"collection":[{"href":"https:\/\/www.casanaute.fr\/boutique\/wp-json\/wp\/v2\/product"}],"about":[{"href":"https:\/\/www.casanaute.fr\/boutique\/wp-json\/wp\/v2\/types\/product"}],"replies":[{"embeddable":true,"href":"https:\/\/www.casanaute.fr\/boutique\/wp-json\/wp\/v2\/comments?post=9937"}],"wp:featuredmedia":[{"embeddable":true,"href":"https:\/\/www.casanaute.fr\/boutique\/wp-json\/wp\/v2\/media\/9936"}],"wp:attachment":[{"href":"https:\/\/www.casanaute.fr\/boutique\/wp-json\/wp\/v2\/media?parent=9937"}],"wp:term":[{"taxonomy":"product_cat","embeddable":true,"href":"https:\/\/www.casanaute.fr\/boutique\/wp-json\/wp\/v2\/product_cat?post=9937"},{"taxonomy":"product_tag","embeddable":true,"href":"https:\/\/www.casanaute.fr\/boutique\/wp-json\/wp\/v2\/product_tag?post=9937"}],"curies":[{"name":"wp","href":"https:\/\/api.w.org\/{rel}","templated":true}]}}