{"id":9935,"date":"2024-09-30T14:16:57","date_gmt":"2024-09-30T12:16:57","guid":{"rendered":"https:\/\/www.casanaute.fr\/boutique\/shop\/lave-linge-electrolux-avec-fonction-vapeur-t797b-uk9-oi\/"},"modified":"2024-09-30T14:16:57","modified_gmt":"2024-09-30T12:16:57","slug":"lave-linge-electrolux-avec-fonction-vapeur-t797b-uk9-oi","status":"publish","type":"product","link":"https:\/\/www.casanaute.fr\/boutique\/shop\/lave-linge-electrolux-avec-fonction-vapeur-t797b-uk9-oi\/","title":{"rendered":"Lave-linge Electrolux avec Fonction Vapeur   [T797B-UK9-OI]"},"content":{"rendered":"<h2>Lave-linge performant et spacieux<\/h2>\n<p>D\u00e9couvrez une exp\u00e9rience de lavage optimale avec notre lave-linge hublot, alliant efficacit\u00e9 et capacit\u00e9 g\u00e9n\u00e9reuse.<\/p>\n<h2>Caract\u00e9ristiques techniques<\/h2>\n<ul>\n<li>Dimensions : 59.7 x 84.7 x 63.6 cm (L x H x P)<\/li>\n<li>Capacit\u00e9 : 9 kg<\/li>\n<li>Technologie d&rsquo;\u00e9conomie d&rsquo;\u00e9nergie<\/li>\n<li>Plusieurs modes de lavage adapt\u00e9s \u00e0 tous vos besoins<\/li>\n<li>Fonction vapeur pour un soin suppl\u00e9mentaire de vos tissus<\/li>\n<\/ul>\n<h2>Avantages et fonctionnalit\u00e9s<\/h2>\n<p><strong>Grande capacit\u00e9 :<\/strong> Parfaite pour les familles nombreuses ou les grandes lessives.<\/p>\n<p><strong>Technologie avanc\u00e9e :<\/strong> \u00c9conomisez sur vos factures d&rsquo;\u00e9nergie gr\u00e2ce \u00e0 une consommation optimis\u00e9e.<\/p>\n<p><strong>Polyvalence et flexibilit\u00e9 :<\/strong><\/p>\n<ol>\n<li>Modes de lavage pr\u00e9-r\u00e9gl\u00e9s<\/li>\n<li>Fonction vapeur pour r\u00e9duire le repassage<\/li>\n<li>Option de d\u00e9marrage diff\u00e9r\u00e9 jusqu&rsquo;\u00e0 24 heures<\/li>\n<\/ol>\n<p><strong>Durabilit\u00e9 assur\u00e9e :<\/strong> Construit pour durer, avec des mat\u00e9riaux de haute qualit\u00e9 qui r\u00e9sistent \u00e0 l&rsquo;usure quotidienne.<\/p>\n<p>Facilitez votre quotidien et prenez soin de vos v\u00eatements avec notre lave-linge hublot performant et spacieux.<\/p>\n","protected":false},"excerpt":{"rendered":"<p>Lave-linge performant et spacieux D\u00e9couvrez une exp\u00e9rience de lavage optimale avec notre lave-linge hublot, alliant efficacit\u00e9 et capacit\u00e9 g\u00e9n\u00e9reuse. Caract\u00e9ristiques techniques Dimensions : 59.7 x 84.7 x 63.6 cm (L x H x P) Capacit\u00e9 : 9 kg Technologie d&rsquo;\u00e9conomie d&rsquo;\u00e9nergie Plusieurs modes de lavage adapt\u00e9s \u00e0 tous vos besoins Fonction vapeur pour un soin [&hellip;]<\/p>\n","protected":false},"featured_media":9934,"comment_status":"open","ping_status":"closed","template":"","meta":[],"product_cat":[93],"product_tag":[],"class_list":{"0":"post-9935","1":"product","2":"type-product","3":"status-publish","4":"has-post-thumbnail","6":"product_cat-lave-linge-hublot","8":"first","9":"instock","10":"shipping-taxable","11":"purchasable","12":"product-type-simple"},"yoast_head":"<!-- This site is optimized with the Yoast SEO plugin v23.5 - https:\/\/yoast.com\/wordpress\/plugins\/seo\/ -->\n<title>Lave-linge Electrolux avec Fonction Vapeur  [T797B-UK9-OI] - Lave-Linge pour la maison<\/title>\n<meta name=\"robots\" content=\"index, follow, max-snippet:-1, max-image-preview:large, max-video-preview:-1\" \/>\n<link rel=\"canonical\" href=\"https:\/\/www.casanaute.fr\/boutique\/shop\/lave-linge-electrolux-avec-fonction-vapeur-t797b-uk9-oi\/\" \/>\n<meta property=\"og:locale\" content=\"fr_FR\" \/>\n<meta property=\"og:type\" content=\"article\" \/>\n<meta property=\"og:title\" content=\"Lave-linge Electrolux avec Fonction Vapeur  [T797B-UK9-OI] - Lave-Linge pour la maison\" \/>\n<meta property=\"og:description\" content=\"Lave-linge performant et spacieux D\u00e9couvrez une exp\u00e9rience de lavage optimale avec notre lave-linge hublot, alliant efficacit\u00e9 et capacit\u00e9 g\u00e9n\u00e9reuse. Caract\u00e9ristiques techniques Dimensions : 59.7 x 84.7 x 63.6 cm (L x H x P) Capacit\u00e9 : 9 kg Technologie d&rsquo;\u00e9conomie d&rsquo;\u00e9nergie Plusieurs modes de lavage adapt\u00e9s \u00e0 tous vos besoins Fonction vapeur pour un soin [&hellip;]\" \/>\n<meta property=\"og:url\" content=\"https:\/\/www.casanaute.fr\/boutique\/shop\/lave-linge-electrolux-avec-fonction-vapeur-t797b-uk9-oi\/\" \/>\n<meta property=\"og:site_name\" content=\"Lave-Linge pour la maison\" \/>\n<meta name=\"twitter:card\" content=\"summary_large_image\" \/>\n<meta name=\"twitter:label1\" content=\"Dur\u00e9e de lecture estim\u00e9e\" \/>\n\t<meta name=\"twitter:data1\" content=\"1 minute\" \/>\n<script type=\"application\/ld+json\" class=\"yoast-schema-graph\">{\"@context\":\"https:\/\/schema.org\",\"@graph\":[{\"@type\":\"WebPage\",\"@id\":\"https:\/\/www.casanaute.fr\/boutique\/shop\/lave-linge-electrolux-avec-fonction-vapeur-t797b-uk9-oi\/\",\"url\":\"https:\/\/www.casanaute.fr\/boutique\/shop\/lave-linge-electrolux-avec-fonction-vapeur-t797b-uk9-oi\/\",\"name\":\"Lave-linge Electrolux avec Fonction Vapeur [T797B-UK9-OI] - Lave-Linge pour la maison\",\"isPartOf\":{\"@id\":\"https:\/\/www.casanaute.fr\/boutique\/#website\"},\"primaryImageOfPage\":{\"@id\":\"https:\/\/www.casanaute.fr\/boutique\/shop\/lave-linge-electrolux-avec-fonction-vapeur-t797b-uk9-oi\/#primaryimage\"},\"image\":{\"@id\":\"https:\/\/www.casanaute.fr\/boutique\/shop\/lave-linge-electrolux-avec-fonction-vapeur-t797b-uk9-oi\/#primaryimage\"},\"thumbnailUrl\":\"https:\/\/www.casanaute.fr\/boutique\/wp-content\/uploads\/2024\/09\/122-Photoroom-3.jpg\",\"datePublished\":\"2024-09-30T12:16:57+00:00\",\"dateModified\":\"2024-09-30T12:16:57+00:00\",\"breadcrumb\":{\"@id\":\"https:\/\/www.casanaute.fr\/boutique\/shop\/lave-linge-electrolux-avec-fonction-vapeur-t797b-uk9-oi\/#breadcrumb\"},\"inLanguage\":\"fr-FR\",\"potentialAction\":[{\"@type\":\"ReadAction\",\"target\":[\"https:\/\/www.casanaute.fr\/boutique\/shop\/lave-linge-electrolux-avec-fonction-vapeur-t797b-uk9-oi\/\"]}]},{\"@type\":\"ImageObject\",\"inLanguage\":\"fr-FR\",\"@id\":\"https:\/\/www.casanaute.fr\/boutique\/shop\/lave-linge-electrolux-avec-fonction-vapeur-t797b-uk9-oi\/#primaryimage\",\"url\":\"https:\/\/www.casanaute.fr\/boutique\/wp-content\/uploads\/2024\/09\/122-Photoroom-3.jpg\",\"contentUrl\":\"https:\/\/www.casanaute.fr\/boutique\/wp-content\/uploads\/2024\/09\/122-Photoroom-3.jpg\",\"width\":1900,\"height\":1900},{\"@type\":\"BreadcrumbList\",\"@id\":\"https:\/\/www.casanaute.fr\/boutique\/shop\/lave-linge-electrolux-avec-fonction-vapeur-t797b-uk9-oi\/#breadcrumb\",\"itemListElement\":[{\"@type\":\"ListItem\",\"position\":1,\"name\":\"Home\",\"item\":\"https:\/\/www.casanaute.fr\/boutique\/\"},{\"@type\":\"ListItem\",\"position\":2,\"name\":\"Boutique\",\"item\":\"https:\/\/www.casanaute.fr\/boutique\/shop\/\"},{\"@type\":\"ListItem\",\"position\":3,\"name\":\"Lave-linge Electrolux avec Fonction Vapeur [T797B-UK9-OI]\"}]},{\"@type\":\"WebSite\",\"@id\":\"https:\/\/www.casanaute.fr\/boutique\/#website\",\"url\":\"https:\/\/www.casanaute.fr\/boutique\/\",\"name\":\"Hotte Discount\",\"description\":\"\",\"potentialAction\":[{\"@type\":\"SearchAction\",\"target\":{\"@type\":\"EntryPoint\",\"urlTemplate\":\"https:\/\/www.casanaute.fr\/boutique\/?s={search_term_string}\"},\"query-input\":{\"@type\":\"PropertyValueSpecification\",\"valueRequired\":true,\"valueName\":\"search_term_string\"}}],\"inLanguage\":\"fr-FR\"}]}<\/script>\n<!-- \/ Yoast SEO plugin. -->","yoast_head_json":{"title":"Lave-linge Electrolux avec Fonction Vapeur  [T797B-UK9-OI] - Lave-Linge pour la maison","robots":{"index":"index","follow":"follow","max-snippet":"max-snippet:-1","max-image-preview":"max-image-preview:large","max-video-preview":"max-video-preview:-1"},"canonical":"https:\/\/www.casanaute.fr\/boutique\/shop\/lave-linge-electrolux-avec-fonction-vapeur-t797b-uk9-oi\/","og_locale":"fr_FR","og_type":"article","og_title":"Lave-linge Electrolux avec Fonction Vapeur  [T797B-UK9-OI] - Lave-Linge pour la maison","og_description":"Lave-linge performant et spacieux D\u00e9couvrez une exp\u00e9rience de lavage optimale avec notre lave-linge hublot, alliant efficacit\u00e9 et capacit\u00e9 g\u00e9n\u00e9reuse. Caract\u00e9ristiques techniques Dimensions : 59.7 x 84.7 x 63.6 cm (L x H x P) Capacit\u00e9 : 9 kg Technologie d&rsquo;\u00e9conomie d&rsquo;\u00e9nergie Plusieurs modes de lavage adapt\u00e9s \u00e0 tous vos besoins Fonction vapeur pour un soin [&hellip;]","og_url":"https:\/\/www.casanaute.fr\/boutique\/shop\/lave-linge-electrolux-avec-fonction-vapeur-t797b-uk9-oi\/","og_site_name":"Lave-Linge pour la maison","twitter_card":"summary_large_image","twitter_misc":{"Dur\u00e9e de lecture estim\u00e9e":"1 minute"},"schema":{"@context":"https:\/\/schema.org","@graph":[{"@type":"WebPage","@id":"https:\/\/www.casanaute.fr\/boutique\/shop\/lave-linge-electrolux-avec-fonction-vapeur-t797b-uk9-oi\/","url":"https:\/\/www.casanaute.fr\/boutique\/shop\/lave-linge-electrolux-avec-fonction-vapeur-t797b-uk9-oi\/","name":"Lave-linge Electrolux avec Fonction Vapeur [T797B-UK9-OI] - Lave-Linge pour la maison","isPartOf":{"@id":"https:\/\/www.casanaute.fr\/boutique\/#website"},"primaryImageOfPage":{"@id":"https:\/\/www.casanaute.fr\/boutique\/shop\/lave-linge-electrolux-avec-fonction-vapeur-t797b-uk9-oi\/#primaryimage"},"image":{"@id":"https:\/\/www.casanaute.fr\/boutique\/shop\/lave-linge-electrolux-avec-fonction-vapeur-t797b-uk9-oi\/#primaryimage"},"thumbnailUrl":"https:\/\/www.casanaute.fr\/boutique\/wp-content\/uploads\/2024\/09\/122-Photoroom-3.jpg","datePublished":"2024-09-30T12:16:57+00:00","dateModified":"2024-09-30T12:16:57+00:00","breadcrumb":{"@id":"https:\/\/www.casanaute.fr\/boutique\/shop\/lave-linge-electrolux-avec-fonction-vapeur-t797b-uk9-oi\/#breadcrumb"},"inLanguage":"fr-FR","potentialAction":[{"@type":"ReadAction","target":["https:\/\/www.casanaute.fr\/boutique\/shop\/lave-linge-electrolux-avec-fonction-vapeur-t797b-uk9-oi\/"]}]},{"@type":"ImageObject","inLanguage":"fr-FR","@id":"https:\/\/www.casanaute.fr\/boutique\/shop\/lave-linge-electrolux-avec-fonction-vapeur-t797b-uk9-oi\/#primaryimage","url":"https:\/\/www.casanaute.fr\/boutique\/wp-content\/uploads\/2024\/09\/122-Photoroom-3.jpg","contentUrl":"https:\/\/www.casanaute.fr\/boutique\/wp-content\/uploads\/2024\/09\/122-Photoroom-3.jpg","width":1900,"height":1900},{"@type":"BreadcrumbList","@id":"https:\/\/www.casanaute.fr\/boutique\/shop\/lave-linge-electrolux-avec-fonction-vapeur-t797b-uk9-oi\/#breadcrumb","itemListElement":[{"@type":"ListItem","position":1,"name":"Home","item":"https:\/\/www.casanaute.fr\/boutique\/"},{"@type":"ListItem","position":2,"name":"Boutique","item":"https:\/\/www.casanaute.fr\/boutique\/shop\/"},{"@type":"ListItem","position":3,"name":"Lave-linge Electrolux avec Fonction Vapeur [T797B-UK9-OI]"}]},{"@type":"WebSite","@id":"https:\/\/www.casanaute.fr\/boutique\/#website","url":"https:\/\/www.casanaute.fr\/boutique\/","name":"Hotte Discount","description":"","potentialAction":[{"@type":"SearchAction","target":{"@type":"EntryPoint","urlTemplate":"https:\/\/www.casanaute.fr\/boutique\/?s={search_term_string}"},"query-input":{"@type":"PropertyValueSpecification","valueRequired":true,"valueName":"search_term_string"}}],"inLanguage":"fr-FR"}]}},"_links":{"self":[{"href":"https:\/\/www.casanaute.fr\/boutique\/wp-json\/wp\/v2\/product\/9935","targetHints":{"allow":["GET"]}}],"collection":[{"href":"https:\/\/www.casanaute.fr\/boutique\/wp-json\/wp\/v2\/product"}],"about":[{"href":"https:\/\/www.casanaute.fr\/boutique\/wp-json\/wp\/v2\/types\/product"}],"replies":[{"embeddable":true,"href":"https:\/\/www.casanaute.fr\/boutique\/wp-json\/wp\/v2\/comments?post=9935"}],"wp:featuredmedia":[{"embeddable":true,"href":"https:\/\/www.casanaute.fr\/boutique\/wp-json\/wp\/v2\/media\/9934"}],"wp:attachment":[{"href":"https:\/\/www.casanaute.fr\/boutique\/wp-json\/wp\/v2\/media?parent=9935"}],"wp:term":[{"taxonomy":"product_cat","embeddable":true,"href":"https:\/\/www.casanaute.fr\/boutique\/wp-json\/wp\/v2\/product_cat?post=9935"},{"taxonomy":"product_tag","embeddable":true,"href":"https:\/\/www.casanaute.fr\/boutique\/wp-json\/wp\/v2\/product_tag?post=9935"}],"curies":[{"name":"wp","href":"https:\/\/api.w.org\/{rel}","templated":true}]}}