{"id":9933,"date":"2024-09-30T14:16:54","date_gmt":"2024-09-30T12:16:54","guid":{"rendered":"https:\/\/www.casanaute.fr\/boutique\/shop\/lave-linge-electrolux-a-moteur-silencieux-8w-412mj-29f\/"},"modified":"2024-09-30T14:16:54","modified_gmt":"2024-09-30T12:16:54","slug":"lave-linge-electrolux-a-moteur-silencieux-8w-412mj-29f","status":"publish","type":"product","link":"https:\/\/www.casanaute.fr\/boutique\/shop\/lave-linge-electrolux-a-moteur-silencieux-8w-412mj-29f\/","title":{"rendered":"Lave-linge Electrolux \u00e0 Moteur Silencieux   [8W-412MJ-29F]"},"content":{"rendered":"<h2>Faites de la place pour vos v\u00eatements<\/h2>\n<p>Un lave-linge spacieux con\u00e7u pour accueillir jusqu&rsquo;\u00e0 9 kg de linge. Id\u00e9al pour les grandes familles ou ceux qui accumulent beaucoup de lessive. Ces dimensions compactes (L x H x P : 59.7 x 84.7 x 63.6 cm) permettent une int\u00e9gration facile dans n&rsquo;importe quelle buanderie.<\/p>\n<h2>Optimisez votre temps<\/h2>\n<p>Ce mod\u00e8le offre une vari\u00e9t\u00e9 de programmes adapt\u00e9s \u00e0 tous types de tissus et de niveaux de salet\u00e9, garantissant un soin optimal \u00e0 chaque lavage.<\/p>\n<ul>\n<li>De nombreux programmes de lavage dont l&rsquo;option <strong>Rapide 20 minutes<\/strong> pour les urgences.<\/li>\n<li>Technologie <strong>SensiCare<\/strong> s&rsquo;ajuste automatiquement au poids de la charge pour \u00e9viter un lavage excessif.<\/li>\n<\/ul>\n<h2>Performance et efficacit\u00e9<\/h2>\n<p>Con\u00e7u pour offrir des r\u00e9sultats impeccables tout en \u00e9tant \u00e9conome en \u00e9nergie.<\/p>\n<ul>\n<li>Classe \u00e9nerg\u00e9tique : <strong>A+++<\/strong><\/li>\n<li>Vitesse d&rsquo;essorage maximale : <strong>1400 tr\/min<\/strong><\/li>\n<li>Syst\u00e8me <strong>Eco TimeManager<\/strong> pour ajuster la dur\u00e9e du cycle selon vos besoins<\/li>\n<\/ul>\n<h2>Facilit\u00e9 d&rsquo;utilisation<\/h2>\n<p>Ce lave-linge est \u00e9quip\u00e9 d&rsquo;un tableau de commande intuitif et d&rsquo;un large hublot facilitant le chargement et le d\u00e9chargement de votre linge.<\/p>\n<ol>\n<li>Affichage digital clair pour une navigation sans effort.<\/li>\n<li>D\u00e9part diff\u00e9r\u00e9 jusqu&rsquo;\u00e0 20 heures pour s&rsquo;adapter \u00e0 votre emploi du temps.<\/li>\n<\/ol>\n<p>Optez pour ce lave-linge hublot et simplifiez votre routine de lessive tout en prenant soin de vos v\u00eatements.<\/p>\n","protected":false},"excerpt":{"rendered":"<p>Faites de la place pour vos v\u00eatements Un lave-linge spacieux con\u00e7u pour accueillir jusqu&rsquo;\u00e0 9 kg de linge. Id\u00e9al pour les grandes familles ou ceux qui accumulent beaucoup de lessive. Ces dimensions compactes (L x H x P : 59.7 x 84.7 x 63.6 cm) permettent une int\u00e9gration facile dans n&rsquo;importe quelle buanderie. Optimisez votre [&hellip;]<\/p>\n","protected":false},"featured_media":9932,"comment_status":"open","ping_status":"closed","template":"","meta":[],"product_cat":[93],"product_tag":[],"class_list":{"0":"post-9933","1":"product","2":"type-product","3":"status-publish","4":"has-post-thumbnail","6":"product_cat-lave-linge-hublot","8":"first","9":"instock","10":"shipping-taxable","11":"purchasable","12":"product-type-simple"},"yoast_head":"<!-- This site is optimized with the Yoast SEO plugin v23.5 - https:\/\/yoast.com\/wordpress\/plugins\/seo\/ -->\n<title>Lave-linge Electrolux \u00e0 Moteur Silencieux  [8W-412MJ-29F] - Lave-Linge pour la maison<\/title>\n<meta name=\"robots\" content=\"index, follow, max-snippet:-1, max-image-preview:large, max-video-preview:-1\" \/>\n<link rel=\"canonical\" href=\"https:\/\/www.casanaute.fr\/boutique\/shop\/lave-linge-electrolux-a-moteur-silencieux-8w-412mj-29f\/\" \/>\n<meta property=\"og:locale\" content=\"fr_FR\" \/>\n<meta property=\"og:type\" content=\"article\" \/>\n<meta property=\"og:title\" content=\"Lave-linge Electrolux \u00e0 Moteur Silencieux  [8W-412MJ-29F] - Lave-Linge pour la maison\" \/>\n<meta property=\"og:description\" content=\"Faites de la place pour vos v\u00eatements Un lave-linge spacieux con\u00e7u pour accueillir jusqu&rsquo;\u00e0 9 kg de linge. Id\u00e9al pour les grandes familles ou ceux qui accumulent beaucoup de lessive. Ces dimensions compactes (L x H x P : 59.7 x 84.7 x 63.6 cm) permettent une int\u00e9gration facile dans n&rsquo;importe quelle buanderie. Optimisez votre [&hellip;]\" \/>\n<meta property=\"og:url\" content=\"https:\/\/www.casanaute.fr\/boutique\/shop\/lave-linge-electrolux-a-moteur-silencieux-8w-412mj-29f\/\" \/>\n<meta property=\"og:site_name\" content=\"Lave-Linge pour la maison\" \/>\n<meta name=\"twitter:card\" content=\"summary_large_image\" \/>\n<meta name=\"twitter:label1\" content=\"Dur\u00e9e de lecture estim\u00e9e\" \/>\n\t<meta name=\"twitter:data1\" content=\"1 minute\" \/>\n<script type=\"application\/ld+json\" class=\"yoast-schema-graph\">{\"@context\":\"https:\/\/schema.org\",\"@graph\":[{\"@type\":\"WebPage\",\"@id\":\"https:\/\/www.casanaute.fr\/boutique\/shop\/lave-linge-electrolux-a-moteur-silencieux-8w-412mj-29f\/\",\"url\":\"https:\/\/www.casanaute.fr\/boutique\/shop\/lave-linge-electrolux-a-moteur-silencieux-8w-412mj-29f\/\",\"name\":\"Lave-linge Electrolux \u00e0 Moteur Silencieux [8W-412MJ-29F] - Lave-Linge pour la maison\",\"isPartOf\":{\"@id\":\"https:\/\/www.casanaute.fr\/boutique\/#website\"},\"primaryImageOfPage\":{\"@id\":\"https:\/\/www.casanaute.fr\/boutique\/shop\/lave-linge-electrolux-a-moteur-silencieux-8w-412mj-29f\/#primaryimage\"},\"image\":{\"@id\":\"https:\/\/www.casanaute.fr\/boutique\/shop\/lave-linge-electrolux-a-moteur-silencieux-8w-412mj-29f\/#primaryimage\"},\"thumbnailUrl\":\"https:\/\/www.casanaute.fr\/boutique\/wp-content\/uploads\/2024\/09\/122-Photoroom-2.jpg\",\"datePublished\":\"2024-09-30T12:16:54+00:00\",\"dateModified\":\"2024-09-30T12:16:54+00:00\",\"breadcrumb\":{\"@id\":\"https:\/\/www.casanaute.fr\/boutique\/shop\/lave-linge-electrolux-a-moteur-silencieux-8w-412mj-29f\/#breadcrumb\"},\"inLanguage\":\"fr-FR\",\"potentialAction\":[{\"@type\":\"ReadAction\",\"target\":[\"https:\/\/www.casanaute.fr\/boutique\/shop\/lave-linge-electrolux-a-moteur-silencieux-8w-412mj-29f\/\"]}]},{\"@type\":\"ImageObject\",\"inLanguage\":\"fr-FR\",\"@id\":\"https:\/\/www.casanaute.fr\/boutique\/shop\/lave-linge-electrolux-a-moteur-silencieux-8w-412mj-29f\/#primaryimage\",\"url\":\"https:\/\/www.casanaute.fr\/boutique\/wp-content\/uploads\/2024\/09\/122-Photoroom-2.jpg\",\"contentUrl\":\"https:\/\/www.casanaute.fr\/boutique\/wp-content\/uploads\/2024\/09\/122-Photoroom-2.jpg\",\"width\":1900,\"height\":1900},{\"@type\":\"BreadcrumbList\",\"@id\":\"https:\/\/www.casanaute.fr\/boutique\/shop\/lave-linge-electrolux-a-moteur-silencieux-8w-412mj-29f\/#breadcrumb\",\"itemListElement\":[{\"@type\":\"ListItem\",\"position\":1,\"name\":\"Home\",\"item\":\"https:\/\/www.casanaute.fr\/boutique\/\"},{\"@type\":\"ListItem\",\"position\":2,\"name\":\"Boutique\",\"item\":\"https:\/\/www.casanaute.fr\/boutique\/shop\/\"},{\"@type\":\"ListItem\",\"position\":3,\"name\":\"Lave-linge Electrolux \u00e0 Moteur Silencieux [8W-412MJ-29F]\"}]},{\"@type\":\"WebSite\",\"@id\":\"https:\/\/www.casanaute.fr\/boutique\/#website\",\"url\":\"https:\/\/www.casanaute.fr\/boutique\/\",\"name\":\"Hotte Discount\",\"description\":\"\",\"potentialAction\":[{\"@type\":\"SearchAction\",\"target\":{\"@type\":\"EntryPoint\",\"urlTemplate\":\"https:\/\/www.casanaute.fr\/boutique\/?s={search_term_string}\"},\"query-input\":{\"@type\":\"PropertyValueSpecification\",\"valueRequired\":true,\"valueName\":\"search_term_string\"}}],\"inLanguage\":\"fr-FR\"}]}<\/script>\n<!-- \/ Yoast SEO plugin. -->","yoast_head_json":{"title":"Lave-linge Electrolux \u00e0 Moteur Silencieux  [8W-412MJ-29F] - Lave-Linge pour la maison","robots":{"index":"index","follow":"follow","max-snippet":"max-snippet:-1","max-image-preview":"max-image-preview:large","max-video-preview":"max-video-preview:-1"},"canonical":"https:\/\/www.casanaute.fr\/boutique\/shop\/lave-linge-electrolux-a-moteur-silencieux-8w-412mj-29f\/","og_locale":"fr_FR","og_type":"article","og_title":"Lave-linge Electrolux \u00e0 Moteur Silencieux  [8W-412MJ-29F] - Lave-Linge pour la maison","og_description":"Faites de la place pour vos v\u00eatements Un lave-linge spacieux con\u00e7u pour accueillir jusqu&rsquo;\u00e0 9 kg de linge. Id\u00e9al pour les grandes familles ou ceux qui accumulent beaucoup de lessive. Ces dimensions compactes (L x H x P : 59.7 x 84.7 x 63.6 cm) permettent une int\u00e9gration facile dans n&rsquo;importe quelle buanderie. Optimisez votre [&hellip;]","og_url":"https:\/\/www.casanaute.fr\/boutique\/shop\/lave-linge-electrolux-a-moteur-silencieux-8w-412mj-29f\/","og_site_name":"Lave-Linge pour la maison","twitter_card":"summary_large_image","twitter_misc":{"Dur\u00e9e de lecture estim\u00e9e":"1 minute"},"schema":{"@context":"https:\/\/schema.org","@graph":[{"@type":"WebPage","@id":"https:\/\/www.casanaute.fr\/boutique\/shop\/lave-linge-electrolux-a-moteur-silencieux-8w-412mj-29f\/","url":"https:\/\/www.casanaute.fr\/boutique\/shop\/lave-linge-electrolux-a-moteur-silencieux-8w-412mj-29f\/","name":"Lave-linge Electrolux \u00e0 Moteur Silencieux [8W-412MJ-29F] - Lave-Linge pour la maison","isPartOf":{"@id":"https:\/\/www.casanaute.fr\/boutique\/#website"},"primaryImageOfPage":{"@id":"https:\/\/www.casanaute.fr\/boutique\/shop\/lave-linge-electrolux-a-moteur-silencieux-8w-412mj-29f\/#primaryimage"},"image":{"@id":"https:\/\/www.casanaute.fr\/boutique\/shop\/lave-linge-electrolux-a-moteur-silencieux-8w-412mj-29f\/#primaryimage"},"thumbnailUrl":"https:\/\/www.casanaute.fr\/boutique\/wp-content\/uploads\/2024\/09\/122-Photoroom-2.jpg","datePublished":"2024-09-30T12:16:54+00:00","dateModified":"2024-09-30T12:16:54+00:00","breadcrumb":{"@id":"https:\/\/www.casanaute.fr\/boutique\/shop\/lave-linge-electrolux-a-moteur-silencieux-8w-412mj-29f\/#breadcrumb"},"inLanguage":"fr-FR","potentialAction":[{"@type":"ReadAction","target":["https:\/\/www.casanaute.fr\/boutique\/shop\/lave-linge-electrolux-a-moteur-silencieux-8w-412mj-29f\/"]}]},{"@type":"ImageObject","inLanguage":"fr-FR","@id":"https:\/\/www.casanaute.fr\/boutique\/shop\/lave-linge-electrolux-a-moteur-silencieux-8w-412mj-29f\/#primaryimage","url":"https:\/\/www.casanaute.fr\/boutique\/wp-content\/uploads\/2024\/09\/122-Photoroom-2.jpg","contentUrl":"https:\/\/www.casanaute.fr\/boutique\/wp-content\/uploads\/2024\/09\/122-Photoroom-2.jpg","width":1900,"height":1900},{"@type":"BreadcrumbList","@id":"https:\/\/www.casanaute.fr\/boutique\/shop\/lave-linge-electrolux-a-moteur-silencieux-8w-412mj-29f\/#breadcrumb","itemListElement":[{"@type":"ListItem","position":1,"name":"Home","item":"https:\/\/www.casanaute.fr\/boutique\/"},{"@type":"ListItem","position":2,"name":"Boutique","item":"https:\/\/www.casanaute.fr\/boutique\/shop\/"},{"@type":"ListItem","position":3,"name":"Lave-linge Electrolux \u00e0 Moteur Silencieux [8W-412MJ-29F]"}]},{"@type":"WebSite","@id":"https:\/\/www.casanaute.fr\/boutique\/#website","url":"https:\/\/www.casanaute.fr\/boutique\/","name":"Hotte Discount","description":"","potentialAction":[{"@type":"SearchAction","target":{"@type":"EntryPoint","urlTemplate":"https:\/\/www.casanaute.fr\/boutique\/?s={search_term_string}"},"query-input":{"@type":"PropertyValueSpecification","valueRequired":true,"valueName":"search_term_string"}}],"inLanguage":"fr-FR"}]}},"_links":{"self":[{"href":"https:\/\/www.casanaute.fr\/boutique\/wp-json\/wp\/v2\/product\/9933","targetHints":{"allow":["GET"]}}],"collection":[{"href":"https:\/\/www.casanaute.fr\/boutique\/wp-json\/wp\/v2\/product"}],"about":[{"href":"https:\/\/www.casanaute.fr\/boutique\/wp-json\/wp\/v2\/types\/product"}],"replies":[{"embeddable":true,"href":"https:\/\/www.casanaute.fr\/boutique\/wp-json\/wp\/v2\/comments?post=9933"}],"wp:featuredmedia":[{"embeddable":true,"href":"https:\/\/www.casanaute.fr\/boutique\/wp-json\/wp\/v2\/media\/9932"}],"wp:attachment":[{"href":"https:\/\/www.casanaute.fr\/boutique\/wp-json\/wp\/v2\/media?parent=9933"}],"wp:term":[{"taxonomy":"product_cat","embeddable":true,"href":"https:\/\/www.casanaute.fr\/boutique\/wp-json\/wp\/v2\/product_cat?post=9933"},{"taxonomy":"product_tag","embeddable":true,"href":"https:\/\/www.casanaute.fr\/boutique\/wp-json\/wp\/v2\/product_tag?post=9933"}],"curies":[{"name":"wp","href":"https:\/\/api.w.org\/{rel}","templated":true}]}}