{"id":9931,"date":"2024-09-30T14:16:50","date_gmt":"2024-09-30T12:16:50","guid":{"rendered":"https:\/\/www.casanaute.fr\/boutique\/shop\/lave-linge-electrolux-avec-systeme-ecobubble-c6a53u55-7-q\/"},"modified":"2024-09-30T14:16:50","modified_gmt":"2024-09-30T12:16:50","slug":"lave-linge-electrolux-avec-systeme-ecobubble-c6a53u55-7-q","status":"publish","type":"product","link":"https:\/\/www.casanaute.fr\/boutique\/shop\/lave-linge-electrolux-avec-systeme-ecobubble-c6a53u55-7-q\/","title":{"rendered":"Lave-linge Electrolux avec Syst\u00e8me EcoBubble   [C6A53U55-7-Q]"},"content":{"rendered":"<h2>Lave-linge hublot performant et spacieux<\/h2>\n<p>D\u00e9couvrez un lavage impeccable pour toute votre famille avec ce lave-linge hublot d&rsquo;une capacit\u00e9 g\u00e9n\u00e9reuse de 9 kg.<\/p>\n<p>Dimensions :<\/p>\n<ul>\n<li>L : 59.7 cm<\/li>\n<li>H : 84.7 cm<\/li>\n<li>P : 63.6 cm<\/li>\n<\/ul>\n<p>Actif et efficace, ce lave-linge dispose des technologies avanc\u00e9es pour un soin optimal de vos v\u00eatements. Son moteur Inverter garantit une durabilit\u00e9 accrue et un fonctionnement silencieux.<\/p>\n<p>Fonctionnalit\u00e9s cl\u00e9s :<\/p>\n<ol>\n<li>Technologie SensiCare qui ajuste automatiquement les param\u00e8tres selon le poids de la charge<\/li>\n<li>Syst\u00e8me Soft Plus pour une distribution homog\u00e8ne de l&rsquo;assouplissant<\/li>\n<li>Programme Anti-Allergie associ\u00e9 \u00e0 la vapeur pour une hygi\u00e8ne impeccable<\/li>\n<\/ol>\n<p>Caract\u00e9ristiques techniques :<\/p>\n<ul>\n<li>Vitesse d&rsquo;essorage maximale : 1400 tr\/min<\/li>\n<li>Classe \u00e9nerg\u00e9tique : A+++<\/li>\n<li>Consommation annuelle d\u2019\u00e9nergie : 152 kWh<\/li>\n<\/ul>\n<p>Facile d&rsquo;utilisation gr\u00e2ce \u00e0 son \u00e9cran tactile intuitif, il propose des programmes vari\u00e9s pour s&rsquo;adapter \u00e0 tous vos besoins. Adoptez cet appareil pour un linge toujours propre et frais.<\/p>\n","protected":false},"excerpt":{"rendered":"<p>Lave-linge hublot performant et spacieux D\u00e9couvrez un lavage impeccable pour toute votre famille avec ce lave-linge hublot d&rsquo;une capacit\u00e9 g\u00e9n\u00e9reuse de 9 kg. Dimensions : L : 59.7 cm H : 84.7 cm P : 63.6 cm Actif et efficace, ce lave-linge dispose des technologies avanc\u00e9es pour un soin optimal de vos v\u00eatements. Son moteur [&hellip;]<\/p>\n","protected":false},"featured_media":9930,"comment_status":"open","ping_status":"closed","template":"","meta":[],"product_cat":[93],"product_tag":[],"class_list":{"0":"post-9931","1":"product","2":"type-product","3":"status-publish","4":"has-post-thumbnail","6":"product_cat-lave-linge-hublot","8":"first","9":"instock","10":"shipping-taxable","11":"purchasable","12":"product-type-simple"},"yoast_head":"<!-- This site is optimized with the Yoast SEO plugin v23.5 - https:\/\/yoast.com\/wordpress\/plugins\/seo\/ -->\n<title>Lave-linge Electrolux avec Syst\u00e8me EcoBubble  [C6A53U55-7-Q] - Lave-Linge pour la maison<\/title>\n<meta name=\"robots\" content=\"index, follow, max-snippet:-1, max-image-preview:large, max-video-preview:-1\" \/>\n<link rel=\"canonical\" href=\"https:\/\/www.casanaute.fr\/boutique\/shop\/lave-linge-electrolux-avec-systeme-ecobubble-c6a53u55-7-q\/\" \/>\n<meta property=\"og:locale\" content=\"fr_FR\" \/>\n<meta property=\"og:type\" content=\"article\" \/>\n<meta property=\"og:title\" content=\"Lave-linge Electrolux avec Syst\u00e8me EcoBubble  [C6A53U55-7-Q] - Lave-Linge pour la maison\" \/>\n<meta property=\"og:description\" content=\"Lave-linge hublot performant et spacieux D\u00e9couvrez un lavage impeccable pour toute votre famille avec ce lave-linge hublot d&rsquo;une capacit\u00e9 g\u00e9n\u00e9reuse de 9 kg. Dimensions : L : 59.7 cm H : 84.7 cm P : 63.6 cm Actif et efficace, ce lave-linge dispose des technologies avanc\u00e9es pour un soin optimal de vos v\u00eatements. Son moteur [&hellip;]\" \/>\n<meta property=\"og:url\" content=\"https:\/\/www.casanaute.fr\/boutique\/shop\/lave-linge-electrolux-avec-systeme-ecobubble-c6a53u55-7-q\/\" \/>\n<meta property=\"og:site_name\" content=\"Lave-Linge pour la maison\" \/>\n<meta name=\"twitter:card\" content=\"summary_large_image\" \/>\n<meta name=\"twitter:label1\" content=\"Dur\u00e9e de lecture estim\u00e9e\" \/>\n\t<meta name=\"twitter:data1\" content=\"1 minute\" \/>\n<script type=\"application\/ld+json\" class=\"yoast-schema-graph\">{\"@context\":\"https:\/\/schema.org\",\"@graph\":[{\"@type\":\"WebPage\",\"@id\":\"https:\/\/www.casanaute.fr\/boutique\/shop\/lave-linge-electrolux-avec-systeme-ecobubble-c6a53u55-7-q\/\",\"url\":\"https:\/\/www.casanaute.fr\/boutique\/shop\/lave-linge-electrolux-avec-systeme-ecobubble-c6a53u55-7-q\/\",\"name\":\"Lave-linge Electrolux avec Syst\u00e8me EcoBubble [C6A53U55-7-Q] - Lave-Linge pour la maison\",\"isPartOf\":{\"@id\":\"https:\/\/www.casanaute.fr\/boutique\/#website\"},\"primaryImageOfPage\":{\"@id\":\"https:\/\/www.casanaute.fr\/boutique\/shop\/lave-linge-electrolux-avec-systeme-ecobubble-c6a53u55-7-q\/#primaryimage\"},\"image\":{\"@id\":\"https:\/\/www.casanaute.fr\/boutique\/shop\/lave-linge-electrolux-avec-systeme-ecobubble-c6a53u55-7-q\/#primaryimage\"},\"thumbnailUrl\":\"https:\/\/www.casanaute.fr\/boutique\/wp-content\/uploads\/2024\/09\/122-Photoroom-1.jpg\",\"datePublished\":\"2024-09-30T12:16:50+00:00\",\"dateModified\":\"2024-09-30T12:16:50+00:00\",\"breadcrumb\":{\"@id\":\"https:\/\/www.casanaute.fr\/boutique\/shop\/lave-linge-electrolux-avec-systeme-ecobubble-c6a53u55-7-q\/#breadcrumb\"},\"inLanguage\":\"fr-FR\",\"potentialAction\":[{\"@type\":\"ReadAction\",\"target\":[\"https:\/\/www.casanaute.fr\/boutique\/shop\/lave-linge-electrolux-avec-systeme-ecobubble-c6a53u55-7-q\/\"]}]},{\"@type\":\"ImageObject\",\"inLanguage\":\"fr-FR\",\"@id\":\"https:\/\/www.casanaute.fr\/boutique\/shop\/lave-linge-electrolux-avec-systeme-ecobubble-c6a53u55-7-q\/#primaryimage\",\"url\":\"https:\/\/www.casanaute.fr\/boutique\/wp-content\/uploads\/2024\/09\/122-Photoroom-1.jpg\",\"contentUrl\":\"https:\/\/www.casanaute.fr\/boutique\/wp-content\/uploads\/2024\/09\/122-Photoroom-1.jpg\",\"width\":1900,\"height\":1900},{\"@type\":\"BreadcrumbList\",\"@id\":\"https:\/\/www.casanaute.fr\/boutique\/shop\/lave-linge-electrolux-avec-systeme-ecobubble-c6a53u55-7-q\/#breadcrumb\",\"itemListElement\":[{\"@type\":\"ListItem\",\"position\":1,\"name\":\"Home\",\"item\":\"https:\/\/www.casanaute.fr\/boutique\/\"},{\"@type\":\"ListItem\",\"position\":2,\"name\":\"Boutique\",\"item\":\"https:\/\/www.casanaute.fr\/boutique\/shop\/\"},{\"@type\":\"ListItem\",\"position\":3,\"name\":\"Lave-linge Electrolux avec Syst\u00e8me EcoBubble [C6A53U55-7-Q]\"}]},{\"@type\":\"WebSite\",\"@id\":\"https:\/\/www.casanaute.fr\/boutique\/#website\",\"url\":\"https:\/\/www.casanaute.fr\/boutique\/\",\"name\":\"Hotte Discount\",\"description\":\"\",\"potentialAction\":[{\"@type\":\"SearchAction\",\"target\":{\"@type\":\"EntryPoint\",\"urlTemplate\":\"https:\/\/www.casanaute.fr\/boutique\/?s={search_term_string}\"},\"query-input\":{\"@type\":\"PropertyValueSpecification\",\"valueRequired\":true,\"valueName\":\"search_term_string\"}}],\"inLanguage\":\"fr-FR\"}]}<\/script>\n<!-- \/ Yoast SEO plugin. -->","yoast_head_json":{"title":"Lave-linge Electrolux avec Syst\u00e8me EcoBubble  [C6A53U55-7-Q] - Lave-Linge pour la maison","robots":{"index":"index","follow":"follow","max-snippet":"max-snippet:-1","max-image-preview":"max-image-preview:large","max-video-preview":"max-video-preview:-1"},"canonical":"https:\/\/www.casanaute.fr\/boutique\/shop\/lave-linge-electrolux-avec-systeme-ecobubble-c6a53u55-7-q\/","og_locale":"fr_FR","og_type":"article","og_title":"Lave-linge Electrolux avec Syst\u00e8me EcoBubble  [C6A53U55-7-Q] - Lave-Linge pour la maison","og_description":"Lave-linge hublot performant et spacieux D\u00e9couvrez un lavage impeccable pour toute votre famille avec ce lave-linge hublot d&rsquo;une capacit\u00e9 g\u00e9n\u00e9reuse de 9 kg. Dimensions : L : 59.7 cm H : 84.7 cm P : 63.6 cm Actif et efficace, ce lave-linge dispose des technologies avanc\u00e9es pour un soin optimal de vos v\u00eatements. Son moteur [&hellip;]","og_url":"https:\/\/www.casanaute.fr\/boutique\/shop\/lave-linge-electrolux-avec-systeme-ecobubble-c6a53u55-7-q\/","og_site_name":"Lave-Linge pour la maison","twitter_card":"summary_large_image","twitter_misc":{"Dur\u00e9e de lecture estim\u00e9e":"1 minute"},"schema":{"@context":"https:\/\/schema.org","@graph":[{"@type":"WebPage","@id":"https:\/\/www.casanaute.fr\/boutique\/shop\/lave-linge-electrolux-avec-systeme-ecobubble-c6a53u55-7-q\/","url":"https:\/\/www.casanaute.fr\/boutique\/shop\/lave-linge-electrolux-avec-systeme-ecobubble-c6a53u55-7-q\/","name":"Lave-linge Electrolux avec Syst\u00e8me EcoBubble [C6A53U55-7-Q] - Lave-Linge pour la maison","isPartOf":{"@id":"https:\/\/www.casanaute.fr\/boutique\/#website"},"primaryImageOfPage":{"@id":"https:\/\/www.casanaute.fr\/boutique\/shop\/lave-linge-electrolux-avec-systeme-ecobubble-c6a53u55-7-q\/#primaryimage"},"image":{"@id":"https:\/\/www.casanaute.fr\/boutique\/shop\/lave-linge-electrolux-avec-systeme-ecobubble-c6a53u55-7-q\/#primaryimage"},"thumbnailUrl":"https:\/\/www.casanaute.fr\/boutique\/wp-content\/uploads\/2024\/09\/122-Photoroom-1.jpg","datePublished":"2024-09-30T12:16:50+00:00","dateModified":"2024-09-30T12:16:50+00:00","breadcrumb":{"@id":"https:\/\/www.casanaute.fr\/boutique\/shop\/lave-linge-electrolux-avec-systeme-ecobubble-c6a53u55-7-q\/#breadcrumb"},"inLanguage":"fr-FR","potentialAction":[{"@type":"ReadAction","target":["https:\/\/www.casanaute.fr\/boutique\/shop\/lave-linge-electrolux-avec-systeme-ecobubble-c6a53u55-7-q\/"]}]},{"@type":"ImageObject","inLanguage":"fr-FR","@id":"https:\/\/www.casanaute.fr\/boutique\/shop\/lave-linge-electrolux-avec-systeme-ecobubble-c6a53u55-7-q\/#primaryimage","url":"https:\/\/www.casanaute.fr\/boutique\/wp-content\/uploads\/2024\/09\/122-Photoroom-1.jpg","contentUrl":"https:\/\/www.casanaute.fr\/boutique\/wp-content\/uploads\/2024\/09\/122-Photoroom-1.jpg","width":1900,"height":1900},{"@type":"BreadcrumbList","@id":"https:\/\/www.casanaute.fr\/boutique\/shop\/lave-linge-electrolux-avec-systeme-ecobubble-c6a53u55-7-q\/#breadcrumb","itemListElement":[{"@type":"ListItem","position":1,"name":"Home","item":"https:\/\/www.casanaute.fr\/boutique\/"},{"@type":"ListItem","position":2,"name":"Boutique","item":"https:\/\/www.casanaute.fr\/boutique\/shop\/"},{"@type":"ListItem","position":3,"name":"Lave-linge Electrolux avec Syst\u00e8me EcoBubble [C6A53U55-7-Q]"}]},{"@type":"WebSite","@id":"https:\/\/www.casanaute.fr\/boutique\/#website","url":"https:\/\/www.casanaute.fr\/boutique\/","name":"Hotte Discount","description":"","potentialAction":[{"@type":"SearchAction","target":{"@type":"EntryPoint","urlTemplate":"https:\/\/www.casanaute.fr\/boutique\/?s={search_term_string}"},"query-input":{"@type":"PropertyValueSpecification","valueRequired":true,"valueName":"search_term_string"}}],"inLanguage":"fr-FR"}]}},"_links":{"self":[{"href":"https:\/\/www.casanaute.fr\/boutique\/wp-json\/wp\/v2\/product\/9931","targetHints":{"allow":["GET"]}}],"collection":[{"href":"https:\/\/www.casanaute.fr\/boutique\/wp-json\/wp\/v2\/product"}],"about":[{"href":"https:\/\/www.casanaute.fr\/boutique\/wp-json\/wp\/v2\/types\/product"}],"replies":[{"embeddable":true,"href":"https:\/\/www.casanaute.fr\/boutique\/wp-json\/wp\/v2\/comments?post=9931"}],"wp:featuredmedia":[{"embeddable":true,"href":"https:\/\/www.casanaute.fr\/boutique\/wp-json\/wp\/v2\/media\/9930"}],"wp:attachment":[{"href":"https:\/\/www.casanaute.fr\/boutique\/wp-json\/wp\/v2\/media?parent=9931"}],"wp:term":[{"taxonomy":"product_cat","embeddable":true,"href":"https:\/\/www.casanaute.fr\/boutique\/wp-json\/wp\/v2\/product_cat?post=9931"},{"taxonomy":"product_tag","embeddable":true,"href":"https:\/\/www.casanaute.fr\/boutique\/wp-json\/wp\/v2\/product_tag?post=9931"}],"curies":[{"name":"wp","href":"https:\/\/api.w.org\/{rel}","templated":true}]}}