{"id":9925,"date":"2024-09-30T14:16:40","date_gmt":"2024-09-30T12:16:40","guid":{"rendered":"https:\/\/www.casanaute.fr\/boutique\/shop\/lave-linge-beko-programmation-differee-k4coh-dal-q2\/"},"modified":"2024-09-30T14:16:40","modified_gmt":"2024-09-30T12:16:40","slug":"lave-linge-beko-programmation-differee-k4coh-dal-q2","status":"publish","type":"product","link":"https:\/\/www.casanaute.fr\/boutique\/shop\/lave-linge-beko-programmation-differee-k4coh-dal-q2\/","title":{"rendered":"Lave linge Beko Programmation Diff\u00e9r\u00e9e [K4COH-DAL-Q2]"},"content":{"rendered":"<h2>Lave-linge s\u00e9chant hublot<\/h2>\n<p>D\u00e9couvrez une solution innovante pour vos besoins de lessive avec notre lave-linge s\u00e9chant hublot. Alliant efficacit\u00e9 et polyvalence, il prend soin de votre linge en un seul cycle.<\/p>\n<p><strong>Caract\u00e9ristiques Principales:<\/strong><\/p>\n<ul>\n<li>Dimensions: 60 x 84.5 x 57 cm<\/li>\n<li>Capacit\u00e9 de lavage : 8 kg<\/li>\n<li>Capacit\u00e9 de s\u00e9chage : 5 kg<\/li>\n<li>Vitesse d&rsquo;essorage : jusqu&rsquo;\u00e0 1400 tours\/minute<\/li>\n<\/ul>\n<p><strong>Technologie Avanc\u00e9e:<\/strong><\/p>\n<p>\u00c9quip\u00e9 de la technologie ProSmart Inverter, ce lave-linge garantit une utilisation \u00e9nerg\u00e9tique efficace et un fonctionnement silencieux, tout en offrant une durabilit\u00e9 exceptionnelle.<\/p>\n<p><strong>Programmes Vari\u00e9s:<\/strong><\/p>\n<ol>\n<li>Coton \u00e9co<\/li>\n<li>Essorage + Vidange<\/li>\n<li>Laine\/Hand Wash<\/li>\n<li>Express 14min<\/li>\n<li>Mix 40<\/li>\n<\/ol>\n<p><strong>Confort et Praticit\u00e9:<\/strong><\/p>\n<ul>\n<li>\u00c9cran LED intuitif<\/li>\n<li>D\u00e9part diff\u00e9r\u00e9 jusqu&rsquo;\u00e0 24 heures<\/li>\n<li>Fonction anti-allergie<\/li>\n<\/ul>\n<p>Gr\u00e2ce \u00e0 sa grande capacit\u00e9 et ses nombreuses fonctionnalit\u00e9s, ce lave-linge s\u00e9chant vous simplifie la vie tout en prenant soin de votre linge. Faites l&rsquo;exp\u00e9rience d&rsquo;un appareil moderne et performant pour des v\u00eatements toujours impeccables.<\/p>\n","protected":false},"excerpt":{"rendered":"<p>Lave-linge s\u00e9chant hublot D\u00e9couvrez une solution innovante pour vos besoins de lessive avec notre lave-linge s\u00e9chant hublot. Alliant efficacit\u00e9 et polyvalence, il prend soin de votre linge en un seul cycle. Caract\u00e9ristiques Principales: Dimensions: 60 x 84.5 x 57 cm Capacit\u00e9 de lavage : 8 kg Capacit\u00e9 de s\u00e9chage : 5 kg Vitesse d&rsquo;essorage : [&hellip;]<\/p>\n","protected":false},"featured_media":9924,"comment_status":"open","ping_status":"closed","template":"","meta":[],"product_cat":[94],"product_tag":[],"class_list":{"0":"post-9925","1":"product","2":"type-product","3":"status-publish","4":"has-post-thumbnail","6":"product_cat-lave-linge-sechant","8":"first","9":"instock","10":"shipping-taxable","11":"purchasable","12":"product-type-simple"},"yoast_head":"<!-- This site is optimized with the Yoast SEO plugin v23.5 - https:\/\/yoast.com\/wordpress\/plugins\/seo\/ -->\n<title>Lave linge Beko Programmation Diff\u00e9r\u00e9e [K4COH-DAL-Q2] - Lave-Linge pour la maison<\/title>\n<meta name=\"robots\" content=\"index, follow, max-snippet:-1, max-image-preview:large, max-video-preview:-1\" \/>\n<link rel=\"canonical\" href=\"https:\/\/www.casanaute.fr\/boutique\/shop\/lave-linge-beko-programmation-differee-k4coh-dal-q2\/\" \/>\n<meta property=\"og:locale\" content=\"fr_FR\" \/>\n<meta property=\"og:type\" content=\"article\" \/>\n<meta property=\"og:title\" content=\"Lave linge Beko Programmation Diff\u00e9r\u00e9e [K4COH-DAL-Q2] - Lave-Linge pour la maison\" \/>\n<meta property=\"og:description\" content=\"Lave-linge s\u00e9chant hublot D\u00e9couvrez une solution innovante pour vos besoins de lessive avec notre lave-linge s\u00e9chant hublot. Alliant efficacit\u00e9 et polyvalence, il prend soin de votre linge en un seul cycle. Caract\u00e9ristiques Principales: Dimensions: 60 x 84.5 x 57 cm Capacit\u00e9 de lavage : 8 kg Capacit\u00e9 de s\u00e9chage : 5 kg Vitesse d&rsquo;essorage : [&hellip;]\" \/>\n<meta property=\"og:url\" content=\"https:\/\/www.casanaute.fr\/boutique\/shop\/lave-linge-beko-programmation-differee-k4coh-dal-q2\/\" \/>\n<meta property=\"og:site_name\" content=\"Lave-Linge pour la maison\" \/>\n<meta name=\"twitter:card\" content=\"summary_large_image\" \/>\n<meta name=\"twitter:label1\" content=\"Dur\u00e9e de lecture estim\u00e9e\" \/>\n\t<meta name=\"twitter:data1\" content=\"1 minute\" \/>\n<script type=\"application\/ld+json\" class=\"yoast-schema-graph\">{\"@context\":\"https:\/\/schema.org\",\"@graph\":[{\"@type\":\"WebPage\",\"@id\":\"https:\/\/www.casanaute.fr\/boutique\/shop\/lave-linge-beko-programmation-differee-k4coh-dal-q2\/\",\"url\":\"https:\/\/www.casanaute.fr\/boutique\/shop\/lave-linge-beko-programmation-differee-k4coh-dal-q2\/\",\"name\":\"Lave linge Beko Programmation Diff\u00e9r\u00e9e [K4COH-DAL-Q2] - Lave-Linge pour la maison\",\"isPartOf\":{\"@id\":\"https:\/\/www.casanaute.fr\/boutique\/#website\"},\"primaryImageOfPage\":{\"@id\":\"https:\/\/www.casanaute.fr\/boutique\/shop\/lave-linge-beko-programmation-differee-k4coh-dal-q2\/#primaryimage\"},\"image\":{\"@id\":\"https:\/\/www.casanaute.fr\/boutique\/shop\/lave-linge-beko-programmation-differee-k4coh-dal-q2\/#primaryimage\"},\"thumbnailUrl\":\"https:\/\/www.casanaute.fr\/boutique\/wp-content\/uploads\/2024\/09\/359-Photoroom-8.jpg\",\"datePublished\":\"2024-09-30T12:16:40+00:00\",\"dateModified\":\"2024-09-30T12:16:40+00:00\",\"breadcrumb\":{\"@id\":\"https:\/\/www.casanaute.fr\/boutique\/shop\/lave-linge-beko-programmation-differee-k4coh-dal-q2\/#breadcrumb\"},\"inLanguage\":\"fr-FR\",\"potentialAction\":[{\"@type\":\"ReadAction\",\"target\":[\"https:\/\/www.casanaute.fr\/boutique\/shop\/lave-linge-beko-programmation-differee-k4coh-dal-q2\/\"]}]},{\"@type\":\"ImageObject\",\"inLanguage\":\"fr-FR\",\"@id\":\"https:\/\/www.casanaute.fr\/boutique\/shop\/lave-linge-beko-programmation-differee-k4coh-dal-q2\/#primaryimage\",\"url\":\"https:\/\/www.casanaute.fr\/boutique\/wp-content\/uploads\/2024\/09\/359-Photoroom-8.jpg\",\"contentUrl\":\"https:\/\/www.casanaute.fr\/boutique\/wp-content\/uploads\/2024\/09\/359-Photoroom-8.jpg\",\"width\":1900,\"height\":1900},{\"@type\":\"BreadcrumbList\",\"@id\":\"https:\/\/www.casanaute.fr\/boutique\/shop\/lave-linge-beko-programmation-differee-k4coh-dal-q2\/#breadcrumb\",\"itemListElement\":[{\"@type\":\"ListItem\",\"position\":1,\"name\":\"Home\",\"item\":\"https:\/\/www.casanaute.fr\/boutique\/\"},{\"@type\":\"ListItem\",\"position\":2,\"name\":\"Boutique\",\"item\":\"https:\/\/www.casanaute.fr\/boutique\/shop\/\"},{\"@type\":\"ListItem\",\"position\":3,\"name\":\"Lave linge Beko Programmation Diff\u00e9r\u00e9e [K4COH-DAL-Q2]\"}]},{\"@type\":\"WebSite\",\"@id\":\"https:\/\/www.casanaute.fr\/boutique\/#website\",\"url\":\"https:\/\/www.casanaute.fr\/boutique\/\",\"name\":\"Hotte Discount\",\"description\":\"\",\"potentialAction\":[{\"@type\":\"SearchAction\",\"target\":{\"@type\":\"EntryPoint\",\"urlTemplate\":\"https:\/\/www.casanaute.fr\/boutique\/?s={search_term_string}\"},\"query-input\":{\"@type\":\"PropertyValueSpecification\",\"valueRequired\":true,\"valueName\":\"search_term_string\"}}],\"inLanguage\":\"fr-FR\"}]}<\/script>\n<!-- \/ Yoast SEO plugin. -->","yoast_head_json":{"title":"Lave linge Beko Programmation Diff\u00e9r\u00e9e [K4COH-DAL-Q2] - Lave-Linge pour la maison","robots":{"index":"index","follow":"follow","max-snippet":"max-snippet:-1","max-image-preview":"max-image-preview:large","max-video-preview":"max-video-preview:-1"},"canonical":"https:\/\/www.casanaute.fr\/boutique\/shop\/lave-linge-beko-programmation-differee-k4coh-dal-q2\/","og_locale":"fr_FR","og_type":"article","og_title":"Lave linge Beko Programmation Diff\u00e9r\u00e9e [K4COH-DAL-Q2] - Lave-Linge pour la maison","og_description":"Lave-linge s\u00e9chant hublot D\u00e9couvrez une solution innovante pour vos besoins de lessive avec notre lave-linge s\u00e9chant hublot. Alliant efficacit\u00e9 et polyvalence, il prend soin de votre linge en un seul cycle. Caract\u00e9ristiques Principales: Dimensions: 60 x 84.5 x 57 cm Capacit\u00e9 de lavage : 8 kg Capacit\u00e9 de s\u00e9chage : 5 kg Vitesse d&rsquo;essorage : [&hellip;]","og_url":"https:\/\/www.casanaute.fr\/boutique\/shop\/lave-linge-beko-programmation-differee-k4coh-dal-q2\/","og_site_name":"Lave-Linge pour la maison","twitter_card":"summary_large_image","twitter_misc":{"Dur\u00e9e de lecture estim\u00e9e":"1 minute"},"schema":{"@context":"https:\/\/schema.org","@graph":[{"@type":"WebPage","@id":"https:\/\/www.casanaute.fr\/boutique\/shop\/lave-linge-beko-programmation-differee-k4coh-dal-q2\/","url":"https:\/\/www.casanaute.fr\/boutique\/shop\/lave-linge-beko-programmation-differee-k4coh-dal-q2\/","name":"Lave linge Beko Programmation Diff\u00e9r\u00e9e [K4COH-DAL-Q2] - Lave-Linge pour la maison","isPartOf":{"@id":"https:\/\/www.casanaute.fr\/boutique\/#website"},"primaryImageOfPage":{"@id":"https:\/\/www.casanaute.fr\/boutique\/shop\/lave-linge-beko-programmation-differee-k4coh-dal-q2\/#primaryimage"},"image":{"@id":"https:\/\/www.casanaute.fr\/boutique\/shop\/lave-linge-beko-programmation-differee-k4coh-dal-q2\/#primaryimage"},"thumbnailUrl":"https:\/\/www.casanaute.fr\/boutique\/wp-content\/uploads\/2024\/09\/359-Photoroom-8.jpg","datePublished":"2024-09-30T12:16:40+00:00","dateModified":"2024-09-30T12:16:40+00:00","breadcrumb":{"@id":"https:\/\/www.casanaute.fr\/boutique\/shop\/lave-linge-beko-programmation-differee-k4coh-dal-q2\/#breadcrumb"},"inLanguage":"fr-FR","potentialAction":[{"@type":"ReadAction","target":["https:\/\/www.casanaute.fr\/boutique\/shop\/lave-linge-beko-programmation-differee-k4coh-dal-q2\/"]}]},{"@type":"ImageObject","inLanguage":"fr-FR","@id":"https:\/\/www.casanaute.fr\/boutique\/shop\/lave-linge-beko-programmation-differee-k4coh-dal-q2\/#primaryimage","url":"https:\/\/www.casanaute.fr\/boutique\/wp-content\/uploads\/2024\/09\/359-Photoroom-8.jpg","contentUrl":"https:\/\/www.casanaute.fr\/boutique\/wp-content\/uploads\/2024\/09\/359-Photoroom-8.jpg","width":1900,"height":1900},{"@type":"BreadcrumbList","@id":"https:\/\/www.casanaute.fr\/boutique\/shop\/lave-linge-beko-programmation-differee-k4coh-dal-q2\/#breadcrumb","itemListElement":[{"@type":"ListItem","position":1,"name":"Home","item":"https:\/\/www.casanaute.fr\/boutique\/"},{"@type":"ListItem","position":2,"name":"Boutique","item":"https:\/\/www.casanaute.fr\/boutique\/shop\/"},{"@type":"ListItem","position":3,"name":"Lave linge Beko Programmation Diff\u00e9r\u00e9e [K4COH-DAL-Q2]"}]},{"@type":"WebSite","@id":"https:\/\/www.casanaute.fr\/boutique\/#website","url":"https:\/\/www.casanaute.fr\/boutique\/","name":"Hotte Discount","description":"","potentialAction":[{"@type":"SearchAction","target":{"@type":"EntryPoint","urlTemplate":"https:\/\/www.casanaute.fr\/boutique\/?s={search_term_string}"},"query-input":{"@type":"PropertyValueSpecification","valueRequired":true,"valueName":"search_term_string"}}],"inLanguage":"fr-FR"}]}},"_links":{"self":[{"href":"https:\/\/www.casanaute.fr\/boutique\/wp-json\/wp\/v2\/product\/9925","targetHints":{"allow":["GET"]}}],"collection":[{"href":"https:\/\/www.casanaute.fr\/boutique\/wp-json\/wp\/v2\/product"}],"about":[{"href":"https:\/\/www.casanaute.fr\/boutique\/wp-json\/wp\/v2\/types\/product"}],"replies":[{"embeddable":true,"href":"https:\/\/www.casanaute.fr\/boutique\/wp-json\/wp\/v2\/comments?post=9925"}],"wp:featuredmedia":[{"embeddable":true,"href":"https:\/\/www.casanaute.fr\/boutique\/wp-json\/wp\/v2\/media\/9924"}],"wp:attachment":[{"href":"https:\/\/www.casanaute.fr\/boutique\/wp-json\/wp\/v2\/media?parent=9925"}],"wp:term":[{"taxonomy":"product_cat","embeddable":true,"href":"https:\/\/www.casanaute.fr\/boutique\/wp-json\/wp\/v2\/product_cat?post=9925"},{"taxonomy":"product_tag","embeddable":true,"href":"https:\/\/www.casanaute.fr\/boutique\/wp-json\/wp\/v2\/product_tag?post=9925"}],"curies":[{"name":"wp","href":"https:\/\/api.w.org\/{rel}","templated":true}]}}