{"id":9921,"date":"2024-09-30T14:16:32","date_gmt":"2024-09-30T12:16:32","guid":{"rendered":"https:\/\/www.casanaute.fr\/boutique\/shop\/lave-linge-beko-detection-automatique-de-charge-y-7zc-l9nnmk\/"},"modified":"2024-09-30T14:16:32","modified_gmt":"2024-09-30T12:16:32","slug":"lave-linge-beko-detection-automatique-de-charge-y-7zc-l9nnmk","status":"publish","type":"product","link":"https:\/\/www.casanaute.fr\/boutique\/shop\/lave-linge-beko-detection-automatique-de-charge-y-7zc-l9nnmk\/","title":{"rendered":"Lave linge Beko D\u00e9tection Automatique de Charge [Y-7ZC-L9NNMK]"},"content":{"rendered":"<h2>Transformez votre exp\u00e9rience de lessive<\/h2>\n<p>D\u00e9couvrez une solution tout-en-un pour vos besoins en lavage et s\u00e9chage.<\/p>\n<p><strong>Les personnes qui cherchent un appareil performant et compact seront enchant\u00e9es.<\/strong><\/p>\n<p>Gagnez du temps et de l&rsquo;espace avec cet appareil performant de 60 x 84.5 x 57 cm.<\/p>\n<h2>Caract\u00e9ristiques principales<\/h2>\n<ul>\n<li>Capacit\u00e9 de lavage : 8 kg<\/li>\n<li>S\u00e9chage : 5 kg<\/li>\n<li>\u00c9cran num\u00e9rique pour un usage simplifi\u00e9<\/li>\n<li>Programmes personnalisables<\/li>\n<\/ul>\n<h2>Fonctionnalit\u00e9s avanc\u00e9es<\/h2>\n<ol>\n<li>Technologie OptiSense pour un lavage optimis\u00e9<\/li>\n<li>Fonction antiallergique pour un linge impeccable<\/li>\n<li>Mode rapide : lavage et s\u00e9chage en moins d&rsquo;une heure<\/li>\n<\/ol>\n<h2>Pourquoi choisir ce mod\u00e8le ?<\/h2>\n<p><strong>Polyvalence, efficacit\u00e9 et encombrement r\u00e9duit.<\/strong> Optimisez votre espace et facilitez votre quotidien!<\/p>\n","protected":false},"excerpt":{"rendered":"<p>Transformez votre exp\u00e9rience de lessive D\u00e9couvrez une solution tout-en-un pour vos besoins en lavage et s\u00e9chage. Les personnes qui cherchent un appareil performant et compact seront enchant\u00e9es. Gagnez du temps et de l&rsquo;espace avec cet appareil performant de 60 x 84.5 x 57 cm. Caract\u00e9ristiques principales Capacit\u00e9 de lavage : 8 kg S\u00e9chage : 5 [&hellip;]<\/p>\n","protected":false},"featured_media":9920,"comment_status":"open","ping_status":"closed","template":"","meta":[],"product_cat":[94],"product_tag":[],"class_list":{"0":"post-9921","1":"product","2":"type-product","3":"status-publish","4":"has-post-thumbnail","6":"product_cat-lave-linge-sechant","8":"first","9":"instock","10":"shipping-taxable","11":"purchasable","12":"product-type-simple"},"yoast_head":"<!-- This site is optimized with the Yoast SEO plugin v23.5 - https:\/\/yoast.com\/wordpress\/plugins\/seo\/ -->\n<title>Lave linge Beko D\u00e9tection Automatique de Charge [Y-7ZC-L9NNMK] - Lave-Linge pour la maison<\/title>\n<meta name=\"robots\" content=\"index, follow, max-snippet:-1, max-image-preview:large, max-video-preview:-1\" \/>\n<link rel=\"canonical\" href=\"https:\/\/www.casanaute.fr\/boutique\/shop\/lave-linge-beko-detection-automatique-de-charge-y-7zc-l9nnmk\/\" \/>\n<meta property=\"og:locale\" content=\"fr_FR\" \/>\n<meta property=\"og:type\" content=\"article\" \/>\n<meta property=\"og:title\" content=\"Lave linge Beko D\u00e9tection Automatique de Charge [Y-7ZC-L9NNMK] - Lave-Linge pour la maison\" \/>\n<meta property=\"og:description\" content=\"Transformez votre exp\u00e9rience de lessive D\u00e9couvrez une solution tout-en-un pour vos besoins en lavage et s\u00e9chage. Les personnes qui cherchent un appareil performant et compact seront enchant\u00e9es. Gagnez du temps et de l&rsquo;espace avec cet appareil performant de 60 x 84.5 x 57 cm. Caract\u00e9ristiques principales Capacit\u00e9 de lavage : 8 kg S\u00e9chage : 5 [&hellip;]\" \/>\n<meta property=\"og:url\" content=\"https:\/\/www.casanaute.fr\/boutique\/shop\/lave-linge-beko-detection-automatique-de-charge-y-7zc-l9nnmk\/\" \/>\n<meta property=\"og:site_name\" content=\"Lave-Linge pour la maison\" \/>\n<meta name=\"twitter:card\" content=\"summary_large_image\" \/>\n<meta name=\"twitter:label1\" content=\"Dur\u00e9e de lecture estim\u00e9e\" \/>\n\t<meta name=\"twitter:data1\" content=\"1 minute\" \/>\n<script type=\"application\/ld+json\" class=\"yoast-schema-graph\">{\"@context\":\"https:\/\/schema.org\",\"@graph\":[{\"@type\":\"WebPage\",\"@id\":\"https:\/\/www.casanaute.fr\/boutique\/shop\/lave-linge-beko-detection-automatique-de-charge-y-7zc-l9nnmk\/\",\"url\":\"https:\/\/www.casanaute.fr\/boutique\/shop\/lave-linge-beko-detection-automatique-de-charge-y-7zc-l9nnmk\/\",\"name\":\"Lave linge Beko D\u00e9tection Automatique de Charge [Y-7ZC-L9NNMK] - Lave-Linge pour la maison\",\"isPartOf\":{\"@id\":\"https:\/\/www.casanaute.fr\/boutique\/#website\"},\"primaryImageOfPage\":{\"@id\":\"https:\/\/www.casanaute.fr\/boutique\/shop\/lave-linge-beko-detection-automatique-de-charge-y-7zc-l9nnmk\/#primaryimage\"},\"image\":{\"@id\":\"https:\/\/www.casanaute.fr\/boutique\/shop\/lave-linge-beko-detection-automatique-de-charge-y-7zc-l9nnmk\/#primaryimage\"},\"thumbnailUrl\":\"https:\/\/www.casanaute.fr\/boutique\/wp-content\/uploads\/2024\/09\/359-Photoroom-6.jpg\",\"datePublished\":\"2024-09-30T12:16:32+00:00\",\"dateModified\":\"2024-09-30T12:16:32+00:00\",\"breadcrumb\":{\"@id\":\"https:\/\/www.casanaute.fr\/boutique\/shop\/lave-linge-beko-detection-automatique-de-charge-y-7zc-l9nnmk\/#breadcrumb\"},\"inLanguage\":\"fr-FR\",\"potentialAction\":[{\"@type\":\"ReadAction\",\"target\":[\"https:\/\/www.casanaute.fr\/boutique\/shop\/lave-linge-beko-detection-automatique-de-charge-y-7zc-l9nnmk\/\"]}]},{\"@type\":\"ImageObject\",\"inLanguage\":\"fr-FR\",\"@id\":\"https:\/\/www.casanaute.fr\/boutique\/shop\/lave-linge-beko-detection-automatique-de-charge-y-7zc-l9nnmk\/#primaryimage\",\"url\":\"https:\/\/www.casanaute.fr\/boutique\/wp-content\/uploads\/2024\/09\/359-Photoroom-6.jpg\",\"contentUrl\":\"https:\/\/www.casanaute.fr\/boutique\/wp-content\/uploads\/2024\/09\/359-Photoroom-6.jpg\",\"width\":1900,\"height\":1900},{\"@type\":\"BreadcrumbList\",\"@id\":\"https:\/\/www.casanaute.fr\/boutique\/shop\/lave-linge-beko-detection-automatique-de-charge-y-7zc-l9nnmk\/#breadcrumb\",\"itemListElement\":[{\"@type\":\"ListItem\",\"position\":1,\"name\":\"Home\",\"item\":\"https:\/\/www.casanaute.fr\/boutique\/\"},{\"@type\":\"ListItem\",\"position\":2,\"name\":\"Boutique\",\"item\":\"https:\/\/www.casanaute.fr\/boutique\/shop\/\"},{\"@type\":\"ListItem\",\"position\":3,\"name\":\"Lave linge Beko D\u00e9tection Automatique de Charge [Y-7ZC-L9NNMK]\"}]},{\"@type\":\"WebSite\",\"@id\":\"https:\/\/www.casanaute.fr\/boutique\/#website\",\"url\":\"https:\/\/www.casanaute.fr\/boutique\/\",\"name\":\"Hotte Discount\",\"description\":\"\",\"potentialAction\":[{\"@type\":\"SearchAction\",\"target\":{\"@type\":\"EntryPoint\",\"urlTemplate\":\"https:\/\/www.casanaute.fr\/boutique\/?s={search_term_string}\"},\"query-input\":{\"@type\":\"PropertyValueSpecification\",\"valueRequired\":true,\"valueName\":\"search_term_string\"}}],\"inLanguage\":\"fr-FR\"}]}<\/script>\n<!-- \/ Yoast SEO plugin. -->","yoast_head_json":{"title":"Lave linge Beko D\u00e9tection Automatique de Charge [Y-7ZC-L9NNMK] - Lave-Linge pour la maison","robots":{"index":"index","follow":"follow","max-snippet":"max-snippet:-1","max-image-preview":"max-image-preview:large","max-video-preview":"max-video-preview:-1"},"canonical":"https:\/\/www.casanaute.fr\/boutique\/shop\/lave-linge-beko-detection-automatique-de-charge-y-7zc-l9nnmk\/","og_locale":"fr_FR","og_type":"article","og_title":"Lave linge Beko D\u00e9tection Automatique de Charge [Y-7ZC-L9NNMK] - Lave-Linge pour la maison","og_description":"Transformez votre exp\u00e9rience de lessive D\u00e9couvrez une solution tout-en-un pour vos besoins en lavage et s\u00e9chage. Les personnes qui cherchent un appareil performant et compact seront enchant\u00e9es. Gagnez du temps et de l&rsquo;espace avec cet appareil performant de 60 x 84.5 x 57 cm. Caract\u00e9ristiques principales Capacit\u00e9 de lavage : 8 kg S\u00e9chage : 5 [&hellip;]","og_url":"https:\/\/www.casanaute.fr\/boutique\/shop\/lave-linge-beko-detection-automatique-de-charge-y-7zc-l9nnmk\/","og_site_name":"Lave-Linge pour la maison","twitter_card":"summary_large_image","twitter_misc":{"Dur\u00e9e de lecture estim\u00e9e":"1 minute"},"schema":{"@context":"https:\/\/schema.org","@graph":[{"@type":"WebPage","@id":"https:\/\/www.casanaute.fr\/boutique\/shop\/lave-linge-beko-detection-automatique-de-charge-y-7zc-l9nnmk\/","url":"https:\/\/www.casanaute.fr\/boutique\/shop\/lave-linge-beko-detection-automatique-de-charge-y-7zc-l9nnmk\/","name":"Lave linge Beko D\u00e9tection Automatique de Charge [Y-7ZC-L9NNMK] - Lave-Linge pour la maison","isPartOf":{"@id":"https:\/\/www.casanaute.fr\/boutique\/#website"},"primaryImageOfPage":{"@id":"https:\/\/www.casanaute.fr\/boutique\/shop\/lave-linge-beko-detection-automatique-de-charge-y-7zc-l9nnmk\/#primaryimage"},"image":{"@id":"https:\/\/www.casanaute.fr\/boutique\/shop\/lave-linge-beko-detection-automatique-de-charge-y-7zc-l9nnmk\/#primaryimage"},"thumbnailUrl":"https:\/\/www.casanaute.fr\/boutique\/wp-content\/uploads\/2024\/09\/359-Photoroom-6.jpg","datePublished":"2024-09-30T12:16:32+00:00","dateModified":"2024-09-30T12:16:32+00:00","breadcrumb":{"@id":"https:\/\/www.casanaute.fr\/boutique\/shop\/lave-linge-beko-detection-automatique-de-charge-y-7zc-l9nnmk\/#breadcrumb"},"inLanguage":"fr-FR","potentialAction":[{"@type":"ReadAction","target":["https:\/\/www.casanaute.fr\/boutique\/shop\/lave-linge-beko-detection-automatique-de-charge-y-7zc-l9nnmk\/"]}]},{"@type":"ImageObject","inLanguage":"fr-FR","@id":"https:\/\/www.casanaute.fr\/boutique\/shop\/lave-linge-beko-detection-automatique-de-charge-y-7zc-l9nnmk\/#primaryimage","url":"https:\/\/www.casanaute.fr\/boutique\/wp-content\/uploads\/2024\/09\/359-Photoroom-6.jpg","contentUrl":"https:\/\/www.casanaute.fr\/boutique\/wp-content\/uploads\/2024\/09\/359-Photoroom-6.jpg","width":1900,"height":1900},{"@type":"BreadcrumbList","@id":"https:\/\/www.casanaute.fr\/boutique\/shop\/lave-linge-beko-detection-automatique-de-charge-y-7zc-l9nnmk\/#breadcrumb","itemListElement":[{"@type":"ListItem","position":1,"name":"Home","item":"https:\/\/www.casanaute.fr\/boutique\/"},{"@type":"ListItem","position":2,"name":"Boutique","item":"https:\/\/www.casanaute.fr\/boutique\/shop\/"},{"@type":"ListItem","position":3,"name":"Lave linge Beko D\u00e9tection Automatique de Charge [Y-7ZC-L9NNMK]"}]},{"@type":"WebSite","@id":"https:\/\/www.casanaute.fr\/boutique\/#website","url":"https:\/\/www.casanaute.fr\/boutique\/","name":"Hotte Discount","description":"","potentialAction":[{"@type":"SearchAction","target":{"@type":"EntryPoint","urlTemplate":"https:\/\/www.casanaute.fr\/boutique\/?s={search_term_string}"},"query-input":{"@type":"PropertyValueSpecification","valueRequired":true,"valueName":"search_term_string"}}],"inLanguage":"fr-FR"}]}},"_links":{"self":[{"href":"https:\/\/www.casanaute.fr\/boutique\/wp-json\/wp\/v2\/product\/9921","targetHints":{"allow":["GET"]}}],"collection":[{"href":"https:\/\/www.casanaute.fr\/boutique\/wp-json\/wp\/v2\/product"}],"about":[{"href":"https:\/\/www.casanaute.fr\/boutique\/wp-json\/wp\/v2\/types\/product"}],"replies":[{"embeddable":true,"href":"https:\/\/www.casanaute.fr\/boutique\/wp-json\/wp\/v2\/comments?post=9921"}],"wp:featuredmedia":[{"embeddable":true,"href":"https:\/\/www.casanaute.fr\/boutique\/wp-json\/wp\/v2\/media\/9920"}],"wp:attachment":[{"href":"https:\/\/www.casanaute.fr\/boutique\/wp-json\/wp\/v2\/media?parent=9921"}],"wp:term":[{"taxonomy":"product_cat","embeddable":true,"href":"https:\/\/www.casanaute.fr\/boutique\/wp-json\/wp\/v2\/product_cat?post=9921"},{"taxonomy":"product_tag","embeddable":true,"href":"https:\/\/www.casanaute.fr\/boutique\/wp-json\/wp\/v2\/product_tag?post=9921"}],"curies":[{"name":"wp","href":"https:\/\/api.w.org\/{rel}","templated":true}]}}