{"id":9915,"date":"2024-09-30T14:16:21","date_gmt":"2024-09-30T12:16:21","guid":{"rendered":"https:\/\/www.casanaute.fr\/boutique\/shop\/lave-linge-beko-energie-classe-a-30c29oi7-a-v\/"},"modified":"2024-09-30T14:16:21","modified_gmt":"2024-09-30T12:16:21","slug":"lave-linge-beko-energie-classe-a-30c29oi7-a-v","status":"publish","type":"product","link":"https:\/\/www.casanaute.fr\/boutique\/shop\/lave-linge-beko-energie-classe-a-30c29oi7-a-v\/","title":{"rendered":"Lave linge Beko Energie Classe A+++ [30C29OI7-A-V]"},"content":{"rendered":"<h2>D\u00e9couvrez l&rsquo;efficacit\u00e9 du lavage et du s\u00e9chage<\/h2>\n<p>Optimisez votre temps et l&rsquo;espace de votre maison gr\u00e2ce \u00e0 ce lave-linge s\u00e9chant compact et performant. Id\u00e9al pour les familles, il combine un lave-linge et un s\u00e8che-linge, vous offrant une solution tout-en-un pour vos lessives.<\/p>\n<h2>Caract\u00e9ristiques principales<\/h2>\n<ul>\n<li><strong>Capacit\u00e9 Standard :<\/strong> 8kg pour laver, id\u00e9al pour les charges de linge r\u00e9guli\u00e8res.<\/li>\n<li><strong>Dimensions :<\/strong> L 60 x H 84.5 x P 57 cm, un format compact pour s&rsquo;adapter \u00e0 tous les espaces.<\/li>\n<li><strong>Technologie de s\u00e9chage :<\/strong> Air Condensation pour des v\u00eatements pr\u00eats \u00e0 porter.<\/li>\n<\/ul>\n<h2>Fonctionnalit\u00e9s avanc\u00e9es<\/h2>\n<ol>\n<li><strong>Programmes diversifi\u00e9s :<\/strong> Une multitude de programmes pour diff\u00e9rents types de textiles et de niveaux de salissure.<\/li>\n<li><strong>\u00c9conomie d&rsquo;\u00e9nergie :<\/strong> Syst\u00e8me de gestion de l&rsquo;eau et de l&rsquo;\u00e9lectricit\u00e9 pour une consommation r\u00e9duite.<\/li>\n<li><strong>Mode rapide :<\/strong> Cycle express pour des v\u00eatements propres en un temps record.<\/li>\n<\/ol>\n<h2>Un choix intelligent pour un quotidien facilit\u00e9<\/h2>\n<p>Faites l&rsquo;exp\u00e9rience d&rsquo;une lessive facile et sans effort avec un appareil performant et fiable qui s&rsquo;int\u00e8gre parfaitement \u00e0 votre int\u00e9rieur. Transformez votre quotidien avec une solution de lavage compl\u00e8te et efficace.<\/p>\n","protected":false},"excerpt":{"rendered":"<p>D\u00e9couvrez l&rsquo;efficacit\u00e9 du lavage et du s\u00e9chage Optimisez votre temps et l&rsquo;espace de votre maison gr\u00e2ce \u00e0 ce lave-linge s\u00e9chant compact et performant. Id\u00e9al pour les familles, il combine un lave-linge et un s\u00e8che-linge, vous offrant une solution tout-en-un pour vos lessives. Caract\u00e9ristiques principales Capacit\u00e9 Standard : 8kg pour laver, id\u00e9al pour les charges de [&hellip;]<\/p>\n","protected":false},"featured_media":9914,"comment_status":"open","ping_status":"closed","template":"","meta":[],"product_cat":[94],"product_tag":[],"class_list":{"0":"post-9915","1":"product","2":"type-product","3":"status-publish","4":"has-post-thumbnail","6":"product_cat-lave-linge-sechant","8":"first","9":"instock","10":"shipping-taxable","11":"purchasable","12":"product-type-simple"},"yoast_head":"<!-- This site is optimized with the Yoast SEO plugin v23.5 - https:\/\/yoast.com\/wordpress\/plugins\/seo\/ -->\n<title>Lave linge Beko Energie Classe A+++ [30C29OI7-A-V] - Lave-Linge pour la maison<\/title>\n<meta name=\"robots\" content=\"index, follow, max-snippet:-1, max-image-preview:large, max-video-preview:-1\" \/>\n<link rel=\"canonical\" href=\"https:\/\/www.casanaute.fr\/boutique\/shop\/lave-linge-beko-energie-classe-a-30c29oi7-a-v\/\" \/>\n<meta property=\"og:locale\" content=\"fr_FR\" \/>\n<meta property=\"og:type\" content=\"article\" \/>\n<meta property=\"og:title\" content=\"Lave linge Beko Energie Classe A+++ [30C29OI7-A-V] - Lave-Linge pour la maison\" \/>\n<meta property=\"og:description\" content=\"D\u00e9couvrez l&rsquo;efficacit\u00e9 du lavage et du s\u00e9chage Optimisez votre temps et l&rsquo;espace de votre maison gr\u00e2ce \u00e0 ce lave-linge s\u00e9chant compact et performant. Id\u00e9al pour les familles, il combine un lave-linge et un s\u00e8che-linge, vous offrant une solution tout-en-un pour vos lessives. Caract\u00e9ristiques principales Capacit\u00e9 Standard : 8kg pour laver, id\u00e9al pour les charges de [&hellip;]\" \/>\n<meta property=\"og:url\" content=\"https:\/\/www.casanaute.fr\/boutique\/shop\/lave-linge-beko-energie-classe-a-30c29oi7-a-v\/\" \/>\n<meta property=\"og:site_name\" content=\"Lave-Linge pour la maison\" \/>\n<meta name=\"twitter:card\" content=\"summary_large_image\" \/>\n<meta name=\"twitter:label1\" content=\"Dur\u00e9e de lecture estim\u00e9e\" \/>\n\t<meta name=\"twitter:data1\" content=\"1 minute\" \/>\n<script type=\"application\/ld+json\" class=\"yoast-schema-graph\">{\"@context\":\"https:\/\/schema.org\",\"@graph\":[{\"@type\":\"WebPage\",\"@id\":\"https:\/\/www.casanaute.fr\/boutique\/shop\/lave-linge-beko-energie-classe-a-30c29oi7-a-v\/\",\"url\":\"https:\/\/www.casanaute.fr\/boutique\/shop\/lave-linge-beko-energie-classe-a-30c29oi7-a-v\/\",\"name\":\"Lave linge Beko Energie Classe A+++ [30C29OI7-A-V] - Lave-Linge pour la maison\",\"isPartOf\":{\"@id\":\"https:\/\/www.casanaute.fr\/boutique\/#website\"},\"primaryImageOfPage\":{\"@id\":\"https:\/\/www.casanaute.fr\/boutique\/shop\/lave-linge-beko-energie-classe-a-30c29oi7-a-v\/#primaryimage\"},\"image\":{\"@id\":\"https:\/\/www.casanaute.fr\/boutique\/shop\/lave-linge-beko-energie-classe-a-30c29oi7-a-v\/#primaryimage\"},\"thumbnailUrl\":\"https:\/\/www.casanaute.fr\/boutique\/wp-content\/uploads\/2024\/09\/359-Photoroom-3.jpg\",\"datePublished\":\"2024-09-30T12:16:21+00:00\",\"dateModified\":\"2024-09-30T12:16:21+00:00\",\"breadcrumb\":{\"@id\":\"https:\/\/www.casanaute.fr\/boutique\/shop\/lave-linge-beko-energie-classe-a-30c29oi7-a-v\/#breadcrumb\"},\"inLanguage\":\"fr-FR\",\"potentialAction\":[{\"@type\":\"ReadAction\",\"target\":[\"https:\/\/www.casanaute.fr\/boutique\/shop\/lave-linge-beko-energie-classe-a-30c29oi7-a-v\/\"]}]},{\"@type\":\"ImageObject\",\"inLanguage\":\"fr-FR\",\"@id\":\"https:\/\/www.casanaute.fr\/boutique\/shop\/lave-linge-beko-energie-classe-a-30c29oi7-a-v\/#primaryimage\",\"url\":\"https:\/\/www.casanaute.fr\/boutique\/wp-content\/uploads\/2024\/09\/359-Photoroom-3.jpg\",\"contentUrl\":\"https:\/\/www.casanaute.fr\/boutique\/wp-content\/uploads\/2024\/09\/359-Photoroom-3.jpg\",\"width\":1900,\"height\":1900},{\"@type\":\"BreadcrumbList\",\"@id\":\"https:\/\/www.casanaute.fr\/boutique\/shop\/lave-linge-beko-energie-classe-a-30c29oi7-a-v\/#breadcrumb\",\"itemListElement\":[{\"@type\":\"ListItem\",\"position\":1,\"name\":\"Home\",\"item\":\"https:\/\/www.casanaute.fr\/boutique\/\"},{\"@type\":\"ListItem\",\"position\":2,\"name\":\"Boutique\",\"item\":\"https:\/\/www.casanaute.fr\/boutique\/shop\/\"},{\"@type\":\"ListItem\",\"position\":3,\"name\":\"Lave linge Beko Energie Classe A+++ [30C29OI7-A-V]\"}]},{\"@type\":\"WebSite\",\"@id\":\"https:\/\/www.casanaute.fr\/boutique\/#website\",\"url\":\"https:\/\/www.casanaute.fr\/boutique\/\",\"name\":\"Hotte Discount\",\"description\":\"\",\"potentialAction\":[{\"@type\":\"SearchAction\",\"target\":{\"@type\":\"EntryPoint\",\"urlTemplate\":\"https:\/\/www.casanaute.fr\/boutique\/?s={search_term_string}\"},\"query-input\":{\"@type\":\"PropertyValueSpecification\",\"valueRequired\":true,\"valueName\":\"search_term_string\"}}],\"inLanguage\":\"fr-FR\"}]}<\/script>\n<!-- \/ Yoast SEO plugin. -->","yoast_head_json":{"title":"Lave linge Beko Energie Classe A+++ [30C29OI7-A-V] - Lave-Linge pour la maison","robots":{"index":"index","follow":"follow","max-snippet":"max-snippet:-1","max-image-preview":"max-image-preview:large","max-video-preview":"max-video-preview:-1"},"canonical":"https:\/\/www.casanaute.fr\/boutique\/shop\/lave-linge-beko-energie-classe-a-30c29oi7-a-v\/","og_locale":"fr_FR","og_type":"article","og_title":"Lave linge Beko Energie Classe A+++ [30C29OI7-A-V] - Lave-Linge pour la maison","og_description":"D\u00e9couvrez l&rsquo;efficacit\u00e9 du lavage et du s\u00e9chage Optimisez votre temps et l&rsquo;espace de votre maison gr\u00e2ce \u00e0 ce lave-linge s\u00e9chant compact et performant. Id\u00e9al pour les familles, il combine un lave-linge et un s\u00e8che-linge, vous offrant une solution tout-en-un pour vos lessives. Caract\u00e9ristiques principales Capacit\u00e9 Standard : 8kg pour laver, id\u00e9al pour les charges de [&hellip;]","og_url":"https:\/\/www.casanaute.fr\/boutique\/shop\/lave-linge-beko-energie-classe-a-30c29oi7-a-v\/","og_site_name":"Lave-Linge pour la maison","twitter_card":"summary_large_image","twitter_misc":{"Dur\u00e9e de lecture estim\u00e9e":"1 minute"},"schema":{"@context":"https:\/\/schema.org","@graph":[{"@type":"WebPage","@id":"https:\/\/www.casanaute.fr\/boutique\/shop\/lave-linge-beko-energie-classe-a-30c29oi7-a-v\/","url":"https:\/\/www.casanaute.fr\/boutique\/shop\/lave-linge-beko-energie-classe-a-30c29oi7-a-v\/","name":"Lave linge Beko Energie Classe A+++ [30C29OI7-A-V] - Lave-Linge pour la maison","isPartOf":{"@id":"https:\/\/www.casanaute.fr\/boutique\/#website"},"primaryImageOfPage":{"@id":"https:\/\/www.casanaute.fr\/boutique\/shop\/lave-linge-beko-energie-classe-a-30c29oi7-a-v\/#primaryimage"},"image":{"@id":"https:\/\/www.casanaute.fr\/boutique\/shop\/lave-linge-beko-energie-classe-a-30c29oi7-a-v\/#primaryimage"},"thumbnailUrl":"https:\/\/www.casanaute.fr\/boutique\/wp-content\/uploads\/2024\/09\/359-Photoroom-3.jpg","datePublished":"2024-09-30T12:16:21+00:00","dateModified":"2024-09-30T12:16:21+00:00","breadcrumb":{"@id":"https:\/\/www.casanaute.fr\/boutique\/shop\/lave-linge-beko-energie-classe-a-30c29oi7-a-v\/#breadcrumb"},"inLanguage":"fr-FR","potentialAction":[{"@type":"ReadAction","target":["https:\/\/www.casanaute.fr\/boutique\/shop\/lave-linge-beko-energie-classe-a-30c29oi7-a-v\/"]}]},{"@type":"ImageObject","inLanguage":"fr-FR","@id":"https:\/\/www.casanaute.fr\/boutique\/shop\/lave-linge-beko-energie-classe-a-30c29oi7-a-v\/#primaryimage","url":"https:\/\/www.casanaute.fr\/boutique\/wp-content\/uploads\/2024\/09\/359-Photoroom-3.jpg","contentUrl":"https:\/\/www.casanaute.fr\/boutique\/wp-content\/uploads\/2024\/09\/359-Photoroom-3.jpg","width":1900,"height":1900},{"@type":"BreadcrumbList","@id":"https:\/\/www.casanaute.fr\/boutique\/shop\/lave-linge-beko-energie-classe-a-30c29oi7-a-v\/#breadcrumb","itemListElement":[{"@type":"ListItem","position":1,"name":"Home","item":"https:\/\/www.casanaute.fr\/boutique\/"},{"@type":"ListItem","position":2,"name":"Boutique","item":"https:\/\/www.casanaute.fr\/boutique\/shop\/"},{"@type":"ListItem","position":3,"name":"Lave linge Beko Energie Classe A+++ [30C29OI7-A-V]"}]},{"@type":"WebSite","@id":"https:\/\/www.casanaute.fr\/boutique\/#website","url":"https:\/\/www.casanaute.fr\/boutique\/","name":"Hotte Discount","description":"","potentialAction":[{"@type":"SearchAction","target":{"@type":"EntryPoint","urlTemplate":"https:\/\/www.casanaute.fr\/boutique\/?s={search_term_string}"},"query-input":{"@type":"PropertyValueSpecification","valueRequired":true,"valueName":"search_term_string"}}],"inLanguage":"fr-FR"}]}},"_links":{"self":[{"href":"https:\/\/www.casanaute.fr\/boutique\/wp-json\/wp\/v2\/product\/9915","targetHints":{"allow":["GET"]}}],"collection":[{"href":"https:\/\/www.casanaute.fr\/boutique\/wp-json\/wp\/v2\/product"}],"about":[{"href":"https:\/\/www.casanaute.fr\/boutique\/wp-json\/wp\/v2\/types\/product"}],"replies":[{"embeddable":true,"href":"https:\/\/www.casanaute.fr\/boutique\/wp-json\/wp\/v2\/comments?post=9915"}],"wp:featuredmedia":[{"embeddable":true,"href":"https:\/\/www.casanaute.fr\/boutique\/wp-json\/wp\/v2\/media\/9914"}],"wp:attachment":[{"href":"https:\/\/www.casanaute.fr\/boutique\/wp-json\/wp\/v2\/media?parent=9915"}],"wp:term":[{"taxonomy":"product_cat","embeddable":true,"href":"https:\/\/www.casanaute.fr\/boutique\/wp-json\/wp\/v2\/product_cat?post=9915"},{"taxonomy":"product_tag","embeddable":true,"href":"https:\/\/www.casanaute.fr\/boutique\/wp-json\/wp\/v2\/product_tag?post=9915"}],"curies":[{"name":"wp","href":"https:\/\/api.w.org\/{rel}","templated":true}]}}