{"id":9911,"date":"2024-09-30T14:16:15","date_gmt":"2024-09-30T12:16:15","guid":{"rendered":"https:\/\/www.casanaute.fr\/boutique\/shop\/lave-linge-beko-moteur-prosmart-inverter-s5vx0b-z3k-k\/"},"modified":"2024-09-30T14:16:15","modified_gmt":"2024-09-30T12:16:15","slug":"lave-linge-beko-moteur-prosmart-inverter-s5vx0b-z3k-k","status":"publish","type":"product","link":"https:\/\/www.casanaute.fr\/boutique\/shop\/lave-linge-beko-moteur-prosmart-inverter-s5vx0b-z3k-k\/","title":{"rendered":"Lave linge Beko Moteur ProSmart Inverter [S5VX0B-Z3K-K]"},"content":{"rendered":"<h2>Lave-linge s\u00e9chant, performance et praticit\u00e9<\/h2>\n<p>Transformez vos t\u00e2ches de lessive avec cet appareil multifonction compact et performant.<\/p>\n<p>Avec une capacit\u00e9 standard de 8 kg, ce mod\u00e8le permet de laver et s\u00e9cher vos v\u00eatements en un seul cycle, vous gagnant du temps et de l&rsquo;effort.<\/p>\n<p>Un design intelligent et des dimensions pratiques (L x H x P : 60 x 84.5 x 57 cm) lui permettent de s&rsquo;adapter facilement \u00e0 diff\u00e9rents espaces.<\/p>\n<p><strong>Caract\u00e9ristiques techniques:<\/strong><\/p>\n<ul>\n<li>Capacit\u00e9 de lavage : 8 kg<\/li>\n<li>Capacit\u00e9 de s\u00e9chage : 5 kg<\/li>\n<li>Vitesse d\u2019essorage maximale : 1400 tr\/min<\/li>\n<li>Technologie ProSmart Inverter<\/li>\n<li>Nombre de programmes : 15<\/li>\n<\/ul>\n<p>Ce mod\u00e8le int\u00e8gre la technologie ProSmart Inverter, assurant une efficacit\u00e9 \u00e9nerg\u00e9tique et une performance de lavage sup\u00e9rieure tout en r\u00e9duisant les niveaux sonores.<\/p>\n<p>Facilit\u00e9 d&rsquo;usage renforc\u00e9e par ses 15 programmes, adapt\u00e9s \u00e0 vos besoins sp\u00e9cifiques, comme le programme rapide ou le programme anti-allergie.<\/p>\n<ol>\n<li>Programme rapide en 28 minutes<\/li>\n<li>Programme anti-allergie pour un soin d\u00e9licat<\/li>\n<\/ol>\n<p>Optez pour cette solution tout-en-un et simplifiez vous la vie quotidienne tout en prenant soin de vos textiles.<\/p>\n<p>Achetez cet appareil multifonction d\u00e8s aujourd&rsquo;hui et profitez de la tranquillit\u00e9 d&rsquo;esprit que procure une lessive parfaitement prise en charge.<\/p>\n","protected":false},"excerpt":{"rendered":"<p>Lave-linge s\u00e9chant, performance et praticit\u00e9 Transformez vos t\u00e2ches de lessive avec cet appareil multifonction compact et performant. Avec une capacit\u00e9 standard de 8 kg, ce mod\u00e8le permet de laver et s\u00e9cher vos v\u00eatements en un seul cycle, vous gagnant du temps et de l&rsquo;effort. Un design intelligent et des dimensions pratiques (L x H x [&hellip;]<\/p>\n","protected":false},"featured_media":9910,"comment_status":"open","ping_status":"closed","template":"","meta":[],"product_cat":[94],"product_tag":[],"class_list":{"0":"post-9911","1":"product","2":"type-product","3":"status-publish","4":"has-post-thumbnail","6":"product_cat-lave-linge-sechant","8":"first","9":"instock","10":"shipping-taxable","11":"purchasable","12":"product-type-simple"},"yoast_head":"<!-- This site is optimized with the Yoast SEO plugin v23.5 - https:\/\/yoast.com\/wordpress\/plugins\/seo\/ -->\n<title>Lave linge Beko Moteur ProSmart Inverter [S5VX0B-Z3K-K] - Lave-Linge pour la maison<\/title>\n<meta name=\"robots\" content=\"index, follow, max-snippet:-1, max-image-preview:large, max-video-preview:-1\" \/>\n<link rel=\"canonical\" href=\"https:\/\/www.casanaute.fr\/boutique\/shop\/lave-linge-beko-moteur-prosmart-inverter-s5vx0b-z3k-k\/\" \/>\n<meta property=\"og:locale\" content=\"fr_FR\" \/>\n<meta property=\"og:type\" content=\"article\" \/>\n<meta property=\"og:title\" content=\"Lave linge Beko Moteur ProSmart Inverter [S5VX0B-Z3K-K] - Lave-Linge pour la maison\" \/>\n<meta property=\"og:description\" content=\"Lave-linge s\u00e9chant, performance et praticit\u00e9 Transformez vos t\u00e2ches de lessive avec cet appareil multifonction compact et performant. Avec une capacit\u00e9 standard de 8 kg, ce mod\u00e8le permet de laver et s\u00e9cher vos v\u00eatements en un seul cycle, vous gagnant du temps et de l&rsquo;effort. Un design intelligent et des dimensions pratiques (L x H x [&hellip;]\" \/>\n<meta property=\"og:url\" content=\"https:\/\/www.casanaute.fr\/boutique\/shop\/lave-linge-beko-moteur-prosmart-inverter-s5vx0b-z3k-k\/\" \/>\n<meta property=\"og:site_name\" content=\"Lave-Linge pour la maison\" \/>\n<meta name=\"twitter:card\" content=\"summary_large_image\" \/>\n<meta name=\"twitter:label1\" content=\"Dur\u00e9e de lecture estim\u00e9e\" \/>\n\t<meta name=\"twitter:data1\" content=\"1 minute\" \/>\n<script type=\"application\/ld+json\" class=\"yoast-schema-graph\">{\"@context\":\"https:\/\/schema.org\",\"@graph\":[{\"@type\":\"WebPage\",\"@id\":\"https:\/\/www.casanaute.fr\/boutique\/shop\/lave-linge-beko-moteur-prosmart-inverter-s5vx0b-z3k-k\/\",\"url\":\"https:\/\/www.casanaute.fr\/boutique\/shop\/lave-linge-beko-moteur-prosmart-inverter-s5vx0b-z3k-k\/\",\"name\":\"Lave linge Beko Moteur ProSmart Inverter [S5VX0B-Z3K-K] - Lave-Linge pour la maison\",\"isPartOf\":{\"@id\":\"https:\/\/www.casanaute.fr\/boutique\/#website\"},\"primaryImageOfPage\":{\"@id\":\"https:\/\/www.casanaute.fr\/boutique\/shop\/lave-linge-beko-moteur-prosmart-inverter-s5vx0b-z3k-k\/#primaryimage\"},\"image\":{\"@id\":\"https:\/\/www.casanaute.fr\/boutique\/shop\/lave-linge-beko-moteur-prosmart-inverter-s5vx0b-z3k-k\/#primaryimage\"},\"thumbnailUrl\":\"https:\/\/www.casanaute.fr\/boutique\/wp-content\/uploads\/2024\/09\/359-Photoroom-1.jpg\",\"datePublished\":\"2024-09-30T12:16:15+00:00\",\"dateModified\":\"2024-09-30T12:16:15+00:00\",\"breadcrumb\":{\"@id\":\"https:\/\/www.casanaute.fr\/boutique\/shop\/lave-linge-beko-moteur-prosmart-inverter-s5vx0b-z3k-k\/#breadcrumb\"},\"inLanguage\":\"fr-FR\",\"potentialAction\":[{\"@type\":\"ReadAction\",\"target\":[\"https:\/\/www.casanaute.fr\/boutique\/shop\/lave-linge-beko-moteur-prosmart-inverter-s5vx0b-z3k-k\/\"]}]},{\"@type\":\"ImageObject\",\"inLanguage\":\"fr-FR\",\"@id\":\"https:\/\/www.casanaute.fr\/boutique\/shop\/lave-linge-beko-moteur-prosmart-inverter-s5vx0b-z3k-k\/#primaryimage\",\"url\":\"https:\/\/www.casanaute.fr\/boutique\/wp-content\/uploads\/2024\/09\/359-Photoroom-1.jpg\",\"contentUrl\":\"https:\/\/www.casanaute.fr\/boutique\/wp-content\/uploads\/2024\/09\/359-Photoroom-1.jpg\",\"width\":1900,\"height\":1900},{\"@type\":\"BreadcrumbList\",\"@id\":\"https:\/\/www.casanaute.fr\/boutique\/shop\/lave-linge-beko-moteur-prosmart-inverter-s5vx0b-z3k-k\/#breadcrumb\",\"itemListElement\":[{\"@type\":\"ListItem\",\"position\":1,\"name\":\"Home\",\"item\":\"https:\/\/www.casanaute.fr\/boutique\/\"},{\"@type\":\"ListItem\",\"position\":2,\"name\":\"Boutique\",\"item\":\"https:\/\/www.casanaute.fr\/boutique\/shop\/\"},{\"@type\":\"ListItem\",\"position\":3,\"name\":\"Lave linge Beko Moteur ProSmart Inverter [S5VX0B-Z3K-K]\"}]},{\"@type\":\"WebSite\",\"@id\":\"https:\/\/www.casanaute.fr\/boutique\/#website\",\"url\":\"https:\/\/www.casanaute.fr\/boutique\/\",\"name\":\"Hotte Discount\",\"description\":\"\",\"potentialAction\":[{\"@type\":\"SearchAction\",\"target\":{\"@type\":\"EntryPoint\",\"urlTemplate\":\"https:\/\/www.casanaute.fr\/boutique\/?s={search_term_string}\"},\"query-input\":{\"@type\":\"PropertyValueSpecification\",\"valueRequired\":true,\"valueName\":\"search_term_string\"}}],\"inLanguage\":\"fr-FR\"}]}<\/script>\n<!-- \/ Yoast SEO plugin. -->","yoast_head_json":{"title":"Lave linge Beko Moteur ProSmart Inverter [S5VX0B-Z3K-K] - Lave-Linge pour la maison","robots":{"index":"index","follow":"follow","max-snippet":"max-snippet:-1","max-image-preview":"max-image-preview:large","max-video-preview":"max-video-preview:-1"},"canonical":"https:\/\/www.casanaute.fr\/boutique\/shop\/lave-linge-beko-moteur-prosmart-inverter-s5vx0b-z3k-k\/","og_locale":"fr_FR","og_type":"article","og_title":"Lave linge Beko Moteur ProSmart Inverter [S5VX0B-Z3K-K] - Lave-Linge pour la maison","og_description":"Lave-linge s\u00e9chant, performance et praticit\u00e9 Transformez vos t\u00e2ches de lessive avec cet appareil multifonction compact et performant. Avec une capacit\u00e9 standard de 8 kg, ce mod\u00e8le permet de laver et s\u00e9cher vos v\u00eatements en un seul cycle, vous gagnant du temps et de l&rsquo;effort. Un design intelligent et des dimensions pratiques (L x H x [&hellip;]","og_url":"https:\/\/www.casanaute.fr\/boutique\/shop\/lave-linge-beko-moteur-prosmart-inverter-s5vx0b-z3k-k\/","og_site_name":"Lave-Linge pour la maison","twitter_card":"summary_large_image","twitter_misc":{"Dur\u00e9e de lecture estim\u00e9e":"1 minute"},"schema":{"@context":"https:\/\/schema.org","@graph":[{"@type":"WebPage","@id":"https:\/\/www.casanaute.fr\/boutique\/shop\/lave-linge-beko-moteur-prosmart-inverter-s5vx0b-z3k-k\/","url":"https:\/\/www.casanaute.fr\/boutique\/shop\/lave-linge-beko-moteur-prosmart-inverter-s5vx0b-z3k-k\/","name":"Lave linge Beko Moteur ProSmart Inverter [S5VX0B-Z3K-K] - Lave-Linge pour la maison","isPartOf":{"@id":"https:\/\/www.casanaute.fr\/boutique\/#website"},"primaryImageOfPage":{"@id":"https:\/\/www.casanaute.fr\/boutique\/shop\/lave-linge-beko-moteur-prosmart-inverter-s5vx0b-z3k-k\/#primaryimage"},"image":{"@id":"https:\/\/www.casanaute.fr\/boutique\/shop\/lave-linge-beko-moteur-prosmart-inverter-s5vx0b-z3k-k\/#primaryimage"},"thumbnailUrl":"https:\/\/www.casanaute.fr\/boutique\/wp-content\/uploads\/2024\/09\/359-Photoroom-1.jpg","datePublished":"2024-09-30T12:16:15+00:00","dateModified":"2024-09-30T12:16:15+00:00","breadcrumb":{"@id":"https:\/\/www.casanaute.fr\/boutique\/shop\/lave-linge-beko-moteur-prosmart-inverter-s5vx0b-z3k-k\/#breadcrumb"},"inLanguage":"fr-FR","potentialAction":[{"@type":"ReadAction","target":["https:\/\/www.casanaute.fr\/boutique\/shop\/lave-linge-beko-moteur-prosmart-inverter-s5vx0b-z3k-k\/"]}]},{"@type":"ImageObject","inLanguage":"fr-FR","@id":"https:\/\/www.casanaute.fr\/boutique\/shop\/lave-linge-beko-moteur-prosmart-inverter-s5vx0b-z3k-k\/#primaryimage","url":"https:\/\/www.casanaute.fr\/boutique\/wp-content\/uploads\/2024\/09\/359-Photoroom-1.jpg","contentUrl":"https:\/\/www.casanaute.fr\/boutique\/wp-content\/uploads\/2024\/09\/359-Photoroom-1.jpg","width":1900,"height":1900},{"@type":"BreadcrumbList","@id":"https:\/\/www.casanaute.fr\/boutique\/shop\/lave-linge-beko-moteur-prosmart-inverter-s5vx0b-z3k-k\/#breadcrumb","itemListElement":[{"@type":"ListItem","position":1,"name":"Home","item":"https:\/\/www.casanaute.fr\/boutique\/"},{"@type":"ListItem","position":2,"name":"Boutique","item":"https:\/\/www.casanaute.fr\/boutique\/shop\/"},{"@type":"ListItem","position":3,"name":"Lave linge Beko Moteur ProSmart Inverter [S5VX0B-Z3K-K]"}]},{"@type":"WebSite","@id":"https:\/\/www.casanaute.fr\/boutique\/#website","url":"https:\/\/www.casanaute.fr\/boutique\/","name":"Hotte Discount","description":"","potentialAction":[{"@type":"SearchAction","target":{"@type":"EntryPoint","urlTemplate":"https:\/\/www.casanaute.fr\/boutique\/?s={search_term_string}"},"query-input":{"@type":"PropertyValueSpecification","valueRequired":true,"valueName":"search_term_string"}}],"inLanguage":"fr-FR"}]}},"_links":{"self":[{"href":"https:\/\/www.casanaute.fr\/boutique\/wp-json\/wp\/v2\/product\/9911","targetHints":{"allow":["GET"]}}],"collection":[{"href":"https:\/\/www.casanaute.fr\/boutique\/wp-json\/wp\/v2\/product"}],"about":[{"href":"https:\/\/www.casanaute.fr\/boutique\/wp-json\/wp\/v2\/types\/product"}],"replies":[{"embeddable":true,"href":"https:\/\/www.casanaute.fr\/boutique\/wp-json\/wp\/v2\/comments?post=9911"}],"wp:featuredmedia":[{"embeddable":true,"href":"https:\/\/www.casanaute.fr\/boutique\/wp-json\/wp\/v2\/media\/9910"}],"wp:attachment":[{"href":"https:\/\/www.casanaute.fr\/boutique\/wp-json\/wp\/v2\/media?parent=9911"}],"wp:term":[{"taxonomy":"product_cat","embeddable":true,"href":"https:\/\/www.casanaute.fr\/boutique\/wp-json\/wp\/v2\/product_cat?post=9911"},{"taxonomy":"product_tag","embeddable":true,"href":"https:\/\/www.casanaute.fr\/boutique\/wp-json\/wp\/v2\/product_tag?post=9911"}],"curies":[{"name":"wp","href":"https:\/\/api.w.org\/{rel}","templated":true}]}}