{"id":9907,"date":"2024-09-30T14:16:08","date_gmt":"2024-09-30T12:16:08","guid":{"rendered":"https:\/\/www.casanaute.fr\/boutique\/shop\/lave-linge-haier-a-ecran-tactile-integre-lzmg-kw-i8n8\/"},"modified":"2024-09-30T14:16:08","modified_gmt":"2024-09-30T12:16:08","slug":"lave-linge-haier-a-ecran-tactile-integre-lzmg-kw-i8n8","status":"publish","type":"product","link":"https:\/\/www.casanaute.fr\/boutique\/shop\/lave-linge-haier-a-ecran-tactile-integre-lzmg-kw-i8n8\/","title":{"rendered":"Lave linge Haier \u00e0 \u00e9cran tactile int\u00e9gr\u00e9 [LZMG-KW-I8N8]"},"content":{"rendered":"<h2>Lave-linge top HAIER &#8211; Compact et Efficace<\/h2>\n<p>D\u00e9couvrez le lave-linge top de Haier, un appareil con\u00e7u pour r\u00e9pondre \u00e0 toutes vos attentes en mati\u00e8re de lavage, tout en maximisant l&rsquo;espace dans votre maison.<\/p>\n<p><strong>Caract\u00e9ristiques principales :<\/strong><\/p>\n<ul>\n<li>Dimensions (L x H x P) : 41 x 86 x 60 cm<\/li>\n<li>Capacit\u00e9 standard : 8,5 kg<\/li>\n<li>Tour\/min : 1200 trs\/min<\/li>\n<li>Consommation d&rsquo;eau par cycle : 48 litres<\/li>\n<li>Classe \u00e9nerg\u00e9tique : A+++<\/li>\n<li>Niveau sonore : 50 dB<\/li>\n<\/ul>\n<p><strong>Fonctionnalit\u00e9s :<\/strong><\/p>\n<ul>\n<li>Technologie de lavage rapide<\/li>\n<li>Programme sp\u00e9cial pour les textiles d\u00e9licats<\/li>\n<li>D\u00e9part diff\u00e9r\u00e9 jusqu&rsquo;\u00e0 24 heures<\/li>\n<\/ul>\n<p><strong>Pourquoi choisir ce mod\u00e8le :<\/strong><\/p>\n<ol>\n<li>Gain de place gr\u00e2ce \u00e0 son format compact<\/li>\n<li>Performances \u00e9nerg\u00e9tiques optimales<\/li>\n<li>Programmation flexible pour s&rsquo;adapter \u00e0 votre emploi du temps<\/li>\n<\/ol>\n<p>Faites le choix de la qualit\u00e9 et de la simplicit\u00e9 avec le lave-linge top Haier, id\u00e9al pour les petits espaces tout en offrant une capacit\u00e9 de lavage g\u00e9n\u00e9reuse.<\/p>\n","protected":false},"excerpt":{"rendered":"<p>Lave-linge top HAIER &#8211; Compact et Efficace D\u00e9couvrez le lave-linge top de Haier, un appareil con\u00e7u pour r\u00e9pondre \u00e0 toutes vos attentes en mati\u00e8re de lavage, tout en maximisant l&rsquo;espace dans votre maison. Caract\u00e9ristiques principales : Dimensions (L x H x P) : 41 x 86 x 60 cm Capacit\u00e9 standard : 8,5 kg Tour\/min [&hellip;]<\/p>\n","protected":false},"featured_media":9906,"comment_status":"open","ping_status":"closed","template":"","meta":[],"product_cat":[92],"product_tag":[],"class_list":{"0":"post-9907","1":"product","2":"type-product","3":"status-publish","4":"has-post-thumbnail","6":"product_cat-lave-linge-top","8":"first","9":"instock","10":"shipping-taxable","11":"purchasable","12":"product-type-simple"},"yoast_head":"<!-- This site is optimized with the Yoast SEO plugin v23.5 - https:\/\/yoast.com\/wordpress\/plugins\/seo\/ -->\n<title>Lave linge Haier \u00e0 \u00e9cran tactile int\u00e9gr\u00e9 [LZMG-KW-I8N8] - Lave-Linge pour la maison<\/title>\n<meta name=\"robots\" content=\"index, follow, max-snippet:-1, max-image-preview:large, max-video-preview:-1\" \/>\n<link rel=\"canonical\" href=\"https:\/\/www.casanaute.fr\/boutique\/shop\/lave-linge-haier-a-ecran-tactile-integre-lzmg-kw-i8n8\/\" \/>\n<meta property=\"og:locale\" content=\"fr_FR\" \/>\n<meta property=\"og:type\" content=\"article\" \/>\n<meta property=\"og:title\" content=\"Lave linge Haier \u00e0 \u00e9cran tactile int\u00e9gr\u00e9 [LZMG-KW-I8N8] - Lave-Linge pour la maison\" \/>\n<meta property=\"og:description\" content=\"Lave-linge top HAIER &#8211; Compact et Efficace D\u00e9couvrez le lave-linge top de Haier, un appareil con\u00e7u pour r\u00e9pondre \u00e0 toutes vos attentes en mati\u00e8re de lavage, tout en maximisant l&rsquo;espace dans votre maison. Caract\u00e9ristiques principales : Dimensions (L x H x P) : 41 x 86 x 60 cm Capacit\u00e9 standard : 8,5 kg Tour\/min [&hellip;]\" \/>\n<meta property=\"og:url\" content=\"https:\/\/www.casanaute.fr\/boutique\/shop\/lave-linge-haier-a-ecran-tactile-integre-lzmg-kw-i8n8\/\" \/>\n<meta property=\"og:site_name\" content=\"Lave-Linge pour la maison\" \/>\n<meta name=\"twitter:card\" content=\"summary_large_image\" \/>\n<meta name=\"twitter:label1\" content=\"Dur\u00e9e de lecture estim\u00e9e\" \/>\n\t<meta name=\"twitter:data1\" content=\"1 minute\" \/>\n<script type=\"application\/ld+json\" class=\"yoast-schema-graph\">{\"@context\":\"https:\/\/schema.org\",\"@graph\":[{\"@type\":\"WebPage\",\"@id\":\"https:\/\/www.casanaute.fr\/boutique\/shop\/lave-linge-haier-a-ecran-tactile-integre-lzmg-kw-i8n8\/\",\"url\":\"https:\/\/www.casanaute.fr\/boutique\/shop\/lave-linge-haier-a-ecran-tactile-integre-lzmg-kw-i8n8\/\",\"name\":\"Lave linge Haier \u00e0 \u00e9cran tactile int\u00e9gr\u00e9 [LZMG-KW-I8N8] - Lave-Linge pour la maison\",\"isPartOf\":{\"@id\":\"https:\/\/www.casanaute.fr\/boutique\/#website\"},\"primaryImageOfPage\":{\"@id\":\"https:\/\/www.casanaute.fr\/boutique\/shop\/lave-linge-haier-a-ecran-tactile-integre-lzmg-kw-i8n8\/#primaryimage\"},\"image\":{\"@id\":\"https:\/\/www.casanaute.fr\/boutique\/shop\/lave-linge-haier-a-ecran-tactile-integre-lzmg-kw-i8n8\/#primaryimage\"},\"thumbnailUrl\":\"https:\/\/www.casanaute.fr\/boutique\/wp-content\/uploads\/2024\/09\/17-Photoroom-9.jpg\",\"datePublished\":\"2024-09-30T12:16:08+00:00\",\"dateModified\":\"2024-09-30T12:16:08+00:00\",\"breadcrumb\":{\"@id\":\"https:\/\/www.casanaute.fr\/boutique\/shop\/lave-linge-haier-a-ecran-tactile-integre-lzmg-kw-i8n8\/#breadcrumb\"},\"inLanguage\":\"fr-FR\",\"potentialAction\":[{\"@type\":\"ReadAction\",\"target\":[\"https:\/\/www.casanaute.fr\/boutique\/shop\/lave-linge-haier-a-ecran-tactile-integre-lzmg-kw-i8n8\/\"]}]},{\"@type\":\"ImageObject\",\"inLanguage\":\"fr-FR\",\"@id\":\"https:\/\/www.casanaute.fr\/boutique\/shop\/lave-linge-haier-a-ecran-tactile-integre-lzmg-kw-i8n8\/#primaryimage\",\"url\":\"https:\/\/www.casanaute.fr\/boutique\/wp-content\/uploads\/2024\/09\/17-Photoroom-9.jpg\",\"contentUrl\":\"https:\/\/www.casanaute.fr\/boutique\/wp-content\/uploads\/2024\/09\/17-Photoroom-9.jpg\",\"width\":1900,\"height\":1900},{\"@type\":\"BreadcrumbList\",\"@id\":\"https:\/\/www.casanaute.fr\/boutique\/shop\/lave-linge-haier-a-ecran-tactile-integre-lzmg-kw-i8n8\/#breadcrumb\",\"itemListElement\":[{\"@type\":\"ListItem\",\"position\":1,\"name\":\"Home\",\"item\":\"https:\/\/www.casanaute.fr\/boutique\/\"},{\"@type\":\"ListItem\",\"position\":2,\"name\":\"Boutique\",\"item\":\"https:\/\/www.casanaute.fr\/boutique\/shop\/\"},{\"@type\":\"ListItem\",\"position\":3,\"name\":\"Lave linge Haier \u00e0 \u00e9cran tactile int\u00e9gr\u00e9 [LZMG-KW-I8N8]\"}]},{\"@type\":\"WebSite\",\"@id\":\"https:\/\/www.casanaute.fr\/boutique\/#website\",\"url\":\"https:\/\/www.casanaute.fr\/boutique\/\",\"name\":\"Hotte Discount\",\"description\":\"\",\"potentialAction\":[{\"@type\":\"SearchAction\",\"target\":{\"@type\":\"EntryPoint\",\"urlTemplate\":\"https:\/\/www.casanaute.fr\/boutique\/?s={search_term_string}\"},\"query-input\":{\"@type\":\"PropertyValueSpecification\",\"valueRequired\":true,\"valueName\":\"search_term_string\"}}],\"inLanguage\":\"fr-FR\"}]}<\/script>\n<!-- \/ Yoast SEO plugin. -->","yoast_head_json":{"title":"Lave linge Haier \u00e0 \u00e9cran tactile int\u00e9gr\u00e9 [LZMG-KW-I8N8] - Lave-Linge pour la maison","robots":{"index":"index","follow":"follow","max-snippet":"max-snippet:-1","max-image-preview":"max-image-preview:large","max-video-preview":"max-video-preview:-1"},"canonical":"https:\/\/www.casanaute.fr\/boutique\/shop\/lave-linge-haier-a-ecran-tactile-integre-lzmg-kw-i8n8\/","og_locale":"fr_FR","og_type":"article","og_title":"Lave linge Haier \u00e0 \u00e9cran tactile int\u00e9gr\u00e9 [LZMG-KW-I8N8] - Lave-Linge pour la maison","og_description":"Lave-linge top HAIER &#8211; Compact et Efficace D\u00e9couvrez le lave-linge top de Haier, un appareil con\u00e7u pour r\u00e9pondre \u00e0 toutes vos attentes en mati\u00e8re de lavage, tout en maximisant l&rsquo;espace dans votre maison. Caract\u00e9ristiques principales : Dimensions (L x H x P) : 41 x 86 x 60 cm Capacit\u00e9 standard : 8,5 kg Tour\/min [&hellip;]","og_url":"https:\/\/www.casanaute.fr\/boutique\/shop\/lave-linge-haier-a-ecran-tactile-integre-lzmg-kw-i8n8\/","og_site_name":"Lave-Linge pour la maison","twitter_card":"summary_large_image","twitter_misc":{"Dur\u00e9e de lecture estim\u00e9e":"1 minute"},"schema":{"@context":"https:\/\/schema.org","@graph":[{"@type":"WebPage","@id":"https:\/\/www.casanaute.fr\/boutique\/shop\/lave-linge-haier-a-ecran-tactile-integre-lzmg-kw-i8n8\/","url":"https:\/\/www.casanaute.fr\/boutique\/shop\/lave-linge-haier-a-ecran-tactile-integre-lzmg-kw-i8n8\/","name":"Lave linge Haier \u00e0 \u00e9cran tactile int\u00e9gr\u00e9 [LZMG-KW-I8N8] - Lave-Linge pour la maison","isPartOf":{"@id":"https:\/\/www.casanaute.fr\/boutique\/#website"},"primaryImageOfPage":{"@id":"https:\/\/www.casanaute.fr\/boutique\/shop\/lave-linge-haier-a-ecran-tactile-integre-lzmg-kw-i8n8\/#primaryimage"},"image":{"@id":"https:\/\/www.casanaute.fr\/boutique\/shop\/lave-linge-haier-a-ecran-tactile-integre-lzmg-kw-i8n8\/#primaryimage"},"thumbnailUrl":"https:\/\/www.casanaute.fr\/boutique\/wp-content\/uploads\/2024\/09\/17-Photoroom-9.jpg","datePublished":"2024-09-30T12:16:08+00:00","dateModified":"2024-09-30T12:16:08+00:00","breadcrumb":{"@id":"https:\/\/www.casanaute.fr\/boutique\/shop\/lave-linge-haier-a-ecran-tactile-integre-lzmg-kw-i8n8\/#breadcrumb"},"inLanguage":"fr-FR","potentialAction":[{"@type":"ReadAction","target":["https:\/\/www.casanaute.fr\/boutique\/shop\/lave-linge-haier-a-ecran-tactile-integre-lzmg-kw-i8n8\/"]}]},{"@type":"ImageObject","inLanguage":"fr-FR","@id":"https:\/\/www.casanaute.fr\/boutique\/shop\/lave-linge-haier-a-ecran-tactile-integre-lzmg-kw-i8n8\/#primaryimage","url":"https:\/\/www.casanaute.fr\/boutique\/wp-content\/uploads\/2024\/09\/17-Photoroom-9.jpg","contentUrl":"https:\/\/www.casanaute.fr\/boutique\/wp-content\/uploads\/2024\/09\/17-Photoroom-9.jpg","width":1900,"height":1900},{"@type":"BreadcrumbList","@id":"https:\/\/www.casanaute.fr\/boutique\/shop\/lave-linge-haier-a-ecran-tactile-integre-lzmg-kw-i8n8\/#breadcrumb","itemListElement":[{"@type":"ListItem","position":1,"name":"Home","item":"https:\/\/www.casanaute.fr\/boutique\/"},{"@type":"ListItem","position":2,"name":"Boutique","item":"https:\/\/www.casanaute.fr\/boutique\/shop\/"},{"@type":"ListItem","position":3,"name":"Lave linge Haier \u00e0 \u00e9cran tactile int\u00e9gr\u00e9 [LZMG-KW-I8N8]"}]},{"@type":"WebSite","@id":"https:\/\/www.casanaute.fr\/boutique\/#website","url":"https:\/\/www.casanaute.fr\/boutique\/","name":"Hotte Discount","description":"","potentialAction":[{"@type":"SearchAction","target":{"@type":"EntryPoint","urlTemplate":"https:\/\/www.casanaute.fr\/boutique\/?s={search_term_string}"},"query-input":{"@type":"PropertyValueSpecification","valueRequired":true,"valueName":"search_term_string"}}],"inLanguage":"fr-FR"}]}},"_links":{"self":[{"href":"https:\/\/www.casanaute.fr\/boutique\/wp-json\/wp\/v2\/product\/9907","targetHints":{"allow":["GET"]}}],"collection":[{"href":"https:\/\/www.casanaute.fr\/boutique\/wp-json\/wp\/v2\/product"}],"about":[{"href":"https:\/\/www.casanaute.fr\/boutique\/wp-json\/wp\/v2\/types\/product"}],"replies":[{"embeddable":true,"href":"https:\/\/www.casanaute.fr\/boutique\/wp-json\/wp\/v2\/comments?post=9907"}],"wp:featuredmedia":[{"embeddable":true,"href":"https:\/\/www.casanaute.fr\/boutique\/wp-json\/wp\/v2\/media\/9906"}],"wp:attachment":[{"href":"https:\/\/www.casanaute.fr\/boutique\/wp-json\/wp\/v2\/media?parent=9907"}],"wp:term":[{"taxonomy":"product_cat","embeddable":true,"href":"https:\/\/www.casanaute.fr\/boutique\/wp-json\/wp\/v2\/product_cat?post=9907"},{"taxonomy":"product_tag","embeddable":true,"href":"https:\/\/www.casanaute.fr\/boutique\/wp-json\/wp\/v2\/product_tag?post=9907"}],"curies":[{"name":"wp","href":"https:\/\/api.w.org\/{rel}","templated":true}]}}