{"id":9903,"date":"2024-09-30T14:16:01","date_gmt":"2024-09-30T12:16:01","guid":{"rendered":"https:\/\/www.casanaute.fr\/boutique\/shop\/lave-linge-haier-a-fonction-vapeur-7jmf0-xz-jng\/"},"modified":"2024-09-30T14:16:01","modified_gmt":"2024-09-30T12:16:01","slug":"lave-linge-haier-a-fonction-vapeur-7jmf0-xz-jng","status":"publish","type":"product","link":"https:\/\/www.casanaute.fr\/boutique\/shop\/lave-linge-haier-a-fonction-vapeur-7jmf0-xz-jng\/","title":{"rendered":"Lave linge Haier \u00e0 fonction vapeur [7JMF0-XZ-JNG]"},"content":{"rendered":"<h2>D\u00e9couvrez le lave-linge top innovant<\/h2>\n<p>Ce mod\u00e8le Haier combine performance et gain de place. Avec ses dimensions compactes de 41 x 86 x 60 cm, il trouve sa place m\u00eame dans les espaces restreints.<\/p>\n<ul>\n<li><strong>Capacit\u00e9 de 8,5 kg :<\/strong> Id\u00e9al pour les familles, permet de laver des charges importantes en une seule fois.<\/li>\n<li><strong>\u00c9conomie d&rsquo;\u00e9nergie :<\/strong> Classe \u00e9nerg\u00e9tique A+++, pour des lavages efficaces \u00e0 moindre co\u00fbt.<\/li>\n<li><strong>Technologie ABT :<\/strong> Anti-bact\u00e9rienne, assurant une hygi\u00e8ne impeccable de votre linge.<\/li>\n<\/ul>\n<p>Profitez de cycles de lavage optimis\u00e9s et d&rsquo;une durabilit\u00e9 exceptionnelle.<\/p>\n<ul>\n<li><strong>Moteur Inverter :<\/strong> R\u00e9duction des vibrations et des bruits, pour une utilisation silencieuse.<\/li>\n<li><strong>Display LED :<\/strong> Interface intuitive et facile \u00e0 utiliser.<\/li>\n<li><strong>D\u00e9part diff\u00e9r\u00e9 :<\/strong> Programmez facilement vos lavages en fonction de votre emploi du temps.<\/li>\n<\/ul>\n<p>Faites le choix du confort et de l&rsquo;efficacit\u00e9 avec ce lave-linge top performant.<\/p>\n","protected":false},"excerpt":{"rendered":"<p>D\u00e9couvrez le lave-linge top innovant Ce mod\u00e8le Haier combine performance et gain de place. Avec ses dimensions compactes de 41 x 86 x 60 cm, il trouve sa place m\u00eame dans les espaces restreints. Capacit\u00e9 de 8,5 kg : Id\u00e9al pour les familles, permet de laver des charges importantes en une seule fois. \u00c9conomie d&rsquo;\u00e9nergie [&hellip;]<\/p>\n","protected":false},"featured_media":9902,"comment_status":"open","ping_status":"closed","template":"","meta":[],"product_cat":[92],"product_tag":[],"class_list":{"0":"post-9903","1":"product","2":"type-product","3":"status-publish","4":"has-post-thumbnail","6":"product_cat-lave-linge-top","8":"first","9":"instock","10":"shipping-taxable","11":"purchasable","12":"product-type-simple"},"yoast_head":"<!-- This site is optimized with the Yoast SEO plugin v23.5 - https:\/\/yoast.com\/wordpress\/plugins\/seo\/ -->\n<title>Lave linge Haier \u00e0 fonction vapeur [7JMF0-XZ-JNG] - Lave-Linge pour la maison<\/title>\n<meta name=\"robots\" content=\"index, follow, max-snippet:-1, max-image-preview:large, max-video-preview:-1\" \/>\n<link rel=\"canonical\" href=\"https:\/\/www.casanaute.fr\/boutique\/shop\/lave-linge-haier-a-fonction-vapeur-7jmf0-xz-jng\/\" \/>\n<meta property=\"og:locale\" content=\"fr_FR\" \/>\n<meta property=\"og:type\" content=\"article\" \/>\n<meta property=\"og:title\" content=\"Lave linge Haier \u00e0 fonction vapeur [7JMF0-XZ-JNG] - Lave-Linge pour la maison\" \/>\n<meta property=\"og:description\" content=\"D\u00e9couvrez le lave-linge top innovant Ce mod\u00e8le Haier combine performance et gain de place. Avec ses dimensions compactes de 41 x 86 x 60 cm, il trouve sa place m\u00eame dans les espaces restreints. Capacit\u00e9 de 8,5 kg : Id\u00e9al pour les familles, permet de laver des charges importantes en une seule fois. \u00c9conomie d&rsquo;\u00e9nergie [&hellip;]\" \/>\n<meta property=\"og:url\" content=\"https:\/\/www.casanaute.fr\/boutique\/shop\/lave-linge-haier-a-fonction-vapeur-7jmf0-xz-jng\/\" \/>\n<meta property=\"og:site_name\" content=\"Lave-Linge pour la maison\" \/>\n<meta name=\"twitter:card\" content=\"summary_large_image\" \/>\n<meta name=\"twitter:label1\" content=\"Dur\u00e9e de lecture estim\u00e9e\" \/>\n\t<meta name=\"twitter:data1\" content=\"1 minute\" \/>\n<script type=\"application\/ld+json\" class=\"yoast-schema-graph\">{\"@context\":\"https:\/\/schema.org\",\"@graph\":[{\"@type\":\"WebPage\",\"@id\":\"https:\/\/www.casanaute.fr\/boutique\/shop\/lave-linge-haier-a-fonction-vapeur-7jmf0-xz-jng\/\",\"url\":\"https:\/\/www.casanaute.fr\/boutique\/shop\/lave-linge-haier-a-fonction-vapeur-7jmf0-xz-jng\/\",\"name\":\"Lave linge Haier \u00e0 fonction vapeur [7JMF0-XZ-JNG] - Lave-Linge pour la maison\",\"isPartOf\":{\"@id\":\"https:\/\/www.casanaute.fr\/boutique\/#website\"},\"primaryImageOfPage\":{\"@id\":\"https:\/\/www.casanaute.fr\/boutique\/shop\/lave-linge-haier-a-fonction-vapeur-7jmf0-xz-jng\/#primaryimage\"},\"image\":{\"@id\":\"https:\/\/www.casanaute.fr\/boutique\/shop\/lave-linge-haier-a-fonction-vapeur-7jmf0-xz-jng\/#primaryimage\"},\"thumbnailUrl\":\"https:\/\/www.casanaute.fr\/boutique\/wp-content\/uploads\/2024\/09\/17-Photoroom-7.jpg\",\"datePublished\":\"2024-09-30T12:16:01+00:00\",\"dateModified\":\"2024-09-30T12:16:01+00:00\",\"breadcrumb\":{\"@id\":\"https:\/\/www.casanaute.fr\/boutique\/shop\/lave-linge-haier-a-fonction-vapeur-7jmf0-xz-jng\/#breadcrumb\"},\"inLanguage\":\"fr-FR\",\"potentialAction\":[{\"@type\":\"ReadAction\",\"target\":[\"https:\/\/www.casanaute.fr\/boutique\/shop\/lave-linge-haier-a-fonction-vapeur-7jmf0-xz-jng\/\"]}]},{\"@type\":\"ImageObject\",\"inLanguage\":\"fr-FR\",\"@id\":\"https:\/\/www.casanaute.fr\/boutique\/shop\/lave-linge-haier-a-fonction-vapeur-7jmf0-xz-jng\/#primaryimage\",\"url\":\"https:\/\/www.casanaute.fr\/boutique\/wp-content\/uploads\/2024\/09\/17-Photoroom-7.jpg\",\"contentUrl\":\"https:\/\/www.casanaute.fr\/boutique\/wp-content\/uploads\/2024\/09\/17-Photoroom-7.jpg\",\"width\":1900,\"height\":1900},{\"@type\":\"BreadcrumbList\",\"@id\":\"https:\/\/www.casanaute.fr\/boutique\/shop\/lave-linge-haier-a-fonction-vapeur-7jmf0-xz-jng\/#breadcrumb\",\"itemListElement\":[{\"@type\":\"ListItem\",\"position\":1,\"name\":\"Home\",\"item\":\"https:\/\/www.casanaute.fr\/boutique\/\"},{\"@type\":\"ListItem\",\"position\":2,\"name\":\"Boutique\",\"item\":\"https:\/\/www.casanaute.fr\/boutique\/shop\/\"},{\"@type\":\"ListItem\",\"position\":3,\"name\":\"Lave linge Haier \u00e0 fonction vapeur [7JMF0-XZ-JNG]\"}]},{\"@type\":\"WebSite\",\"@id\":\"https:\/\/www.casanaute.fr\/boutique\/#website\",\"url\":\"https:\/\/www.casanaute.fr\/boutique\/\",\"name\":\"Hotte Discount\",\"description\":\"\",\"potentialAction\":[{\"@type\":\"SearchAction\",\"target\":{\"@type\":\"EntryPoint\",\"urlTemplate\":\"https:\/\/www.casanaute.fr\/boutique\/?s={search_term_string}\"},\"query-input\":{\"@type\":\"PropertyValueSpecification\",\"valueRequired\":true,\"valueName\":\"search_term_string\"}}],\"inLanguage\":\"fr-FR\"}]}<\/script>\n<!-- \/ Yoast SEO plugin. -->","yoast_head_json":{"title":"Lave linge Haier \u00e0 fonction vapeur [7JMF0-XZ-JNG] - Lave-Linge pour la maison","robots":{"index":"index","follow":"follow","max-snippet":"max-snippet:-1","max-image-preview":"max-image-preview:large","max-video-preview":"max-video-preview:-1"},"canonical":"https:\/\/www.casanaute.fr\/boutique\/shop\/lave-linge-haier-a-fonction-vapeur-7jmf0-xz-jng\/","og_locale":"fr_FR","og_type":"article","og_title":"Lave linge Haier \u00e0 fonction vapeur [7JMF0-XZ-JNG] - Lave-Linge pour la maison","og_description":"D\u00e9couvrez le lave-linge top innovant Ce mod\u00e8le Haier combine performance et gain de place. Avec ses dimensions compactes de 41 x 86 x 60 cm, il trouve sa place m\u00eame dans les espaces restreints. Capacit\u00e9 de 8,5 kg : Id\u00e9al pour les familles, permet de laver des charges importantes en une seule fois. \u00c9conomie d&rsquo;\u00e9nergie [&hellip;]","og_url":"https:\/\/www.casanaute.fr\/boutique\/shop\/lave-linge-haier-a-fonction-vapeur-7jmf0-xz-jng\/","og_site_name":"Lave-Linge pour la maison","twitter_card":"summary_large_image","twitter_misc":{"Dur\u00e9e de lecture estim\u00e9e":"1 minute"},"schema":{"@context":"https:\/\/schema.org","@graph":[{"@type":"WebPage","@id":"https:\/\/www.casanaute.fr\/boutique\/shop\/lave-linge-haier-a-fonction-vapeur-7jmf0-xz-jng\/","url":"https:\/\/www.casanaute.fr\/boutique\/shop\/lave-linge-haier-a-fonction-vapeur-7jmf0-xz-jng\/","name":"Lave linge Haier \u00e0 fonction vapeur [7JMF0-XZ-JNG] - Lave-Linge pour la maison","isPartOf":{"@id":"https:\/\/www.casanaute.fr\/boutique\/#website"},"primaryImageOfPage":{"@id":"https:\/\/www.casanaute.fr\/boutique\/shop\/lave-linge-haier-a-fonction-vapeur-7jmf0-xz-jng\/#primaryimage"},"image":{"@id":"https:\/\/www.casanaute.fr\/boutique\/shop\/lave-linge-haier-a-fonction-vapeur-7jmf0-xz-jng\/#primaryimage"},"thumbnailUrl":"https:\/\/www.casanaute.fr\/boutique\/wp-content\/uploads\/2024\/09\/17-Photoroom-7.jpg","datePublished":"2024-09-30T12:16:01+00:00","dateModified":"2024-09-30T12:16:01+00:00","breadcrumb":{"@id":"https:\/\/www.casanaute.fr\/boutique\/shop\/lave-linge-haier-a-fonction-vapeur-7jmf0-xz-jng\/#breadcrumb"},"inLanguage":"fr-FR","potentialAction":[{"@type":"ReadAction","target":["https:\/\/www.casanaute.fr\/boutique\/shop\/lave-linge-haier-a-fonction-vapeur-7jmf0-xz-jng\/"]}]},{"@type":"ImageObject","inLanguage":"fr-FR","@id":"https:\/\/www.casanaute.fr\/boutique\/shop\/lave-linge-haier-a-fonction-vapeur-7jmf0-xz-jng\/#primaryimage","url":"https:\/\/www.casanaute.fr\/boutique\/wp-content\/uploads\/2024\/09\/17-Photoroom-7.jpg","contentUrl":"https:\/\/www.casanaute.fr\/boutique\/wp-content\/uploads\/2024\/09\/17-Photoroom-7.jpg","width":1900,"height":1900},{"@type":"BreadcrumbList","@id":"https:\/\/www.casanaute.fr\/boutique\/shop\/lave-linge-haier-a-fonction-vapeur-7jmf0-xz-jng\/#breadcrumb","itemListElement":[{"@type":"ListItem","position":1,"name":"Home","item":"https:\/\/www.casanaute.fr\/boutique\/"},{"@type":"ListItem","position":2,"name":"Boutique","item":"https:\/\/www.casanaute.fr\/boutique\/shop\/"},{"@type":"ListItem","position":3,"name":"Lave linge Haier \u00e0 fonction vapeur [7JMF0-XZ-JNG]"}]},{"@type":"WebSite","@id":"https:\/\/www.casanaute.fr\/boutique\/#website","url":"https:\/\/www.casanaute.fr\/boutique\/","name":"Hotte Discount","description":"","potentialAction":[{"@type":"SearchAction","target":{"@type":"EntryPoint","urlTemplate":"https:\/\/www.casanaute.fr\/boutique\/?s={search_term_string}"},"query-input":{"@type":"PropertyValueSpecification","valueRequired":true,"valueName":"search_term_string"}}],"inLanguage":"fr-FR"}]}},"_links":{"self":[{"href":"https:\/\/www.casanaute.fr\/boutique\/wp-json\/wp\/v2\/product\/9903","targetHints":{"allow":["GET"]}}],"collection":[{"href":"https:\/\/www.casanaute.fr\/boutique\/wp-json\/wp\/v2\/product"}],"about":[{"href":"https:\/\/www.casanaute.fr\/boutique\/wp-json\/wp\/v2\/types\/product"}],"replies":[{"embeddable":true,"href":"https:\/\/www.casanaute.fr\/boutique\/wp-json\/wp\/v2\/comments?post=9903"}],"wp:featuredmedia":[{"embeddable":true,"href":"https:\/\/www.casanaute.fr\/boutique\/wp-json\/wp\/v2\/media\/9902"}],"wp:attachment":[{"href":"https:\/\/www.casanaute.fr\/boutique\/wp-json\/wp\/v2\/media?parent=9903"}],"wp:term":[{"taxonomy":"product_cat","embeddable":true,"href":"https:\/\/www.casanaute.fr\/boutique\/wp-json\/wp\/v2\/product_cat?post=9903"},{"taxonomy":"product_tag","embeddable":true,"href":"https:\/\/www.casanaute.fr\/boutique\/wp-json\/wp\/v2\/product_tag?post=9903"}],"curies":[{"name":"wp","href":"https:\/\/api.w.org\/{rel}","templated":true}]}}