{"id":9897,"date":"2024-09-30T14:15:50","date_gmt":"2024-09-30T12:15:50","guid":{"rendered":"https:\/\/www.casanaute.fr\/boutique\/shop\/lave-linge-haier-a-faible-consommation-deau-ps-xn-ee3aen\/"},"modified":"2024-09-30T14:15:50","modified_gmt":"2024-09-30T12:15:50","slug":"lave-linge-haier-a-faible-consommation-deau-ps-xn-ee3aen","status":"publish","type":"product","link":"https:\/\/www.casanaute.fr\/boutique\/shop\/lave-linge-haier-a-faible-consommation-deau-ps-xn-ee3aen\/","title":{"rendered":"Lave linge Haier \u00e0 faible consommation d&rsquo;eau [PS-XN-EE3AEN]"},"content":{"rendered":"<h2>Lave-linge Top Performant et Compact<\/h2>\n<p>D\u00e9couvrez un lave-linge top qui allie performance et gain d&rsquo;espace. Con\u00e7u pour r\u00e9pondre \u00e0 vos besoins quotidiens, ce mod\u00e8le compact de 41 x 86 x 60 cm vous offre une capacit\u00e9 impressionnante de 8,5 kg.<\/p>\n<p><strong>Caract\u00e9ristiques techniques :<\/strong><\/p>\n<ul>\n<li>Dimensions : 41 x 86 x 60 cm<\/li>\n<li>Capacit\u00e9 de lavage : 8,5 kg<\/li>\n<li>Vitesse d&rsquo;essorage : 1200 tours\/minute<\/li>\n<li>Classe \u00e9nerg\u00e9tique : A++<\/li>\n<li>\u00c9cran LED intuitif<\/li>\n<\/ul>\n<p><strong>Fonctionnalit\u00e9s principales :<\/strong><\/p>\n<p>Ce lave-linge est \u00e9quip\u00e9 de technologies avanc\u00e9es pour un lavage optimis\u00e9 :<\/p>\n<ol>\n<li>Programme rapide de 15 minutes pour les urgences.<\/li>\n<li>D\u00e9part diff\u00e9r\u00e9 jusqu&rsquo;\u00e0 24 heures pour un emploi du temps flexible.<\/li>\n<li>Syst\u00e8me de contr\u00f4le de mousse pour un lavage efficace.<\/li>\n<\/ol>\n<p>Avec son design \u00e9l\u00e9gant et ses nombreuses fonctionnalit\u00e9s, ce lave-linge top est le choix id\u00e9al pour ceux qui recherchent une solution efficace et compacte.<\/p>\n","protected":false},"excerpt":{"rendered":"<p>Lave-linge Top Performant et Compact D\u00e9couvrez un lave-linge top qui allie performance et gain d&rsquo;espace. Con\u00e7u pour r\u00e9pondre \u00e0 vos besoins quotidiens, ce mod\u00e8le compact de 41 x 86 x 60 cm vous offre une capacit\u00e9 impressionnante de 8,5 kg. Caract\u00e9ristiques techniques : Dimensions : 41 x 86 x 60 cm Capacit\u00e9 de lavage : [&hellip;]<\/p>\n","protected":false},"featured_media":9896,"comment_status":"open","ping_status":"closed","template":"","meta":[],"product_cat":[92],"product_tag":[],"class_list":{"0":"post-9897","1":"product","2":"type-product","3":"status-publish","4":"has-post-thumbnail","6":"product_cat-lave-linge-top","8":"first","9":"instock","10":"shipping-taxable","11":"purchasable","12":"product-type-simple"},"yoast_head":"<!-- This site is optimized with the Yoast SEO plugin v23.5 - https:\/\/yoast.com\/wordpress\/plugins\/seo\/ -->\n<title>Lave linge Haier \u00e0 faible consommation d&#039;eau [PS-XN-EE3AEN] - Lave-Linge pour la maison<\/title>\n<meta name=\"robots\" content=\"index, follow, max-snippet:-1, max-image-preview:large, max-video-preview:-1\" \/>\n<link rel=\"canonical\" href=\"https:\/\/www.casanaute.fr\/boutique\/shop\/lave-linge-haier-a-faible-consommation-deau-ps-xn-ee3aen\/\" \/>\n<meta property=\"og:locale\" content=\"fr_FR\" \/>\n<meta property=\"og:type\" content=\"article\" \/>\n<meta property=\"og:title\" content=\"Lave linge Haier \u00e0 faible consommation d&#039;eau [PS-XN-EE3AEN] - Lave-Linge pour la maison\" \/>\n<meta property=\"og:description\" content=\"Lave-linge Top Performant et Compact D\u00e9couvrez un lave-linge top qui allie performance et gain d&rsquo;espace. Con\u00e7u pour r\u00e9pondre \u00e0 vos besoins quotidiens, ce mod\u00e8le compact de 41 x 86 x 60 cm vous offre une capacit\u00e9 impressionnante de 8,5 kg. Caract\u00e9ristiques techniques : Dimensions : 41 x 86 x 60 cm Capacit\u00e9 de lavage : [&hellip;]\" \/>\n<meta property=\"og:url\" content=\"https:\/\/www.casanaute.fr\/boutique\/shop\/lave-linge-haier-a-faible-consommation-deau-ps-xn-ee3aen\/\" \/>\n<meta property=\"og:site_name\" content=\"Lave-Linge pour la maison\" \/>\n<meta name=\"twitter:card\" content=\"summary_large_image\" \/>\n<meta name=\"twitter:label1\" content=\"Dur\u00e9e de lecture estim\u00e9e\" \/>\n\t<meta name=\"twitter:data1\" content=\"1 minute\" \/>\n<script type=\"application\/ld+json\" class=\"yoast-schema-graph\">{\"@context\":\"https:\/\/schema.org\",\"@graph\":[{\"@type\":\"WebPage\",\"@id\":\"https:\/\/www.casanaute.fr\/boutique\/shop\/lave-linge-haier-a-faible-consommation-deau-ps-xn-ee3aen\/\",\"url\":\"https:\/\/www.casanaute.fr\/boutique\/shop\/lave-linge-haier-a-faible-consommation-deau-ps-xn-ee3aen\/\",\"name\":\"Lave linge Haier \u00e0 faible consommation d'eau [PS-XN-EE3AEN] - Lave-Linge pour la maison\",\"isPartOf\":{\"@id\":\"https:\/\/www.casanaute.fr\/boutique\/#website\"},\"primaryImageOfPage\":{\"@id\":\"https:\/\/www.casanaute.fr\/boutique\/shop\/lave-linge-haier-a-faible-consommation-deau-ps-xn-ee3aen\/#primaryimage\"},\"image\":{\"@id\":\"https:\/\/www.casanaute.fr\/boutique\/shop\/lave-linge-haier-a-faible-consommation-deau-ps-xn-ee3aen\/#primaryimage\"},\"thumbnailUrl\":\"https:\/\/www.casanaute.fr\/boutique\/wp-content\/uploads\/2024\/09\/17-Photoroom-4.jpg\",\"datePublished\":\"2024-09-30T12:15:50+00:00\",\"dateModified\":\"2024-09-30T12:15:50+00:00\",\"breadcrumb\":{\"@id\":\"https:\/\/www.casanaute.fr\/boutique\/shop\/lave-linge-haier-a-faible-consommation-deau-ps-xn-ee3aen\/#breadcrumb\"},\"inLanguage\":\"fr-FR\",\"potentialAction\":[{\"@type\":\"ReadAction\",\"target\":[\"https:\/\/www.casanaute.fr\/boutique\/shop\/lave-linge-haier-a-faible-consommation-deau-ps-xn-ee3aen\/\"]}]},{\"@type\":\"ImageObject\",\"inLanguage\":\"fr-FR\",\"@id\":\"https:\/\/www.casanaute.fr\/boutique\/shop\/lave-linge-haier-a-faible-consommation-deau-ps-xn-ee3aen\/#primaryimage\",\"url\":\"https:\/\/www.casanaute.fr\/boutique\/wp-content\/uploads\/2024\/09\/17-Photoroom-4.jpg\",\"contentUrl\":\"https:\/\/www.casanaute.fr\/boutique\/wp-content\/uploads\/2024\/09\/17-Photoroom-4.jpg\",\"width\":1900,\"height\":1900},{\"@type\":\"BreadcrumbList\",\"@id\":\"https:\/\/www.casanaute.fr\/boutique\/shop\/lave-linge-haier-a-faible-consommation-deau-ps-xn-ee3aen\/#breadcrumb\",\"itemListElement\":[{\"@type\":\"ListItem\",\"position\":1,\"name\":\"Home\",\"item\":\"https:\/\/www.casanaute.fr\/boutique\/\"},{\"@type\":\"ListItem\",\"position\":2,\"name\":\"Boutique\",\"item\":\"https:\/\/www.casanaute.fr\/boutique\/shop\/\"},{\"@type\":\"ListItem\",\"position\":3,\"name\":\"Lave linge Haier \u00e0 faible consommation d&rsquo;eau [PS-XN-EE3AEN]\"}]},{\"@type\":\"WebSite\",\"@id\":\"https:\/\/www.casanaute.fr\/boutique\/#website\",\"url\":\"https:\/\/www.casanaute.fr\/boutique\/\",\"name\":\"Hotte Discount\",\"description\":\"\",\"potentialAction\":[{\"@type\":\"SearchAction\",\"target\":{\"@type\":\"EntryPoint\",\"urlTemplate\":\"https:\/\/www.casanaute.fr\/boutique\/?s={search_term_string}\"},\"query-input\":{\"@type\":\"PropertyValueSpecification\",\"valueRequired\":true,\"valueName\":\"search_term_string\"}}],\"inLanguage\":\"fr-FR\"}]}<\/script>\n<!-- \/ Yoast SEO plugin. -->","yoast_head_json":{"title":"Lave linge Haier \u00e0 faible consommation d'eau [PS-XN-EE3AEN] - Lave-Linge pour la maison","robots":{"index":"index","follow":"follow","max-snippet":"max-snippet:-1","max-image-preview":"max-image-preview:large","max-video-preview":"max-video-preview:-1"},"canonical":"https:\/\/www.casanaute.fr\/boutique\/shop\/lave-linge-haier-a-faible-consommation-deau-ps-xn-ee3aen\/","og_locale":"fr_FR","og_type":"article","og_title":"Lave linge Haier \u00e0 faible consommation d'eau [PS-XN-EE3AEN] - Lave-Linge pour la maison","og_description":"Lave-linge Top Performant et Compact D\u00e9couvrez un lave-linge top qui allie performance et gain d&rsquo;espace. Con\u00e7u pour r\u00e9pondre \u00e0 vos besoins quotidiens, ce mod\u00e8le compact de 41 x 86 x 60 cm vous offre une capacit\u00e9 impressionnante de 8,5 kg. Caract\u00e9ristiques techniques : Dimensions : 41 x 86 x 60 cm Capacit\u00e9 de lavage : [&hellip;]","og_url":"https:\/\/www.casanaute.fr\/boutique\/shop\/lave-linge-haier-a-faible-consommation-deau-ps-xn-ee3aen\/","og_site_name":"Lave-Linge pour la maison","twitter_card":"summary_large_image","twitter_misc":{"Dur\u00e9e de lecture estim\u00e9e":"1 minute"},"schema":{"@context":"https:\/\/schema.org","@graph":[{"@type":"WebPage","@id":"https:\/\/www.casanaute.fr\/boutique\/shop\/lave-linge-haier-a-faible-consommation-deau-ps-xn-ee3aen\/","url":"https:\/\/www.casanaute.fr\/boutique\/shop\/lave-linge-haier-a-faible-consommation-deau-ps-xn-ee3aen\/","name":"Lave linge Haier \u00e0 faible consommation d'eau [PS-XN-EE3AEN] - Lave-Linge pour la maison","isPartOf":{"@id":"https:\/\/www.casanaute.fr\/boutique\/#website"},"primaryImageOfPage":{"@id":"https:\/\/www.casanaute.fr\/boutique\/shop\/lave-linge-haier-a-faible-consommation-deau-ps-xn-ee3aen\/#primaryimage"},"image":{"@id":"https:\/\/www.casanaute.fr\/boutique\/shop\/lave-linge-haier-a-faible-consommation-deau-ps-xn-ee3aen\/#primaryimage"},"thumbnailUrl":"https:\/\/www.casanaute.fr\/boutique\/wp-content\/uploads\/2024\/09\/17-Photoroom-4.jpg","datePublished":"2024-09-30T12:15:50+00:00","dateModified":"2024-09-30T12:15:50+00:00","breadcrumb":{"@id":"https:\/\/www.casanaute.fr\/boutique\/shop\/lave-linge-haier-a-faible-consommation-deau-ps-xn-ee3aen\/#breadcrumb"},"inLanguage":"fr-FR","potentialAction":[{"@type":"ReadAction","target":["https:\/\/www.casanaute.fr\/boutique\/shop\/lave-linge-haier-a-faible-consommation-deau-ps-xn-ee3aen\/"]}]},{"@type":"ImageObject","inLanguage":"fr-FR","@id":"https:\/\/www.casanaute.fr\/boutique\/shop\/lave-linge-haier-a-faible-consommation-deau-ps-xn-ee3aen\/#primaryimage","url":"https:\/\/www.casanaute.fr\/boutique\/wp-content\/uploads\/2024\/09\/17-Photoroom-4.jpg","contentUrl":"https:\/\/www.casanaute.fr\/boutique\/wp-content\/uploads\/2024\/09\/17-Photoroom-4.jpg","width":1900,"height":1900},{"@type":"BreadcrumbList","@id":"https:\/\/www.casanaute.fr\/boutique\/shop\/lave-linge-haier-a-faible-consommation-deau-ps-xn-ee3aen\/#breadcrumb","itemListElement":[{"@type":"ListItem","position":1,"name":"Home","item":"https:\/\/www.casanaute.fr\/boutique\/"},{"@type":"ListItem","position":2,"name":"Boutique","item":"https:\/\/www.casanaute.fr\/boutique\/shop\/"},{"@type":"ListItem","position":3,"name":"Lave linge Haier \u00e0 faible consommation d&rsquo;eau [PS-XN-EE3AEN]"}]},{"@type":"WebSite","@id":"https:\/\/www.casanaute.fr\/boutique\/#website","url":"https:\/\/www.casanaute.fr\/boutique\/","name":"Hotte Discount","description":"","potentialAction":[{"@type":"SearchAction","target":{"@type":"EntryPoint","urlTemplate":"https:\/\/www.casanaute.fr\/boutique\/?s={search_term_string}"},"query-input":{"@type":"PropertyValueSpecification","valueRequired":true,"valueName":"search_term_string"}}],"inLanguage":"fr-FR"}]}},"_links":{"self":[{"href":"https:\/\/www.casanaute.fr\/boutique\/wp-json\/wp\/v2\/product\/9897","targetHints":{"allow":["GET"]}}],"collection":[{"href":"https:\/\/www.casanaute.fr\/boutique\/wp-json\/wp\/v2\/product"}],"about":[{"href":"https:\/\/www.casanaute.fr\/boutique\/wp-json\/wp\/v2\/types\/product"}],"replies":[{"embeddable":true,"href":"https:\/\/www.casanaute.fr\/boutique\/wp-json\/wp\/v2\/comments?post=9897"}],"wp:featuredmedia":[{"embeddable":true,"href":"https:\/\/www.casanaute.fr\/boutique\/wp-json\/wp\/v2\/media\/9896"}],"wp:attachment":[{"href":"https:\/\/www.casanaute.fr\/boutique\/wp-json\/wp\/v2\/media?parent=9897"}],"wp:term":[{"taxonomy":"product_cat","embeddable":true,"href":"https:\/\/www.casanaute.fr\/boutique\/wp-json\/wp\/v2\/product_cat?post=9897"},{"taxonomy":"product_tag","embeddable":true,"href":"https:\/\/www.casanaute.fr\/boutique\/wp-json\/wp\/v2\/product_tag?post=9897"}],"curies":[{"name":"wp","href":"https:\/\/api.w.org\/{rel}","templated":true}]}}