{"id":9895,"date":"2024-09-30T14:15:46","date_gmt":"2024-09-30T12:15:46","guid":{"rendered":"https:\/\/www.casanaute.fr\/boutique\/shop\/lave-linge-haier-avec-technologie-smart-jc3welud-o-b\/"},"modified":"2024-09-30T14:15:46","modified_gmt":"2024-09-30T12:15:46","slug":"lave-linge-haier-avec-technologie-smart-jc3welud-o-b","status":"publish","type":"product","link":"https:\/\/www.casanaute.fr\/boutique\/shop\/lave-linge-haier-avec-technologie-smart-jc3welud-o-b\/","title":{"rendered":"Lave linge Haier avec technologie Smart [JC3WELUD-O-B]"},"content":{"rendered":"<h2>Lave-linge top compact et efficace<\/h2>\n<p>Optimisez votre espace avec ce lave-linge top compact de seulement 41 cm de large. Profitez d&rsquo;une capacit\u00e9 g\u00e9n\u00e9reuse de 8,5 kg tout en \u00e9conomisant de la place.<\/p>\n<ul>\n<li><strong>Dimensions : <\/strong>41 x 86 x 60 cm<\/li>\n<li><strong>Capacit\u00e9 : <\/strong>8,5 kg<\/li>\n<\/ul>\n<p>Ce lave-linge top offre une facilit\u00e9 d&rsquo;utilisation et un acc\u00e8s facile au tambour, r\u00e9duisant les efforts lors du chargement et du d\u00e9chargement. Con\u00e7u pour les familles, il permet de laver une grande quantit\u00e9 de linge en une seule fois.<\/p>\n<p>\u00c9quipez-vous de la derni\u00e8re technologie en mati\u00e8re de lavage pour une propret\u00e9 impeccable et une qualit\u00e9 de soin irr\u00e9prochable pour vos v\u00eatements.<\/p>\n<ol>\n<li>Lavages rapides et efficaces<\/li>\n<li>Programmes adapt\u00e9s \u00e0 chaque type de textile<\/li>\n<\/ol>\n<ul>\n<li><strong>Moteur silencieux : <\/strong>fonctionnement discret<\/li>\n<li><strong>Interface utilisateur intuitive : <\/strong>programme vos cycles de lavage en quelques clics<\/li>\n<\/ul>\n<p>Donnez \u00e0 votre linge le soin qu&rsquo;il m\u00e9rite avec ce lave-linge performant et ergonomique, adapt\u00e9 aux besoins quotidiens de toute la famille.<\/p>\n","protected":false},"excerpt":{"rendered":"<p>Lave-linge top compact et efficace Optimisez votre espace avec ce lave-linge top compact de seulement 41 cm de large. Profitez d&rsquo;une capacit\u00e9 g\u00e9n\u00e9reuse de 8,5 kg tout en \u00e9conomisant de la place. Dimensions : 41 x 86 x 60 cm Capacit\u00e9 : 8,5 kg Ce lave-linge top offre une facilit\u00e9 d&rsquo;utilisation et un acc\u00e8s facile [&hellip;]<\/p>\n","protected":false},"featured_media":9894,"comment_status":"open","ping_status":"closed","template":"","meta":[],"product_cat":[92],"product_tag":[],"class_list":{"0":"post-9895","1":"product","2":"type-product","3":"status-publish","4":"has-post-thumbnail","6":"product_cat-lave-linge-top","8":"first","9":"instock","10":"shipping-taxable","11":"purchasable","12":"product-type-simple"},"yoast_head":"<!-- This site is optimized with the Yoast SEO plugin v23.5 - https:\/\/yoast.com\/wordpress\/plugins\/seo\/ -->\n<title>Lave linge Haier avec technologie Smart [JC3WELUD-O-B] - Lave-Linge pour la maison<\/title>\n<meta name=\"robots\" content=\"index, follow, max-snippet:-1, max-image-preview:large, max-video-preview:-1\" \/>\n<link rel=\"canonical\" href=\"https:\/\/www.casanaute.fr\/boutique\/shop\/lave-linge-haier-avec-technologie-smart-jc3welud-o-b\/\" \/>\n<meta property=\"og:locale\" content=\"fr_FR\" \/>\n<meta property=\"og:type\" content=\"article\" \/>\n<meta property=\"og:title\" content=\"Lave linge Haier avec technologie Smart [JC3WELUD-O-B] - Lave-Linge pour la maison\" \/>\n<meta property=\"og:description\" content=\"Lave-linge top compact et efficace Optimisez votre espace avec ce lave-linge top compact de seulement 41 cm de large. Profitez d&rsquo;une capacit\u00e9 g\u00e9n\u00e9reuse de 8,5 kg tout en \u00e9conomisant de la place. Dimensions : 41 x 86 x 60 cm Capacit\u00e9 : 8,5 kg Ce lave-linge top offre une facilit\u00e9 d&rsquo;utilisation et un acc\u00e8s facile [&hellip;]\" \/>\n<meta property=\"og:url\" content=\"https:\/\/www.casanaute.fr\/boutique\/shop\/lave-linge-haier-avec-technologie-smart-jc3welud-o-b\/\" \/>\n<meta property=\"og:site_name\" content=\"Lave-Linge pour la maison\" \/>\n<meta name=\"twitter:card\" content=\"summary_large_image\" \/>\n<meta name=\"twitter:label1\" content=\"Dur\u00e9e de lecture estim\u00e9e\" \/>\n\t<meta name=\"twitter:data1\" content=\"1 minute\" \/>\n<script type=\"application\/ld+json\" class=\"yoast-schema-graph\">{\"@context\":\"https:\/\/schema.org\",\"@graph\":[{\"@type\":\"WebPage\",\"@id\":\"https:\/\/www.casanaute.fr\/boutique\/shop\/lave-linge-haier-avec-technologie-smart-jc3welud-o-b\/\",\"url\":\"https:\/\/www.casanaute.fr\/boutique\/shop\/lave-linge-haier-avec-technologie-smart-jc3welud-o-b\/\",\"name\":\"Lave linge Haier avec technologie Smart [JC3WELUD-O-B] - Lave-Linge pour la maison\",\"isPartOf\":{\"@id\":\"https:\/\/www.casanaute.fr\/boutique\/#website\"},\"primaryImageOfPage\":{\"@id\":\"https:\/\/www.casanaute.fr\/boutique\/shop\/lave-linge-haier-avec-technologie-smart-jc3welud-o-b\/#primaryimage\"},\"image\":{\"@id\":\"https:\/\/www.casanaute.fr\/boutique\/shop\/lave-linge-haier-avec-technologie-smart-jc3welud-o-b\/#primaryimage\"},\"thumbnailUrl\":\"https:\/\/www.casanaute.fr\/boutique\/wp-content\/uploads\/2024\/09\/17-Photoroom-3.jpg\",\"datePublished\":\"2024-09-30T12:15:46+00:00\",\"dateModified\":\"2024-09-30T12:15:46+00:00\",\"breadcrumb\":{\"@id\":\"https:\/\/www.casanaute.fr\/boutique\/shop\/lave-linge-haier-avec-technologie-smart-jc3welud-o-b\/#breadcrumb\"},\"inLanguage\":\"fr-FR\",\"potentialAction\":[{\"@type\":\"ReadAction\",\"target\":[\"https:\/\/www.casanaute.fr\/boutique\/shop\/lave-linge-haier-avec-technologie-smart-jc3welud-o-b\/\"]}]},{\"@type\":\"ImageObject\",\"inLanguage\":\"fr-FR\",\"@id\":\"https:\/\/www.casanaute.fr\/boutique\/shop\/lave-linge-haier-avec-technologie-smart-jc3welud-o-b\/#primaryimage\",\"url\":\"https:\/\/www.casanaute.fr\/boutique\/wp-content\/uploads\/2024\/09\/17-Photoroom-3.jpg\",\"contentUrl\":\"https:\/\/www.casanaute.fr\/boutique\/wp-content\/uploads\/2024\/09\/17-Photoroom-3.jpg\",\"width\":1900,\"height\":1900},{\"@type\":\"BreadcrumbList\",\"@id\":\"https:\/\/www.casanaute.fr\/boutique\/shop\/lave-linge-haier-avec-technologie-smart-jc3welud-o-b\/#breadcrumb\",\"itemListElement\":[{\"@type\":\"ListItem\",\"position\":1,\"name\":\"Home\",\"item\":\"https:\/\/www.casanaute.fr\/boutique\/\"},{\"@type\":\"ListItem\",\"position\":2,\"name\":\"Boutique\",\"item\":\"https:\/\/www.casanaute.fr\/boutique\/shop\/\"},{\"@type\":\"ListItem\",\"position\":3,\"name\":\"Lave linge Haier avec technologie Smart [JC3WELUD-O-B]\"}]},{\"@type\":\"WebSite\",\"@id\":\"https:\/\/www.casanaute.fr\/boutique\/#website\",\"url\":\"https:\/\/www.casanaute.fr\/boutique\/\",\"name\":\"Hotte Discount\",\"description\":\"\",\"potentialAction\":[{\"@type\":\"SearchAction\",\"target\":{\"@type\":\"EntryPoint\",\"urlTemplate\":\"https:\/\/www.casanaute.fr\/boutique\/?s={search_term_string}\"},\"query-input\":{\"@type\":\"PropertyValueSpecification\",\"valueRequired\":true,\"valueName\":\"search_term_string\"}}],\"inLanguage\":\"fr-FR\"}]}<\/script>\n<!-- \/ Yoast SEO plugin. -->","yoast_head_json":{"title":"Lave linge Haier avec technologie Smart [JC3WELUD-O-B] - Lave-Linge pour la maison","robots":{"index":"index","follow":"follow","max-snippet":"max-snippet:-1","max-image-preview":"max-image-preview:large","max-video-preview":"max-video-preview:-1"},"canonical":"https:\/\/www.casanaute.fr\/boutique\/shop\/lave-linge-haier-avec-technologie-smart-jc3welud-o-b\/","og_locale":"fr_FR","og_type":"article","og_title":"Lave linge Haier avec technologie Smart [JC3WELUD-O-B] - Lave-Linge pour la maison","og_description":"Lave-linge top compact et efficace Optimisez votre espace avec ce lave-linge top compact de seulement 41 cm de large. Profitez d&rsquo;une capacit\u00e9 g\u00e9n\u00e9reuse de 8,5 kg tout en \u00e9conomisant de la place. Dimensions : 41 x 86 x 60 cm Capacit\u00e9 : 8,5 kg Ce lave-linge top offre une facilit\u00e9 d&rsquo;utilisation et un acc\u00e8s facile [&hellip;]","og_url":"https:\/\/www.casanaute.fr\/boutique\/shop\/lave-linge-haier-avec-technologie-smart-jc3welud-o-b\/","og_site_name":"Lave-Linge pour la maison","twitter_card":"summary_large_image","twitter_misc":{"Dur\u00e9e de lecture estim\u00e9e":"1 minute"},"schema":{"@context":"https:\/\/schema.org","@graph":[{"@type":"WebPage","@id":"https:\/\/www.casanaute.fr\/boutique\/shop\/lave-linge-haier-avec-technologie-smart-jc3welud-o-b\/","url":"https:\/\/www.casanaute.fr\/boutique\/shop\/lave-linge-haier-avec-technologie-smart-jc3welud-o-b\/","name":"Lave linge Haier avec technologie Smart [JC3WELUD-O-B] - Lave-Linge pour la maison","isPartOf":{"@id":"https:\/\/www.casanaute.fr\/boutique\/#website"},"primaryImageOfPage":{"@id":"https:\/\/www.casanaute.fr\/boutique\/shop\/lave-linge-haier-avec-technologie-smart-jc3welud-o-b\/#primaryimage"},"image":{"@id":"https:\/\/www.casanaute.fr\/boutique\/shop\/lave-linge-haier-avec-technologie-smart-jc3welud-o-b\/#primaryimage"},"thumbnailUrl":"https:\/\/www.casanaute.fr\/boutique\/wp-content\/uploads\/2024\/09\/17-Photoroom-3.jpg","datePublished":"2024-09-30T12:15:46+00:00","dateModified":"2024-09-30T12:15:46+00:00","breadcrumb":{"@id":"https:\/\/www.casanaute.fr\/boutique\/shop\/lave-linge-haier-avec-technologie-smart-jc3welud-o-b\/#breadcrumb"},"inLanguage":"fr-FR","potentialAction":[{"@type":"ReadAction","target":["https:\/\/www.casanaute.fr\/boutique\/shop\/lave-linge-haier-avec-technologie-smart-jc3welud-o-b\/"]}]},{"@type":"ImageObject","inLanguage":"fr-FR","@id":"https:\/\/www.casanaute.fr\/boutique\/shop\/lave-linge-haier-avec-technologie-smart-jc3welud-o-b\/#primaryimage","url":"https:\/\/www.casanaute.fr\/boutique\/wp-content\/uploads\/2024\/09\/17-Photoroom-3.jpg","contentUrl":"https:\/\/www.casanaute.fr\/boutique\/wp-content\/uploads\/2024\/09\/17-Photoroom-3.jpg","width":1900,"height":1900},{"@type":"BreadcrumbList","@id":"https:\/\/www.casanaute.fr\/boutique\/shop\/lave-linge-haier-avec-technologie-smart-jc3welud-o-b\/#breadcrumb","itemListElement":[{"@type":"ListItem","position":1,"name":"Home","item":"https:\/\/www.casanaute.fr\/boutique\/"},{"@type":"ListItem","position":2,"name":"Boutique","item":"https:\/\/www.casanaute.fr\/boutique\/shop\/"},{"@type":"ListItem","position":3,"name":"Lave linge Haier avec technologie Smart [JC3WELUD-O-B]"}]},{"@type":"WebSite","@id":"https:\/\/www.casanaute.fr\/boutique\/#website","url":"https:\/\/www.casanaute.fr\/boutique\/","name":"Hotte Discount","description":"","potentialAction":[{"@type":"SearchAction","target":{"@type":"EntryPoint","urlTemplate":"https:\/\/www.casanaute.fr\/boutique\/?s={search_term_string}"},"query-input":{"@type":"PropertyValueSpecification","valueRequired":true,"valueName":"search_term_string"}}],"inLanguage":"fr-FR"}]}},"_links":{"self":[{"href":"https:\/\/www.casanaute.fr\/boutique\/wp-json\/wp\/v2\/product\/9895","targetHints":{"allow":["GET"]}}],"collection":[{"href":"https:\/\/www.casanaute.fr\/boutique\/wp-json\/wp\/v2\/product"}],"about":[{"href":"https:\/\/www.casanaute.fr\/boutique\/wp-json\/wp\/v2\/types\/product"}],"replies":[{"embeddable":true,"href":"https:\/\/www.casanaute.fr\/boutique\/wp-json\/wp\/v2\/comments?post=9895"}],"wp:featuredmedia":[{"embeddable":true,"href":"https:\/\/www.casanaute.fr\/boutique\/wp-json\/wp\/v2\/media\/9894"}],"wp:attachment":[{"href":"https:\/\/www.casanaute.fr\/boutique\/wp-json\/wp\/v2\/media?parent=9895"}],"wp:term":[{"taxonomy":"product_cat","embeddable":true,"href":"https:\/\/www.casanaute.fr\/boutique\/wp-json\/wp\/v2\/product_cat?post=9895"},{"taxonomy":"product_tag","embeddable":true,"href":"https:\/\/www.casanaute.fr\/boutique\/wp-json\/wp\/v2\/product_tag?post=9895"}],"curies":[{"name":"wp","href":"https:\/\/api.w.org\/{rel}","templated":true}]}}