{"id":9889,"date":"2024-09-30T14:15:36","date_gmt":"2024-09-30T12:15:36","guid":{"rendered":"https:\/\/www.casanaute.fr\/boutique\/shop\/lave-linge-haier-a-capacite-xxl-t9t6t-0kt-va\/"},"modified":"2024-09-30T14:15:36","modified_gmt":"2024-09-30T12:15:36","slug":"lave-linge-haier-a-capacite-xxl-t9t6t-0kt-va","status":"publish","type":"product","link":"https:\/\/www.casanaute.fr\/boutique\/shop\/lave-linge-haier-a-capacite-xxl-t9t6t-0kt-va\/","title":{"rendered":"Lave linge Haier \u00e0 capacit\u00e9 XXL [T9T6T-0KT-VA]"},"content":{"rendered":"<h2>Lave-linge top performant<\/h2>\n<p>Optimisez votre routine de lessive avec ce lave-linge top compact et performant.<\/p>\n<p><strong>Caract\u00e9ristiques g\u00e9n\u00e9rales :<\/strong><\/p>\n<ul>\n<li>Dimensions : 41 x 86 x 60 cm<\/li>\n<li>Capacit\u00e9 : 8,5 kg<\/li>\n<\/ul>\n<p>Avec sa capacit\u00e9 standard de 8,5 kg, ce lave-linge est id\u00e9al pour les familles de taille moyenne. Ses dimensions compactes vous permettent de l&rsquo;installer facilement dans des espaces restreints.<\/p>\n<p><strong>Technologie et efficacit\u00e9 :<\/strong><\/p>\n<ul>\n<li>Moteur Inverter pour une consommation d&rsquo;\u00e9nergie r\u00e9duite<\/li>\n<li>Programme rapide pour les lavages en urgence<\/li>\n<li>Options de personnalisation des cycles de lavage<\/li>\n<\/ul>\n<p>La technologie avanc\u00e9e de ce lave-linge assure un lavage impeccable tout en \u00e9conomisant de l&rsquo;\u00e9nergie. Le moteur Inverter contribue \u00e0 une r\u00e9duction significative de la consommation et du bruit, tandis que les programmes rapides sont parfaits pour les situations impr\u00e9vues.<\/p>\n<p><strong>Facilit\u00e9 d&rsquo;utilisation :<\/strong><\/p>\n<ol>\n<li>Affichage num\u00e9rique intuitif<\/li>\n<li>Chargement par le dessus \u00e9vitant les maux de dos<\/li>\n<li>S\u00e9curit\u00e9 enfant<\/li>\n<\/ol>\n<p>L&rsquo;interface utilisateur est facile \u00e0 comprendre gr\u00e2ce \u00e0 l&rsquo;affichage num\u00e9rique clair. De plus, le chargement par le dessus rend l&rsquo;utilisation plus ergonomique et pratique.<\/p>\n<p>Optez pour ce lave-linge top pour un alli\u00e9 de choix dans votre quotidien, alliant performance, \u00e9conomie d&rsquo;\u00e9nergie et facilit\u00e9 d&rsquo;utilisation.<\/p>\n","protected":false},"excerpt":{"rendered":"<p>Lave-linge top performant Optimisez votre routine de lessive avec ce lave-linge top compact et performant. Caract\u00e9ristiques g\u00e9n\u00e9rales : Dimensions : 41 x 86 x 60 cm Capacit\u00e9 : 8,5 kg Avec sa capacit\u00e9 standard de 8,5 kg, ce lave-linge est id\u00e9al pour les familles de taille moyenne. Ses dimensions compactes vous permettent de l&rsquo;installer facilement [&hellip;]<\/p>\n","protected":false},"featured_media":9888,"comment_status":"open","ping_status":"closed","template":"","meta":[],"product_cat":[92],"product_tag":[],"class_list":{"0":"post-9889","1":"product","2":"type-product","3":"status-publish","4":"has-post-thumbnail","6":"product_cat-lave-linge-top","8":"first","9":"instock","10":"shipping-taxable","11":"purchasable","12":"product-type-simple"},"yoast_head":"<!-- This site is optimized with the Yoast SEO plugin v23.5 - https:\/\/yoast.com\/wordpress\/plugins\/seo\/ -->\n<title>Lave linge Haier \u00e0 capacit\u00e9 XXL [T9T6T-0KT-VA] - Lave-Linge pour la maison<\/title>\n<meta name=\"robots\" content=\"index, follow, max-snippet:-1, max-image-preview:large, max-video-preview:-1\" \/>\n<link rel=\"canonical\" href=\"https:\/\/www.casanaute.fr\/boutique\/shop\/lave-linge-haier-a-capacite-xxl-t9t6t-0kt-va\/\" \/>\n<meta property=\"og:locale\" content=\"fr_FR\" \/>\n<meta property=\"og:type\" content=\"article\" \/>\n<meta property=\"og:title\" content=\"Lave linge Haier \u00e0 capacit\u00e9 XXL [T9T6T-0KT-VA] - Lave-Linge pour la maison\" \/>\n<meta property=\"og:description\" content=\"Lave-linge top performant Optimisez votre routine de lessive avec ce lave-linge top compact et performant. Caract\u00e9ristiques g\u00e9n\u00e9rales : Dimensions : 41 x 86 x 60 cm Capacit\u00e9 : 8,5 kg Avec sa capacit\u00e9 standard de 8,5 kg, ce lave-linge est id\u00e9al pour les familles de taille moyenne. Ses dimensions compactes vous permettent de l&rsquo;installer facilement [&hellip;]\" \/>\n<meta property=\"og:url\" content=\"https:\/\/www.casanaute.fr\/boutique\/shop\/lave-linge-haier-a-capacite-xxl-t9t6t-0kt-va\/\" \/>\n<meta property=\"og:site_name\" content=\"Lave-Linge pour la maison\" \/>\n<meta name=\"twitter:card\" content=\"summary_large_image\" \/>\n<meta name=\"twitter:label1\" content=\"Dur\u00e9e de lecture estim\u00e9e\" \/>\n\t<meta name=\"twitter:data1\" content=\"1 minute\" \/>\n<script type=\"application\/ld+json\" class=\"yoast-schema-graph\">{\"@context\":\"https:\/\/schema.org\",\"@graph\":[{\"@type\":\"WebPage\",\"@id\":\"https:\/\/www.casanaute.fr\/boutique\/shop\/lave-linge-haier-a-capacite-xxl-t9t6t-0kt-va\/\",\"url\":\"https:\/\/www.casanaute.fr\/boutique\/shop\/lave-linge-haier-a-capacite-xxl-t9t6t-0kt-va\/\",\"name\":\"Lave linge Haier \u00e0 capacit\u00e9 XXL [T9T6T-0KT-VA] - Lave-Linge pour la maison\",\"isPartOf\":{\"@id\":\"https:\/\/www.casanaute.fr\/boutique\/#website\"},\"primaryImageOfPage\":{\"@id\":\"https:\/\/www.casanaute.fr\/boutique\/shop\/lave-linge-haier-a-capacite-xxl-t9t6t-0kt-va\/#primaryimage\"},\"image\":{\"@id\":\"https:\/\/www.casanaute.fr\/boutique\/shop\/lave-linge-haier-a-capacite-xxl-t9t6t-0kt-va\/#primaryimage\"},\"thumbnailUrl\":\"https:\/\/www.casanaute.fr\/boutique\/wp-content\/uploads\/2024\/09\/17-Photoroom.jpg\",\"datePublished\":\"2024-09-30T12:15:36+00:00\",\"dateModified\":\"2024-09-30T12:15:36+00:00\",\"breadcrumb\":{\"@id\":\"https:\/\/www.casanaute.fr\/boutique\/shop\/lave-linge-haier-a-capacite-xxl-t9t6t-0kt-va\/#breadcrumb\"},\"inLanguage\":\"fr-FR\",\"potentialAction\":[{\"@type\":\"ReadAction\",\"target\":[\"https:\/\/www.casanaute.fr\/boutique\/shop\/lave-linge-haier-a-capacite-xxl-t9t6t-0kt-va\/\"]}]},{\"@type\":\"ImageObject\",\"inLanguage\":\"fr-FR\",\"@id\":\"https:\/\/www.casanaute.fr\/boutique\/shop\/lave-linge-haier-a-capacite-xxl-t9t6t-0kt-va\/#primaryimage\",\"url\":\"https:\/\/www.casanaute.fr\/boutique\/wp-content\/uploads\/2024\/09\/17-Photoroom.jpg\",\"contentUrl\":\"https:\/\/www.casanaute.fr\/boutique\/wp-content\/uploads\/2024\/09\/17-Photoroom.jpg\",\"width\":1900,\"height\":1900},{\"@type\":\"BreadcrumbList\",\"@id\":\"https:\/\/www.casanaute.fr\/boutique\/shop\/lave-linge-haier-a-capacite-xxl-t9t6t-0kt-va\/#breadcrumb\",\"itemListElement\":[{\"@type\":\"ListItem\",\"position\":1,\"name\":\"Home\",\"item\":\"https:\/\/www.casanaute.fr\/boutique\/\"},{\"@type\":\"ListItem\",\"position\":2,\"name\":\"Boutique\",\"item\":\"https:\/\/www.casanaute.fr\/boutique\/shop\/\"},{\"@type\":\"ListItem\",\"position\":3,\"name\":\"Lave linge Haier \u00e0 capacit\u00e9 XXL [T9T6T-0KT-VA]\"}]},{\"@type\":\"WebSite\",\"@id\":\"https:\/\/www.casanaute.fr\/boutique\/#website\",\"url\":\"https:\/\/www.casanaute.fr\/boutique\/\",\"name\":\"Hotte Discount\",\"description\":\"\",\"potentialAction\":[{\"@type\":\"SearchAction\",\"target\":{\"@type\":\"EntryPoint\",\"urlTemplate\":\"https:\/\/www.casanaute.fr\/boutique\/?s={search_term_string}\"},\"query-input\":{\"@type\":\"PropertyValueSpecification\",\"valueRequired\":true,\"valueName\":\"search_term_string\"}}],\"inLanguage\":\"fr-FR\"}]}<\/script>\n<!-- \/ Yoast SEO plugin. -->","yoast_head_json":{"title":"Lave linge Haier \u00e0 capacit\u00e9 XXL [T9T6T-0KT-VA] - Lave-Linge pour la maison","robots":{"index":"index","follow":"follow","max-snippet":"max-snippet:-1","max-image-preview":"max-image-preview:large","max-video-preview":"max-video-preview:-1"},"canonical":"https:\/\/www.casanaute.fr\/boutique\/shop\/lave-linge-haier-a-capacite-xxl-t9t6t-0kt-va\/","og_locale":"fr_FR","og_type":"article","og_title":"Lave linge Haier \u00e0 capacit\u00e9 XXL [T9T6T-0KT-VA] - Lave-Linge pour la maison","og_description":"Lave-linge top performant Optimisez votre routine de lessive avec ce lave-linge top compact et performant. Caract\u00e9ristiques g\u00e9n\u00e9rales : Dimensions : 41 x 86 x 60 cm Capacit\u00e9 : 8,5 kg Avec sa capacit\u00e9 standard de 8,5 kg, ce lave-linge est id\u00e9al pour les familles de taille moyenne. Ses dimensions compactes vous permettent de l&rsquo;installer facilement [&hellip;]","og_url":"https:\/\/www.casanaute.fr\/boutique\/shop\/lave-linge-haier-a-capacite-xxl-t9t6t-0kt-va\/","og_site_name":"Lave-Linge pour la maison","twitter_card":"summary_large_image","twitter_misc":{"Dur\u00e9e de lecture estim\u00e9e":"1 minute"},"schema":{"@context":"https:\/\/schema.org","@graph":[{"@type":"WebPage","@id":"https:\/\/www.casanaute.fr\/boutique\/shop\/lave-linge-haier-a-capacite-xxl-t9t6t-0kt-va\/","url":"https:\/\/www.casanaute.fr\/boutique\/shop\/lave-linge-haier-a-capacite-xxl-t9t6t-0kt-va\/","name":"Lave linge Haier \u00e0 capacit\u00e9 XXL [T9T6T-0KT-VA] - Lave-Linge pour la maison","isPartOf":{"@id":"https:\/\/www.casanaute.fr\/boutique\/#website"},"primaryImageOfPage":{"@id":"https:\/\/www.casanaute.fr\/boutique\/shop\/lave-linge-haier-a-capacite-xxl-t9t6t-0kt-va\/#primaryimage"},"image":{"@id":"https:\/\/www.casanaute.fr\/boutique\/shop\/lave-linge-haier-a-capacite-xxl-t9t6t-0kt-va\/#primaryimage"},"thumbnailUrl":"https:\/\/www.casanaute.fr\/boutique\/wp-content\/uploads\/2024\/09\/17-Photoroom.jpg","datePublished":"2024-09-30T12:15:36+00:00","dateModified":"2024-09-30T12:15:36+00:00","breadcrumb":{"@id":"https:\/\/www.casanaute.fr\/boutique\/shop\/lave-linge-haier-a-capacite-xxl-t9t6t-0kt-va\/#breadcrumb"},"inLanguage":"fr-FR","potentialAction":[{"@type":"ReadAction","target":["https:\/\/www.casanaute.fr\/boutique\/shop\/lave-linge-haier-a-capacite-xxl-t9t6t-0kt-va\/"]}]},{"@type":"ImageObject","inLanguage":"fr-FR","@id":"https:\/\/www.casanaute.fr\/boutique\/shop\/lave-linge-haier-a-capacite-xxl-t9t6t-0kt-va\/#primaryimage","url":"https:\/\/www.casanaute.fr\/boutique\/wp-content\/uploads\/2024\/09\/17-Photoroom.jpg","contentUrl":"https:\/\/www.casanaute.fr\/boutique\/wp-content\/uploads\/2024\/09\/17-Photoroom.jpg","width":1900,"height":1900},{"@type":"BreadcrumbList","@id":"https:\/\/www.casanaute.fr\/boutique\/shop\/lave-linge-haier-a-capacite-xxl-t9t6t-0kt-va\/#breadcrumb","itemListElement":[{"@type":"ListItem","position":1,"name":"Home","item":"https:\/\/www.casanaute.fr\/boutique\/"},{"@type":"ListItem","position":2,"name":"Boutique","item":"https:\/\/www.casanaute.fr\/boutique\/shop\/"},{"@type":"ListItem","position":3,"name":"Lave linge Haier \u00e0 capacit\u00e9 XXL [T9T6T-0KT-VA]"}]},{"@type":"WebSite","@id":"https:\/\/www.casanaute.fr\/boutique\/#website","url":"https:\/\/www.casanaute.fr\/boutique\/","name":"Hotte Discount","description":"","potentialAction":[{"@type":"SearchAction","target":{"@type":"EntryPoint","urlTemplate":"https:\/\/www.casanaute.fr\/boutique\/?s={search_term_string}"},"query-input":{"@type":"PropertyValueSpecification","valueRequired":true,"valueName":"search_term_string"}}],"inLanguage":"fr-FR"}]}},"_links":{"self":[{"href":"https:\/\/www.casanaute.fr\/boutique\/wp-json\/wp\/v2\/product\/9889","targetHints":{"allow":["GET"]}}],"collection":[{"href":"https:\/\/www.casanaute.fr\/boutique\/wp-json\/wp\/v2\/product"}],"about":[{"href":"https:\/\/www.casanaute.fr\/boutique\/wp-json\/wp\/v2\/types\/product"}],"replies":[{"embeddable":true,"href":"https:\/\/www.casanaute.fr\/boutique\/wp-json\/wp\/v2\/comments?post=9889"}],"wp:featuredmedia":[{"embeddable":true,"href":"https:\/\/www.casanaute.fr\/boutique\/wp-json\/wp\/v2\/media\/9888"}],"wp:attachment":[{"href":"https:\/\/www.casanaute.fr\/boutique\/wp-json\/wp\/v2\/media?parent=9889"}],"wp:term":[{"taxonomy":"product_cat","embeddable":true,"href":"https:\/\/www.casanaute.fr\/boutique\/wp-json\/wp\/v2\/product_cat?post=9889"},{"taxonomy":"product_tag","embeddable":true,"href":"https:\/\/www.casanaute.fr\/boutique\/wp-json\/wp\/v2\/product_tag?post=9889"}],"curies":[{"name":"wp","href":"https:\/\/api.w.org\/{rel}","templated":true}]}}