{"id":9887,"date":"2024-09-30T14:15:32","date_gmt":"2024-09-30T12:15:32","guid":{"rendered":"https:\/\/www.casanaute.fr\/boutique\/shop\/lave-linge-essentielb-avec-programme-rapide-6o-8-fsrjzrj\/"},"modified":"2024-09-30T14:15:32","modified_gmt":"2024-09-30T12:15:32","slug":"lave-linge-essentielb-avec-programme-rapide-6o-8-fsrjzrj","status":"publish","type":"product","link":"https:\/\/www.casanaute.fr\/boutique\/shop\/lave-linge-essentielb-avec-programme-rapide-6o-8-fsrjzrj\/","title":{"rendered":"Lave linge Essentielb avec programme rapide [6O-8-FSRJZRJ]"},"content":{"rendered":"<h2>D\u00e9couvrez l&rsquo;efficacit\u00e9 de notre lave-linge hublot<\/h2>\n<p>Transformez votre routine de lessive avec ce lave-linge performant et pratique. Con\u00e7u pour simplifier vos t\u00e2ches m\u00e9nag\u00e8res, ce lave-linge vous offre une capacit\u00e9 standard de 8 kg, id\u00e9ale pour les familles de taille moyenne.<\/p>\n<p>Ce lave-linge mesure 59.7 x 84.5 x 52.7 cm, il s&rsquo;int\u00e8gre facilement dans vos espaces de vie tout en vous offrant des performances exceptionnelles.<\/p>\n<p><strong>Caract\u00e9ristiques techniques :<\/strong><\/p>\n<ul>\n<li>Dimensions : 59.7 x 84.5 x 52.7 cm<\/li>\n<li>Capacit\u00e9 : 8 kg<\/li>\n<li>Tours par minute : 1400<\/li>\n<li>Classe \u00e9nerg\u00e9tique : A+++<\/li>\n<\/ul>\n<p>Gr\u00e2ce \u00e0 ses multiples programmes de lavage, ce lave-linge s&rsquo;adapte \u00e0 tous vos textiles. <\/p>\n<p><strong>Programmes de lavage :<\/strong><\/p>\n<ul>\n<li>Coton<\/li>\n<li>Synth\u00e9tique<\/li>\n<li>D\u00e9licat<\/li>\n<li>Rapide 30 minutes<\/li>\n<li>\u00c9co<\/li>\n<\/ul>\n<p>Ce mod\u00e8le dispose \u00e9galement d&rsquo;une technologie avanc\u00e9e pour un lavage sans compromis.<\/p>\n<p><strong>Technologie :<\/strong><\/p>\n<ul>\n<li>Syst\u00e8me anti-vibration<\/li>\n<li>D\u00e9tection automatique de charge<\/li>\n<li>Fonction d\u00e9part diff\u00e9r\u00e9<\/li>\n<\/ul>\n<p>Simplifiez votre quotidien et r\u00e9duisez votre consommation d&rsquo;\u00e9nergie. Offrez \u00e0 votre linge un soin optimal avec ce lave-linge performant et \u00e9conome.<\/p>\n","protected":false},"excerpt":{"rendered":"<p>D\u00e9couvrez l&rsquo;efficacit\u00e9 de notre lave-linge hublot Transformez votre routine de lessive avec ce lave-linge performant et pratique. Con\u00e7u pour simplifier vos t\u00e2ches m\u00e9nag\u00e8res, ce lave-linge vous offre une capacit\u00e9 standard de 8 kg, id\u00e9ale pour les familles de taille moyenne. Ce lave-linge mesure 59.7 x 84.5 x 52.7 cm, il s&rsquo;int\u00e8gre facilement dans vos espaces [&hellip;]<\/p>\n","protected":false},"featured_media":9886,"comment_status":"open","ping_status":"closed","template":"","meta":[],"product_cat":[93],"product_tag":[],"class_list":{"0":"post-9887","1":"product","2":"type-product","3":"status-publish","4":"has-post-thumbnail","6":"product_cat-lave-linge-hublot","8":"first","9":"instock","10":"shipping-taxable","11":"purchasable","12":"product-type-simple"},"yoast_head":"<!-- This site is optimized with the Yoast SEO plugin v23.5 - https:\/\/yoast.com\/wordpress\/plugins\/seo\/ -->\n<title>Lave linge Essentielb avec programme rapide [6O-8-FSRJZRJ] - Lave-Linge pour la maison<\/title>\n<meta name=\"robots\" content=\"index, follow, max-snippet:-1, max-image-preview:large, max-video-preview:-1\" \/>\n<link rel=\"canonical\" href=\"https:\/\/www.casanaute.fr\/boutique\/shop\/lave-linge-essentielb-avec-programme-rapide-6o-8-fsrjzrj\/\" \/>\n<meta property=\"og:locale\" content=\"fr_FR\" \/>\n<meta property=\"og:type\" content=\"article\" \/>\n<meta property=\"og:title\" content=\"Lave linge Essentielb avec programme rapide [6O-8-FSRJZRJ] - Lave-Linge pour la maison\" \/>\n<meta property=\"og:description\" content=\"D\u00e9couvrez l&rsquo;efficacit\u00e9 de notre lave-linge hublot Transformez votre routine de lessive avec ce lave-linge performant et pratique. Con\u00e7u pour simplifier vos t\u00e2ches m\u00e9nag\u00e8res, ce lave-linge vous offre une capacit\u00e9 standard de 8 kg, id\u00e9ale pour les familles de taille moyenne. Ce lave-linge mesure 59.7 x 84.5 x 52.7 cm, il s&rsquo;int\u00e8gre facilement dans vos espaces [&hellip;]\" \/>\n<meta property=\"og:url\" content=\"https:\/\/www.casanaute.fr\/boutique\/shop\/lave-linge-essentielb-avec-programme-rapide-6o-8-fsrjzrj\/\" \/>\n<meta property=\"og:site_name\" content=\"Lave-Linge pour la maison\" \/>\n<meta name=\"twitter:card\" content=\"summary_large_image\" \/>\n<meta name=\"twitter:label1\" content=\"Dur\u00e9e de lecture estim\u00e9e\" \/>\n\t<meta name=\"twitter:data1\" content=\"1 minute\" \/>\n<script type=\"application\/ld+json\" class=\"yoast-schema-graph\">{\"@context\":\"https:\/\/schema.org\",\"@graph\":[{\"@type\":\"WebPage\",\"@id\":\"https:\/\/www.casanaute.fr\/boutique\/shop\/lave-linge-essentielb-avec-programme-rapide-6o-8-fsrjzrj\/\",\"url\":\"https:\/\/www.casanaute.fr\/boutique\/shop\/lave-linge-essentielb-avec-programme-rapide-6o-8-fsrjzrj\/\",\"name\":\"Lave linge Essentielb avec programme rapide [6O-8-FSRJZRJ] - Lave-Linge pour la maison\",\"isPartOf\":{\"@id\":\"https:\/\/www.casanaute.fr\/boutique\/#website\"},\"primaryImageOfPage\":{\"@id\":\"https:\/\/www.casanaute.fr\/boutique\/shop\/lave-linge-essentielb-avec-programme-rapide-6o-8-fsrjzrj\/#primaryimage\"},\"image\":{\"@id\":\"https:\/\/www.casanaute.fr\/boutique\/shop\/lave-linge-essentielb-avec-programme-rapide-6o-8-fsrjzrj\/#primaryimage\"},\"thumbnailUrl\":\"https:\/\/www.casanaute.fr\/boutique\/wp-content\/uploads\/2024\/09\/89-Photoroom-9.jpg\",\"datePublished\":\"2024-09-30T12:15:32+00:00\",\"dateModified\":\"2024-09-30T12:15:32+00:00\",\"breadcrumb\":{\"@id\":\"https:\/\/www.casanaute.fr\/boutique\/shop\/lave-linge-essentielb-avec-programme-rapide-6o-8-fsrjzrj\/#breadcrumb\"},\"inLanguage\":\"fr-FR\",\"potentialAction\":[{\"@type\":\"ReadAction\",\"target\":[\"https:\/\/www.casanaute.fr\/boutique\/shop\/lave-linge-essentielb-avec-programme-rapide-6o-8-fsrjzrj\/\"]}]},{\"@type\":\"ImageObject\",\"inLanguage\":\"fr-FR\",\"@id\":\"https:\/\/www.casanaute.fr\/boutique\/shop\/lave-linge-essentielb-avec-programme-rapide-6o-8-fsrjzrj\/#primaryimage\",\"url\":\"https:\/\/www.casanaute.fr\/boutique\/wp-content\/uploads\/2024\/09\/89-Photoroom-9.jpg\",\"contentUrl\":\"https:\/\/www.casanaute.fr\/boutique\/wp-content\/uploads\/2024\/09\/89-Photoroom-9.jpg\",\"width\":1900,\"height\":1900},{\"@type\":\"BreadcrumbList\",\"@id\":\"https:\/\/www.casanaute.fr\/boutique\/shop\/lave-linge-essentielb-avec-programme-rapide-6o-8-fsrjzrj\/#breadcrumb\",\"itemListElement\":[{\"@type\":\"ListItem\",\"position\":1,\"name\":\"Home\",\"item\":\"https:\/\/www.casanaute.fr\/boutique\/\"},{\"@type\":\"ListItem\",\"position\":2,\"name\":\"Boutique\",\"item\":\"https:\/\/www.casanaute.fr\/boutique\/shop\/\"},{\"@type\":\"ListItem\",\"position\":3,\"name\":\"Lave linge Essentielb avec programme rapide [6O-8-FSRJZRJ]\"}]},{\"@type\":\"WebSite\",\"@id\":\"https:\/\/www.casanaute.fr\/boutique\/#website\",\"url\":\"https:\/\/www.casanaute.fr\/boutique\/\",\"name\":\"Hotte Discount\",\"description\":\"\",\"potentialAction\":[{\"@type\":\"SearchAction\",\"target\":{\"@type\":\"EntryPoint\",\"urlTemplate\":\"https:\/\/www.casanaute.fr\/boutique\/?s={search_term_string}\"},\"query-input\":{\"@type\":\"PropertyValueSpecification\",\"valueRequired\":true,\"valueName\":\"search_term_string\"}}],\"inLanguage\":\"fr-FR\"}]}<\/script>\n<!-- \/ Yoast SEO plugin. -->","yoast_head_json":{"title":"Lave linge Essentielb avec programme rapide [6O-8-FSRJZRJ] - Lave-Linge pour la maison","robots":{"index":"index","follow":"follow","max-snippet":"max-snippet:-1","max-image-preview":"max-image-preview:large","max-video-preview":"max-video-preview:-1"},"canonical":"https:\/\/www.casanaute.fr\/boutique\/shop\/lave-linge-essentielb-avec-programme-rapide-6o-8-fsrjzrj\/","og_locale":"fr_FR","og_type":"article","og_title":"Lave linge Essentielb avec programme rapide [6O-8-FSRJZRJ] - Lave-Linge pour la maison","og_description":"D\u00e9couvrez l&rsquo;efficacit\u00e9 de notre lave-linge hublot Transformez votre routine de lessive avec ce lave-linge performant et pratique. Con\u00e7u pour simplifier vos t\u00e2ches m\u00e9nag\u00e8res, ce lave-linge vous offre une capacit\u00e9 standard de 8 kg, id\u00e9ale pour les familles de taille moyenne. Ce lave-linge mesure 59.7 x 84.5 x 52.7 cm, il s&rsquo;int\u00e8gre facilement dans vos espaces [&hellip;]","og_url":"https:\/\/www.casanaute.fr\/boutique\/shop\/lave-linge-essentielb-avec-programme-rapide-6o-8-fsrjzrj\/","og_site_name":"Lave-Linge pour la maison","twitter_card":"summary_large_image","twitter_misc":{"Dur\u00e9e de lecture estim\u00e9e":"1 minute"},"schema":{"@context":"https:\/\/schema.org","@graph":[{"@type":"WebPage","@id":"https:\/\/www.casanaute.fr\/boutique\/shop\/lave-linge-essentielb-avec-programme-rapide-6o-8-fsrjzrj\/","url":"https:\/\/www.casanaute.fr\/boutique\/shop\/lave-linge-essentielb-avec-programme-rapide-6o-8-fsrjzrj\/","name":"Lave linge Essentielb avec programme rapide [6O-8-FSRJZRJ] - Lave-Linge pour la maison","isPartOf":{"@id":"https:\/\/www.casanaute.fr\/boutique\/#website"},"primaryImageOfPage":{"@id":"https:\/\/www.casanaute.fr\/boutique\/shop\/lave-linge-essentielb-avec-programme-rapide-6o-8-fsrjzrj\/#primaryimage"},"image":{"@id":"https:\/\/www.casanaute.fr\/boutique\/shop\/lave-linge-essentielb-avec-programme-rapide-6o-8-fsrjzrj\/#primaryimage"},"thumbnailUrl":"https:\/\/www.casanaute.fr\/boutique\/wp-content\/uploads\/2024\/09\/89-Photoroom-9.jpg","datePublished":"2024-09-30T12:15:32+00:00","dateModified":"2024-09-30T12:15:32+00:00","breadcrumb":{"@id":"https:\/\/www.casanaute.fr\/boutique\/shop\/lave-linge-essentielb-avec-programme-rapide-6o-8-fsrjzrj\/#breadcrumb"},"inLanguage":"fr-FR","potentialAction":[{"@type":"ReadAction","target":["https:\/\/www.casanaute.fr\/boutique\/shop\/lave-linge-essentielb-avec-programme-rapide-6o-8-fsrjzrj\/"]}]},{"@type":"ImageObject","inLanguage":"fr-FR","@id":"https:\/\/www.casanaute.fr\/boutique\/shop\/lave-linge-essentielb-avec-programme-rapide-6o-8-fsrjzrj\/#primaryimage","url":"https:\/\/www.casanaute.fr\/boutique\/wp-content\/uploads\/2024\/09\/89-Photoroom-9.jpg","contentUrl":"https:\/\/www.casanaute.fr\/boutique\/wp-content\/uploads\/2024\/09\/89-Photoroom-9.jpg","width":1900,"height":1900},{"@type":"BreadcrumbList","@id":"https:\/\/www.casanaute.fr\/boutique\/shop\/lave-linge-essentielb-avec-programme-rapide-6o-8-fsrjzrj\/#breadcrumb","itemListElement":[{"@type":"ListItem","position":1,"name":"Home","item":"https:\/\/www.casanaute.fr\/boutique\/"},{"@type":"ListItem","position":2,"name":"Boutique","item":"https:\/\/www.casanaute.fr\/boutique\/shop\/"},{"@type":"ListItem","position":3,"name":"Lave linge Essentielb avec programme rapide [6O-8-FSRJZRJ]"}]},{"@type":"WebSite","@id":"https:\/\/www.casanaute.fr\/boutique\/#website","url":"https:\/\/www.casanaute.fr\/boutique\/","name":"Hotte Discount","description":"","potentialAction":[{"@type":"SearchAction","target":{"@type":"EntryPoint","urlTemplate":"https:\/\/www.casanaute.fr\/boutique\/?s={search_term_string}"},"query-input":{"@type":"PropertyValueSpecification","valueRequired":true,"valueName":"search_term_string"}}],"inLanguage":"fr-FR"}]}},"_links":{"self":[{"href":"https:\/\/www.casanaute.fr\/boutique\/wp-json\/wp\/v2\/product\/9887","targetHints":{"allow":["GET"]}}],"collection":[{"href":"https:\/\/www.casanaute.fr\/boutique\/wp-json\/wp\/v2\/product"}],"about":[{"href":"https:\/\/www.casanaute.fr\/boutique\/wp-json\/wp\/v2\/types\/product"}],"replies":[{"embeddable":true,"href":"https:\/\/www.casanaute.fr\/boutique\/wp-json\/wp\/v2\/comments?post=9887"}],"wp:featuredmedia":[{"embeddable":true,"href":"https:\/\/www.casanaute.fr\/boutique\/wp-json\/wp\/v2\/media\/9886"}],"wp:attachment":[{"href":"https:\/\/www.casanaute.fr\/boutique\/wp-json\/wp\/v2\/media?parent=9887"}],"wp:term":[{"taxonomy":"product_cat","embeddable":true,"href":"https:\/\/www.casanaute.fr\/boutique\/wp-json\/wp\/v2\/product_cat?post=9887"},{"taxonomy":"product_tag","embeddable":true,"href":"https:\/\/www.casanaute.fr\/boutique\/wp-json\/wp\/v2\/product_tag?post=9887"}],"curies":[{"name":"wp","href":"https:\/\/api.w.org\/{rel}","templated":true}]}}