{"id":9885,"date":"2024-09-30T14:15:29","date_gmt":"2024-09-30T12:15:29","guid":{"rendered":"https:\/\/www.casanaute.fr\/boutique\/shop\/lave-linge-essentielb-consommation-a-zwm0-2c6-4bi\/"},"modified":"2024-09-30T14:15:29","modified_gmt":"2024-09-30T12:15:29","slug":"lave-linge-essentielb-consommation-a-zwm0-2c6-4bi","status":"publish","type":"product","link":"https:\/\/www.casanaute.fr\/boutique\/shop\/lave-linge-essentielb-consommation-a-zwm0-2c6-4bi\/","title":{"rendered":"Lave linge Essentielb consommation A+++ [ZWM0-2C6-4BI]"},"content":{"rendered":"<h2>Un compagnon impeccable pour votre linge<\/h2>\n<p>D\u00e9couvrez la solution id\u00e9ale pour vos besoins quotidiens de lavage avec ce lave-linge hublot aux dimensions compactes de 59,7 x 84,5 x 52,7 cm.<\/p>\n<ul>\n<li><strong>Capacit\u00e9 de 8 kg :<\/strong> Parfait pour une famille de taille moyenne.<\/li>\n<li><strong>Programmes vari\u00e9s :<\/strong> Une multitude de programmes adapt\u00e9s \u00e0 tous les types de tissus et de salissures.<\/li>\n<li><strong>Technologie moderne :<\/strong> Assure un nettoyage en profondeur tout en prenant soin de vos v\u00eatements.<\/li>\n<\/ul>\n<p>Avec ses multiples fonctionnalit\u00e9s et une capacit\u00e9 standard de 8 kg, ce lave-linge vous offre des r\u00e9sultats de lavage impeccables tout en \u00e9conomisant votre temps et votre \u00e9nergie.<\/p>\n<ol>\n<li><strong>Consommation \u00e9nerg\u00e9tique :<\/strong> Optimis\u00e9e pour des performances \u00e9cologiques.<\/li>\n<li><strong>Vitesse d&rsquo;essorage :<\/strong> Jusqu&rsquo;\u00e0 1400 tr\/min pour un linge moins humide en fin de cycle.<\/li>\n<li><strong>Affichage \u00e9lectronique :<\/strong> Facilit\u00e9 d&rsquo;utilisation et programmation intuitive.<\/li>\n<\/ol>\n<p>Adoptez ce lave-linge hublot pour une efficacit\u00e9 et une fiabilit\u00e9 exceptionnelles, chaque jour.<\/p>\n","protected":false},"excerpt":{"rendered":"<p>Un compagnon impeccable pour votre linge D\u00e9couvrez la solution id\u00e9ale pour vos besoins quotidiens de lavage avec ce lave-linge hublot aux dimensions compactes de 59,7 x 84,5 x 52,7 cm. Capacit\u00e9 de 8 kg : Parfait pour une famille de taille moyenne. Programmes vari\u00e9s : Une multitude de programmes adapt\u00e9s \u00e0 tous les types de [&hellip;]<\/p>\n","protected":false},"featured_media":9884,"comment_status":"open","ping_status":"closed","template":"","meta":[],"product_cat":[93],"product_tag":[],"class_list":{"0":"post-9885","1":"product","2":"type-product","3":"status-publish","4":"has-post-thumbnail","6":"product_cat-lave-linge-hublot","8":"first","9":"instock","10":"shipping-taxable","11":"purchasable","12":"product-type-simple"},"yoast_head":"<!-- This site is optimized with the Yoast SEO plugin v23.5 - https:\/\/yoast.com\/wordpress\/plugins\/seo\/ -->\n<title>Lave linge Essentielb consommation A+++ [ZWM0-2C6-4BI] - Lave-Linge pour la maison<\/title>\n<meta name=\"robots\" content=\"index, follow, max-snippet:-1, max-image-preview:large, max-video-preview:-1\" \/>\n<link rel=\"canonical\" href=\"https:\/\/www.casanaute.fr\/boutique\/shop\/lave-linge-essentielb-consommation-a-zwm0-2c6-4bi\/\" \/>\n<meta property=\"og:locale\" content=\"fr_FR\" \/>\n<meta property=\"og:type\" content=\"article\" \/>\n<meta property=\"og:title\" content=\"Lave linge Essentielb consommation A+++ [ZWM0-2C6-4BI] - Lave-Linge pour la maison\" \/>\n<meta property=\"og:description\" content=\"Un compagnon impeccable pour votre linge D\u00e9couvrez la solution id\u00e9ale pour vos besoins quotidiens de lavage avec ce lave-linge hublot aux dimensions compactes de 59,7 x 84,5 x 52,7 cm. Capacit\u00e9 de 8 kg : Parfait pour une famille de taille moyenne. Programmes vari\u00e9s : Une multitude de programmes adapt\u00e9s \u00e0 tous les types de [&hellip;]\" \/>\n<meta property=\"og:url\" content=\"https:\/\/www.casanaute.fr\/boutique\/shop\/lave-linge-essentielb-consommation-a-zwm0-2c6-4bi\/\" \/>\n<meta property=\"og:site_name\" content=\"Lave-Linge pour la maison\" \/>\n<meta name=\"twitter:card\" content=\"summary_large_image\" \/>\n<meta name=\"twitter:label1\" content=\"Dur\u00e9e de lecture estim\u00e9e\" \/>\n\t<meta name=\"twitter:data1\" content=\"1 minute\" \/>\n<script type=\"application\/ld+json\" class=\"yoast-schema-graph\">{\"@context\":\"https:\/\/schema.org\",\"@graph\":[{\"@type\":\"WebPage\",\"@id\":\"https:\/\/www.casanaute.fr\/boutique\/shop\/lave-linge-essentielb-consommation-a-zwm0-2c6-4bi\/\",\"url\":\"https:\/\/www.casanaute.fr\/boutique\/shop\/lave-linge-essentielb-consommation-a-zwm0-2c6-4bi\/\",\"name\":\"Lave linge Essentielb consommation A+++ [ZWM0-2C6-4BI] - Lave-Linge pour la maison\",\"isPartOf\":{\"@id\":\"https:\/\/www.casanaute.fr\/boutique\/#website\"},\"primaryImageOfPage\":{\"@id\":\"https:\/\/www.casanaute.fr\/boutique\/shop\/lave-linge-essentielb-consommation-a-zwm0-2c6-4bi\/#primaryimage\"},\"image\":{\"@id\":\"https:\/\/www.casanaute.fr\/boutique\/shop\/lave-linge-essentielb-consommation-a-zwm0-2c6-4bi\/#primaryimage\"},\"thumbnailUrl\":\"https:\/\/www.casanaute.fr\/boutique\/wp-content\/uploads\/2024\/09\/89-Photoroom-8.jpg\",\"datePublished\":\"2024-09-30T12:15:29+00:00\",\"dateModified\":\"2024-09-30T12:15:29+00:00\",\"breadcrumb\":{\"@id\":\"https:\/\/www.casanaute.fr\/boutique\/shop\/lave-linge-essentielb-consommation-a-zwm0-2c6-4bi\/#breadcrumb\"},\"inLanguage\":\"fr-FR\",\"potentialAction\":[{\"@type\":\"ReadAction\",\"target\":[\"https:\/\/www.casanaute.fr\/boutique\/shop\/lave-linge-essentielb-consommation-a-zwm0-2c6-4bi\/\"]}]},{\"@type\":\"ImageObject\",\"inLanguage\":\"fr-FR\",\"@id\":\"https:\/\/www.casanaute.fr\/boutique\/shop\/lave-linge-essentielb-consommation-a-zwm0-2c6-4bi\/#primaryimage\",\"url\":\"https:\/\/www.casanaute.fr\/boutique\/wp-content\/uploads\/2024\/09\/89-Photoroom-8.jpg\",\"contentUrl\":\"https:\/\/www.casanaute.fr\/boutique\/wp-content\/uploads\/2024\/09\/89-Photoroom-8.jpg\",\"width\":1900,\"height\":1900},{\"@type\":\"BreadcrumbList\",\"@id\":\"https:\/\/www.casanaute.fr\/boutique\/shop\/lave-linge-essentielb-consommation-a-zwm0-2c6-4bi\/#breadcrumb\",\"itemListElement\":[{\"@type\":\"ListItem\",\"position\":1,\"name\":\"Home\",\"item\":\"https:\/\/www.casanaute.fr\/boutique\/\"},{\"@type\":\"ListItem\",\"position\":2,\"name\":\"Boutique\",\"item\":\"https:\/\/www.casanaute.fr\/boutique\/shop\/\"},{\"@type\":\"ListItem\",\"position\":3,\"name\":\"Lave linge Essentielb consommation A+++ [ZWM0-2C6-4BI]\"}]},{\"@type\":\"WebSite\",\"@id\":\"https:\/\/www.casanaute.fr\/boutique\/#website\",\"url\":\"https:\/\/www.casanaute.fr\/boutique\/\",\"name\":\"Hotte Discount\",\"description\":\"\",\"potentialAction\":[{\"@type\":\"SearchAction\",\"target\":{\"@type\":\"EntryPoint\",\"urlTemplate\":\"https:\/\/www.casanaute.fr\/boutique\/?s={search_term_string}\"},\"query-input\":{\"@type\":\"PropertyValueSpecification\",\"valueRequired\":true,\"valueName\":\"search_term_string\"}}],\"inLanguage\":\"fr-FR\"}]}<\/script>\n<!-- \/ Yoast SEO plugin. -->","yoast_head_json":{"title":"Lave linge Essentielb consommation A+++ [ZWM0-2C6-4BI] - Lave-Linge pour la maison","robots":{"index":"index","follow":"follow","max-snippet":"max-snippet:-1","max-image-preview":"max-image-preview:large","max-video-preview":"max-video-preview:-1"},"canonical":"https:\/\/www.casanaute.fr\/boutique\/shop\/lave-linge-essentielb-consommation-a-zwm0-2c6-4bi\/","og_locale":"fr_FR","og_type":"article","og_title":"Lave linge Essentielb consommation A+++ [ZWM0-2C6-4BI] - Lave-Linge pour la maison","og_description":"Un compagnon impeccable pour votre linge D\u00e9couvrez la solution id\u00e9ale pour vos besoins quotidiens de lavage avec ce lave-linge hublot aux dimensions compactes de 59,7 x 84,5 x 52,7 cm. Capacit\u00e9 de 8 kg : Parfait pour une famille de taille moyenne. Programmes vari\u00e9s : Une multitude de programmes adapt\u00e9s \u00e0 tous les types de [&hellip;]","og_url":"https:\/\/www.casanaute.fr\/boutique\/shop\/lave-linge-essentielb-consommation-a-zwm0-2c6-4bi\/","og_site_name":"Lave-Linge pour la maison","twitter_card":"summary_large_image","twitter_misc":{"Dur\u00e9e de lecture estim\u00e9e":"1 minute"},"schema":{"@context":"https:\/\/schema.org","@graph":[{"@type":"WebPage","@id":"https:\/\/www.casanaute.fr\/boutique\/shop\/lave-linge-essentielb-consommation-a-zwm0-2c6-4bi\/","url":"https:\/\/www.casanaute.fr\/boutique\/shop\/lave-linge-essentielb-consommation-a-zwm0-2c6-4bi\/","name":"Lave linge Essentielb consommation A+++ [ZWM0-2C6-4BI] - Lave-Linge pour la maison","isPartOf":{"@id":"https:\/\/www.casanaute.fr\/boutique\/#website"},"primaryImageOfPage":{"@id":"https:\/\/www.casanaute.fr\/boutique\/shop\/lave-linge-essentielb-consommation-a-zwm0-2c6-4bi\/#primaryimage"},"image":{"@id":"https:\/\/www.casanaute.fr\/boutique\/shop\/lave-linge-essentielb-consommation-a-zwm0-2c6-4bi\/#primaryimage"},"thumbnailUrl":"https:\/\/www.casanaute.fr\/boutique\/wp-content\/uploads\/2024\/09\/89-Photoroom-8.jpg","datePublished":"2024-09-30T12:15:29+00:00","dateModified":"2024-09-30T12:15:29+00:00","breadcrumb":{"@id":"https:\/\/www.casanaute.fr\/boutique\/shop\/lave-linge-essentielb-consommation-a-zwm0-2c6-4bi\/#breadcrumb"},"inLanguage":"fr-FR","potentialAction":[{"@type":"ReadAction","target":["https:\/\/www.casanaute.fr\/boutique\/shop\/lave-linge-essentielb-consommation-a-zwm0-2c6-4bi\/"]}]},{"@type":"ImageObject","inLanguage":"fr-FR","@id":"https:\/\/www.casanaute.fr\/boutique\/shop\/lave-linge-essentielb-consommation-a-zwm0-2c6-4bi\/#primaryimage","url":"https:\/\/www.casanaute.fr\/boutique\/wp-content\/uploads\/2024\/09\/89-Photoroom-8.jpg","contentUrl":"https:\/\/www.casanaute.fr\/boutique\/wp-content\/uploads\/2024\/09\/89-Photoroom-8.jpg","width":1900,"height":1900},{"@type":"BreadcrumbList","@id":"https:\/\/www.casanaute.fr\/boutique\/shop\/lave-linge-essentielb-consommation-a-zwm0-2c6-4bi\/#breadcrumb","itemListElement":[{"@type":"ListItem","position":1,"name":"Home","item":"https:\/\/www.casanaute.fr\/boutique\/"},{"@type":"ListItem","position":2,"name":"Boutique","item":"https:\/\/www.casanaute.fr\/boutique\/shop\/"},{"@type":"ListItem","position":3,"name":"Lave linge Essentielb consommation A+++ [ZWM0-2C6-4BI]"}]},{"@type":"WebSite","@id":"https:\/\/www.casanaute.fr\/boutique\/#website","url":"https:\/\/www.casanaute.fr\/boutique\/","name":"Hotte Discount","description":"","potentialAction":[{"@type":"SearchAction","target":{"@type":"EntryPoint","urlTemplate":"https:\/\/www.casanaute.fr\/boutique\/?s={search_term_string}"},"query-input":{"@type":"PropertyValueSpecification","valueRequired":true,"valueName":"search_term_string"}}],"inLanguage":"fr-FR"}]}},"_links":{"self":[{"href":"https:\/\/www.casanaute.fr\/boutique\/wp-json\/wp\/v2\/product\/9885","targetHints":{"allow":["GET"]}}],"collection":[{"href":"https:\/\/www.casanaute.fr\/boutique\/wp-json\/wp\/v2\/product"}],"about":[{"href":"https:\/\/www.casanaute.fr\/boutique\/wp-json\/wp\/v2\/types\/product"}],"replies":[{"embeddable":true,"href":"https:\/\/www.casanaute.fr\/boutique\/wp-json\/wp\/v2\/comments?post=9885"}],"wp:featuredmedia":[{"embeddable":true,"href":"https:\/\/www.casanaute.fr\/boutique\/wp-json\/wp\/v2\/media\/9884"}],"wp:attachment":[{"href":"https:\/\/www.casanaute.fr\/boutique\/wp-json\/wp\/v2\/media?parent=9885"}],"wp:term":[{"taxonomy":"product_cat","embeddable":true,"href":"https:\/\/www.casanaute.fr\/boutique\/wp-json\/wp\/v2\/product_cat?post=9885"},{"taxonomy":"product_tag","embeddable":true,"href":"https:\/\/www.casanaute.fr\/boutique\/wp-json\/wp\/v2\/product_tag?post=9885"}],"curies":[{"name":"wp","href":"https:\/\/api.w.org\/{rel}","templated":true}]}}