{"id":9883,"date":"2024-09-30T14:15:25","date_gmt":"2024-09-30T12:15:25","guid":{"rendered":"https:\/\/www.casanaute.fr\/boutique\/shop\/lave-linge-essentielb-avec-depart-differe-4k-x-xsybx5m\/"},"modified":"2024-09-30T14:15:25","modified_gmt":"2024-09-30T12:15:25","slug":"lave-linge-essentielb-avec-depart-differe-4k-x-xsybx5m","status":"publish","type":"product","link":"https:\/\/www.casanaute.fr\/boutique\/shop\/lave-linge-essentielb-avec-depart-differe-4k-x-xsybx5m\/","title":{"rendered":"Lave linge Essentielb avec d\u00e9part diff\u00e9r\u00e9 [4K-X-XSYBX5M]"},"content":{"rendered":"<h2>Un lave-linge performant et pratique pour votre quotidien<\/h2>\n<p>Imaginez un lave-linge qui allie performance, praticit\u00e9 et \u00e9conomie d&rsquo;\u00e9nergie pour r\u00e9pondre \u00e0 tous vos besoins de lavage. Ce mod\u00e8le est votre parfait alli\u00e9 pour un linge impeccablement propre, charge apr\u00e8s charge.<\/p>\n<p><strong>Caract\u00e9ristiques principales :<\/strong><\/p>\n<ul>\n<li>Dimensions : 59.7 x 84.5 x 52.7 cm<\/li>\n<li>Capacit\u00e9 Standard : 8 kg<\/li>\n<\/ul>\n<p>Gr\u00e2ce \u00e0 sa capacit\u00e9 g\u00e9n\u00e9reuse de 8 kg, ce lave-linge est id\u00e9al pour les familles et les foyers actifs. Fini les cycles de lavage r\u00e9p\u00e9t\u00e9s, optimisez votre temps et votre consommation d&rsquo;eau.<\/p>\n<p><strong>Technologies avanc\u00e9es :<\/strong><\/p>\n<ol>\n<li>Programmation \u00e9lectronique simple et intuitive<\/li>\n<li>Programmation diff\u00e9r\u00e9e pour un lavage en toute libert\u00e9<\/li>\n<\/ol>\n<p>Ce lave-linge int\u00e8gre une programmation \u00e9lectronique facile \u00e0 utiliser, vous permettant de s\u00e9lectionner le meilleur programme pour vos textiles. De plus, la fonction de d\u00e9part diff\u00e9r\u00e9 vous permet de lancer vos cycles de lavage au moment qui vous convient le mieux.<\/p>\n<p>Ne perdez plus de temps avec des machines \u00e0 la capacit\u00e9 limit\u00e9e et aux options restreintes. Optez pour un lave-linge con\u00e7u pour simplifier votre quotidien et vous offrir un linge parfait \u00e0 chaque utilisation.<\/p>\n","protected":false},"excerpt":{"rendered":"<p>Un lave-linge performant et pratique pour votre quotidien Imaginez un lave-linge qui allie performance, praticit\u00e9 et \u00e9conomie d&rsquo;\u00e9nergie pour r\u00e9pondre \u00e0 tous vos besoins de lavage. Ce mod\u00e8le est votre parfait alli\u00e9 pour un linge impeccablement propre, charge apr\u00e8s charge. Caract\u00e9ristiques principales : Dimensions : 59.7 x 84.5 x 52.7 cm Capacit\u00e9 Standard : 8 [&hellip;]<\/p>\n","protected":false},"featured_media":9882,"comment_status":"open","ping_status":"closed","template":"","meta":[],"product_cat":[93],"product_tag":[],"class_list":{"0":"post-9883","1":"product","2":"type-product","3":"status-publish","4":"has-post-thumbnail","6":"product_cat-lave-linge-hublot","8":"first","9":"instock","10":"shipping-taxable","11":"purchasable","12":"product-type-simple"},"yoast_head":"<!-- This site is optimized with the Yoast SEO plugin v23.5 - https:\/\/yoast.com\/wordpress\/plugins\/seo\/ -->\n<title>Lave linge Essentielb avec d\u00e9part diff\u00e9r\u00e9 [4K-X-XSYBX5M] - Lave-Linge pour la maison<\/title>\n<meta name=\"robots\" content=\"index, follow, max-snippet:-1, max-image-preview:large, max-video-preview:-1\" \/>\n<link rel=\"canonical\" href=\"https:\/\/www.casanaute.fr\/boutique\/shop\/lave-linge-essentielb-avec-depart-differe-4k-x-xsybx5m\/\" \/>\n<meta property=\"og:locale\" content=\"fr_FR\" \/>\n<meta property=\"og:type\" content=\"article\" \/>\n<meta property=\"og:title\" content=\"Lave linge Essentielb avec d\u00e9part diff\u00e9r\u00e9 [4K-X-XSYBX5M] - Lave-Linge pour la maison\" \/>\n<meta property=\"og:description\" content=\"Un lave-linge performant et pratique pour votre quotidien Imaginez un lave-linge qui allie performance, praticit\u00e9 et \u00e9conomie d&rsquo;\u00e9nergie pour r\u00e9pondre \u00e0 tous vos besoins de lavage. Ce mod\u00e8le est votre parfait alli\u00e9 pour un linge impeccablement propre, charge apr\u00e8s charge. Caract\u00e9ristiques principales : Dimensions : 59.7 x 84.5 x 52.7 cm Capacit\u00e9 Standard : 8 [&hellip;]\" \/>\n<meta property=\"og:url\" content=\"https:\/\/www.casanaute.fr\/boutique\/shop\/lave-linge-essentielb-avec-depart-differe-4k-x-xsybx5m\/\" \/>\n<meta property=\"og:site_name\" content=\"Lave-Linge pour la maison\" \/>\n<meta name=\"twitter:card\" content=\"summary_large_image\" \/>\n<meta name=\"twitter:label1\" content=\"Dur\u00e9e de lecture estim\u00e9e\" \/>\n\t<meta name=\"twitter:data1\" content=\"1 minute\" \/>\n<script type=\"application\/ld+json\" class=\"yoast-schema-graph\">{\"@context\":\"https:\/\/schema.org\",\"@graph\":[{\"@type\":\"WebPage\",\"@id\":\"https:\/\/www.casanaute.fr\/boutique\/shop\/lave-linge-essentielb-avec-depart-differe-4k-x-xsybx5m\/\",\"url\":\"https:\/\/www.casanaute.fr\/boutique\/shop\/lave-linge-essentielb-avec-depart-differe-4k-x-xsybx5m\/\",\"name\":\"Lave linge Essentielb avec d\u00e9part diff\u00e9r\u00e9 [4K-X-XSYBX5M] - Lave-Linge pour la maison\",\"isPartOf\":{\"@id\":\"https:\/\/www.casanaute.fr\/boutique\/#website\"},\"primaryImageOfPage\":{\"@id\":\"https:\/\/www.casanaute.fr\/boutique\/shop\/lave-linge-essentielb-avec-depart-differe-4k-x-xsybx5m\/#primaryimage\"},\"image\":{\"@id\":\"https:\/\/www.casanaute.fr\/boutique\/shop\/lave-linge-essentielb-avec-depart-differe-4k-x-xsybx5m\/#primaryimage\"},\"thumbnailUrl\":\"https:\/\/www.casanaute.fr\/boutique\/wp-content\/uploads\/2024\/09\/89-Photoroom-7.jpg\",\"datePublished\":\"2024-09-30T12:15:25+00:00\",\"dateModified\":\"2024-09-30T12:15:25+00:00\",\"breadcrumb\":{\"@id\":\"https:\/\/www.casanaute.fr\/boutique\/shop\/lave-linge-essentielb-avec-depart-differe-4k-x-xsybx5m\/#breadcrumb\"},\"inLanguage\":\"fr-FR\",\"potentialAction\":[{\"@type\":\"ReadAction\",\"target\":[\"https:\/\/www.casanaute.fr\/boutique\/shop\/lave-linge-essentielb-avec-depart-differe-4k-x-xsybx5m\/\"]}]},{\"@type\":\"ImageObject\",\"inLanguage\":\"fr-FR\",\"@id\":\"https:\/\/www.casanaute.fr\/boutique\/shop\/lave-linge-essentielb-avec-depart-differe-4k-x-xsybx5m\/#primaryimage\",\"url\":\"https:\/\/www.casanaute.fr\/boutique\/wp-content\/uploads\/2024\/09\/89-Photoroom-7.jpg\",\"contentUrl\":\"https:\/\/www.casanaute.fr\/boutique\/wp-content\/uploads\/2024\/09\/89-Photoroom-7.jpg\",\"width\":1900,\"height\":1900},{\"@type\":\"BreadcrumbList\",\"@id\":\"https:\/\/www.casanaute.fr\/boutique\/shop\/lave-linge-essentielb-avec-depart-differe-4k-x-xsybx5m\/#breadcrumb\",\"itemListElement\":[{\"@type\":\"ListItem\",\"position\":1,\"name\":\"Home\",\"item\":\"https:\/\/www.casanaute.fr\/boutique\/\"},{\"@type\":\"ListItem\",\"position\":2,\"name\":\"Boutique\",\"item\":\"https:\/\/www.casanaute.fr\/boutique\/shop\/\"},{\"@type\":\"ListItem\",\"position\":3,\"name\":\"Lave linge Essentielb avec d\u00e9part diff\u00e9r\u00e9 [4K-X-XSYBX5M]\"}]},{\"@type\":\"WebSite\",\"@id\":\"https:\/\/www.casanaute.fr\/boutique\/#website\",\"url\":\"https:\/\/www.casanaute.fr\/boutique\/\",\"name\":\"Hotte Discount\",\"description\":\"\",\"potentialAction\":[{\"@type\":\"SearchAction\",\"target\":{\"@type\":\"EntryPoint\",\"urlTemplate\":\"https:\/\/www.casanaute.fr\/boutique\/?s={search_term_string}\"},\"query-input\":{\"@type\":\"PropertyValueSpecification\",\"valueRequired\":true,\"valueName\":\"search_term_string\"}}],\"inLanguage\":\"fr-FR\"}]}<\/script>\n<!-- \/ Yoast SEO plugin. -->","yoast_head_json":{"title":"Lave linge Essentielb avec d\u00e9part diff\u00e9r\u00e9 [4K-X-XSYBX5M] - Lave-Linge pour la maison","robots":{"index":"index","follow":"follow","max-snippet":"max-snippet:-1","max-image-preview":"max-image-preview:large","max-video-preview":"max-video-preview:-1"},"canonical":"https:\/\/www.casanaute.fr\/boutique\/shop\/lave-linge-essentielb-avec-depart-differe-4k-x-xsybx5m\/","og_locale":"fr_FR","og_type":"article","og_title":"Lave linge Essentielb avec d\u00e9part diff\u00e9r\u00e9 [4K-X-XSYBX5M] - Lave-Linge pour la maison","og_description":"Un lave-linge performant et pratique pour votre quotidien Imaginez un lave-linge qui allie performance, praticit\u00e9 et \u00e9conomie d&rsquo;\u00e9nergie pour r\u00e9pondre \u00e0 tous vos besoins de lavage. Ce mod\u00e8le est votre parfait alli\u00e9 pour un linge impeccablement propre, charge apr\u00e8s charge. Caract\u00e9ristiques principales : Dimensions : 59.7 x 84.5 x 52.7 cm Capacit\u00e9 Standard : 8 [&hellip;]","og_url":"https:\/\/www.casanaute.fr\/boutique\/shop\/lave-linge-essentielb-avec-depart-differe-4k-x-xsybx5m\/","og_site_name":"Lave-Linge pour la maison","twitter_card":"summary_large_image","twitter_misc":{"Dur\u00e9e de lecture estim\u00e9e":"1 minute"},"schema":{"@context":"https:\/\/schema.org","@graph":[{"@type":"WebPage","@id":"https:\/\/www.casanaute.fr\/boutique\/shop\/lave-linge-essentielb-avec-depart-differe-4k-x-xsybx5m\/","url":"https:\/\/www.casanaute.fr\/boutique\/shop\/lave-linge-essentielb-avec-depart-differe-4k-x-xsybx5m\/","name":"Lave linge Essentielb avec d\u00e9part diff\u00e9r\u00e9 [4K-X-XSYBX5M] - Lave-Linge pour la maison","isPartOf":{"@id":"https:\/\/www.casanaute.fr\/boutique\/#website"},"primaryImageOfPage":{"@id":"https:\/\/www.casanaute.fr\/boutique\/shop\/lave-linge-essentielb-avec-depart-differe-4k-x-xsybx5m\/#primaryimage"},"image":{"@id":"https:\/\/www.casanaute.fr\/boutique\/shop\/lave-linge-essentielb-avec-depart-differe-4k-x-xsybx5m\/#primaryimage"},"thumbnailUrl":"https:\/\/www.casanaute.fr\/boutique\/wp-content\/uploads\/2024\/09\/89-Photoroom-7.jpg","datePublished":"2024-09-30T12:15:25+00:00","dateModified":"2024-09-30T12:15:25+00:00","breadcrumb":{"@id":"https:\/\/www.casanaute.fr\/boutique\/shop\/lave-linge-essentielb-avec-depart-differe-4k-x-xsybx5m\/#breadcrumb"},"inLanguage":"fr-FR","potentialAction":[{"@type":"ReadAction","target":["https:\/\/www.casanaute.fr\/boutique\/shop\/lave-linge-essentielb-avec-depart-differe-4k-x-xsybx5m\/"]}]},{"@type":"ImageObject","inLanguage":"fr-FR","@id":"https:\/\/www.casanaute.fr\/boutique\/shop\/lave-linge-essentielb-avec-depart-differe-4k-x-xsybx5m\/#primaryimage","url":"https:\/\/www.casanaute.fr\/boutique\/wp-content\/uploads\/2024\/09\/89-Photoroom-7.jpg","contentUrl":"https:\/\/www.casanaute.fr\/boutique\/wp-content\/uploads\/2024\/09\/89-Photoroom-7.jpg","width":1900,"height":1900},{"@type":"BreadcrumbList","@id":"https:\/\/www.casanaute.fr\/boutique\/shop\/lave-linge-essentielb-avec-depart-differe-4k-x-xsybx5m\/#breadcrumb","itemListElement":[{"@type":"ListItem","position":1,"name":"Home","item":"https:\/\/www.casanaute.fr\/boutique\/"},{"@type":"ListItem","position":2,"name":"Boutique","item":"https:\/\/www.casanaute.fr\/boutique\/shop\/"},{"@type":"ListItem","position":3,"name":"Lave linge Essentielb avec d\u00e9part diff\u00e9r\u00e9 [4K-X-XSYBX5M]"}]},{"@type":"WebSite","@id":"https:\/\/www.casanaute.fr\/boutique\/#website","url":"https:\/\/www.casanaute.fr\/boutique\/","name":"Hotte Discount","description":"","potentialAction":[{"@type":"SearchAction","target":{"@type":"EntryPoint","urlTemplate":"https:\/\/www.casanaute.fr\/boutique\/?s={search_term_string}"},"query-input":{"@type":"PropertyValueSpecification","valueRequired":true,"valueName":"search_term_string"}}],"inLanguage":"fr-FR"}]}},"_links":{"self":[{"href":"https:\/\/www.casanaute.fr\/boutique\/wp-json\/wp\/v2\/product\/9883","targetHints":{"allow":["GET"]}}],"collection":[{"href":"https:\/\/www.casanaute.fr\/boutique\/wp-json\/wp\/v2\/product"}],"about":[{"href":"https:\/\/www.casanaute.fr\/boutique\/wp-json\/wp\/v2\/types\/product"}],"replies":[{"embeddable":true,"href":"https:\/\/www.casanaute.fr\/boutique\/wp-json\/wp\/v2\/comments?post=9883"}],"wp:featuredmedia":[{"embeddable":true,"href":"https:\/\/www.casanaute.fr\/boutique\/wp-json\/wp\/v2\/media\/9882"}],"wp:attachment":[{"href":"https:\/\/www.casanaute.fr\/boutique\/wp-json\/wp\/v2\/media?parent=9883"}],"wp:term":[{"taxonomy":"product_cat","embeddable":true,"href":"https:\/\/www.casanaute.fr\/boutique\/wp-json\/wp\/v2\/product_cat?post=9883"},{"taxonomy":"product_tag","embeddable":true,"href":"https:\/\/www.casanaute.fr\/boutique\/wp-json\/wp\/v2\/product_tag?post=9883"}],"curies":[{"name":"wp","href":"https:\/\/api.w.org\/{rel}","templated":true}]}}