{"id":9877,"date":"2024-09-30T14:15:16","date_gmt":"2024-09-30T12:15:16","guid":{"rendered":"https:\/\/www.casanaute.fr\/boutique\/shop\/lave-linge-essentielb-avec-option-vapeur-6l78rg46-k-g\/"},"modified":"2024-09-30T14:15:16","modified_gmt":"2024-09-30T12:15:16","slug":"lave-linge-essentielb-avec-option-vapeur-6l78rg46-k-g","status":"publish","type":"product","link":"https:\/\/www.casanaute.fr\/boutique\/shop\/lave-linge-essentielb-avec-option-vapeur-6l78rg46-k-g\/","title":{"rendered":"Lave linge Essentielb avec option vapeur [6L78RG46-K-G]"},"content":{"rendered":"<h2>Lave-linge performant et compact<\/h2>\n<p>D\u00e9couvrez les avantages de ce lave-linge hublot aux dimensions compactes de 59.7 x 84.5 x 52.7 cm.<\/p>\n<p><strong>Grande capacit\u00e9<\/strong>: Avec une capacit\u00e9 de 8 kg, ce lave-linge est parfait pour les familles nombreuses ou les lessives volumineuses.<\/p>\n<ul>\n<li>Dimensions : 59.7 x 84.5 x 52.7 cm<\/li>\n<li>Capacit\u00e9 de lavage : 8 kg<\/li>\n<li>Vitesse d&rsquo;essorage : 1400 tours\/min<\/li>\n<li>Classe \u00e9nerg\u00e9tique : A+++<\/li>\n<\/ul>\n<p><strong>Fonctionnalit\u00e9s intelligentes<\/strong>: Profitez d&rsquo;une multitude de programmes pour r\u00e9pondre \u00e0 tous vos besoins :<\/p>\n<ol>\n<li>Coton<\/li>\n<li>Synth\u00e9tique<\/li>\n<li>D\u00e9licat<\/li>\n<li>\u00c9co<\/li>\n<li>Rapide<\/li>\n<\/ol>\n<p>Chaque cycle est optimis\u00e9 pour un lavage efficace tout en pr\u00e9servant vos v\u00eatements. Son design \u00e9l\u00e9gant s&rsquo;int\u00e8gre facilement dans toutes les cuisines et buanderies.<\/p>\n","protected":false},"excerpt":{"rendered":"<p>Lave-linge performant et compact D\u00e9couvrez les avantages de ce lave-linge hublot aux dimensions compactes de 59.7 x 84.5 x 52.7 cm. Grande capacit\u00e9: Avec une capacit\u00e9 de 8 kg, ce lave-linge est parfait pour les familles nombreuses ou les lessives volumineuses. Dimensions : 59.7 x 84.5 x 52.7 cm Capacit\u00e9 de lavage : 8 kg [&hellip;]<\/p>\n","protected":false},"featured_media":9876,"comment_status":"open","ping_status":"closed","template":"","meta":[],"product_cat":[93],"product_tag":[],"class_list":{"0":"post-9877","1":"product","2":"type-product","3":"status-publish","4":"has-post-thumbnail","6":"product_cat-lave-linge-hublot","8":"first","9":"instock","10":"shipping-taxable","11":"purchasable","12":"product-type-simple"},"yoast_head":"<!-- This site is optimized with the Yoast SEO plugin v23.5 - https:\/\/yoast.com\/wordpress\/plugins\/seo\/ -->\n<title>Lave linge Essentielb avec option vapeur [6L78RG46-K-G] - Lave-Linge pour la maison<\/title>\n<meta name=\"robots\" content=\"index, follow, max-snippet:-1, max-image-preview:large, max-video-preview:-1\" \/>\n<link rel=\"canonical\" href=\"https:\/\/www.casanaute.fr\/boutique\/shop\/lave-linge-essentielb-avec-option-vapeur-6l78rg46-k-g\/\" \/>\n<meta property=\"og:locale\" content=\"fr_FR\" \/>\n<meta property=\"og:type\" content=\"article\" \/>\n<meta property=\"og:title\" content=\"Lave linge Essentielb avec option vapeur [6L78RG46-K-G] - Lave-Linge pour la maison\" \/>\n<meta property=\"og:description\" content=\"Lave-linge performant et compact D\u00e9couvrez les avantages de ce lave-linge hublot aux dimensions compactes de 59.7 x 84.5 x 52.7 cm. Grande capacit\u00e9: Avec une capacit\u00e9 de 8 kg, ce lave-linge est parfait pour les familles nombreuses ou les lessives volumineuses. Dimensions : 59.7 x 84.5 x 52.7 cm Capacit\u00e9 de lavage : 8 kg [&hellip;]\" \/>\n<meta property=\"og:url\" content=\"https:\/\/www.casanaute.fr\/boutique\/shop\/lave-linge-essentielb-avec-option-vapeur-6l78rg46-k-g\/\" \/>\n<meta property=\"og:site_name\" content=\"Lave-Linge pour la maison\" \/>\n<meta name=\"twitter:card\" content=\"summary_large_image\" \/>\n<meta name=\"twitter:label1\" content=\"Dur\u00e9e de lecture estim\u00e9e\" \/>\n\t<meta name=\"twitter:data1\" content=\"1 minute\" \/>\n<script type=\"application\/ld+json\" class=\"yoast-schema-graph\">{\"@context\":\"https:\/\/schema.org\",\"@graph\":[{\"@type\":\"WebPage\",\"@id\":\"https:\/\/www.casanaute.fr\/boutique\/shop\/lave-linge-essentielb-avec-option-vapeur-6l78rg46-k-g\/\",\"url\":\"https:\/\/www.casanaute.fr\/boutique\/shop\/lave-linge-essentielb-avec-option-vapeur-6l78rg46-k-g\/\",\"name\":\"Lave linge Essentielb avec option vapeur [6L78RG46-K-G] - Lave-Linge pour la maison\",\"isPartOf\":{\"@id\":\"https:\/\/www.casanaute.fr\/boutique\/#website\"},\"primaryImageOfPage\":{\"@id\":\"https:\/\/www.casanaute.fr\/boutique\/shop\/lave-linge-essentielb-avec-option-vapeur-6l78rg46-k-g\/#primaryimage\"},\"image\":{\"@id\":\"https:\/\/www.casanaute.fr\/boutique\/shop\/lave-linge-essentielb-avec-option-vapeur-6l78rg46-k-g\/#primaryimage\"},\"thumbnailUrl\":\"https:\/\/www.casanaute.fr\/boutique\/wp-content\/uploads\/2024\/09\/89-Photoroom-4.jpg\",\"datePublished\":\"2024-09-30T12:15:16+00:00\",\"dateModified\":\"2024-09-30T12:15:16+00:00\",\"breadcrumb\":{\"@id\":\"https:\/\/www.casanaute.fr\/boutique\/shop\/lave-linge-essentielb-avec-option-vapeur-6l78rg46-k-g\/#breadcrumb\"},\"inLanguage\":\"fr-FR\",\"potentialAction\":[{\"@type\":\"ReadAction\",\"target\":[\"https:\/\/www.casanaute.fr\/boutique\/shop\/lave-linge-essentielb-avec-option-vapeur-6l78rg46-k-g\/\"]}]},{\"@type\":\"ImageObject\",\"inLanguage\":\"fr-FR\",\"@id\":\"https:\/\/www.casanaute.fr\/boutique\/shop\/lave-linge-essentielb-avec-option-vapeur-6l78rg46-k-g\/#primaryimage\",\"url\":\"https:\/\/www.casanaute.fr\/boutique\/wp-content\/uploads\/2024\/09\/89-Photoroom-4.jpg\",\"contentUrl\":\"https:\/\/www.casanaute.fr\/boutique\/wp-content\/uploads\/2024\/09\/89-Photoroom-4.jpg\",\"width\":1900,\"height\":1900},{\"@type\":\"BreadcrumbList\",\"@id\":\"https:\/\/www.casanaute.fr\/boutique\/shop\/lave-linge-essentielb-avec-option-vapeur-6l78rg46-k-g\/#breadcrumb\",\"itemListElement\":[{\"@type\":\"ListItem\",\"position\":1,\"name\":\"Home\",\"item\":\"https:\/\/www.casanaute.fr\/boutique\/\"},{\"@type\":\"ListItem\",\"position\":2,\"name\":\"Boutique\",\"item\":\"https:\/\/www.casanaute.fr\/boutique\/shop\/\"},{\"@type\":\"ListItem\",\"position\":3,\"name\":\"Lave linge Essentielb avec option vapeur [6L78RG46-K-G]\"}]},{\"@type\":\"WebSite\",\"@id\":\"https:\/\/www.casanaute.fr\/boutique\/#website\",\"url\":\"https:\/\/www.casanaute.fr\/boutique\/\",\"name\":\"Hotte Discount\",\"description\":\"\",\"potentialAction\":[{\"@type\":\"SearchAction\",\"target\":{\"@type\":\"EntryPoint\",\"urlTemplate\":\"https:\/\/www.casanaute.fr\/boutique\/?s={search_term_string}\"},\"query-input\":{\"@type\":\"PropertyValueSpecification\",\"valueRequired\":true,\"valueName\":\"search_term_string\"}}],\"inLanguage\":\"fr-FR\"}]}<\/script>\n<!-- \/ Yoast SEO plugin. -->","yoast_head_json":{"title":"Lave linge Essentielb avec option vapeur [6L78RG46-K-G] - Lave-Linge pour la maison","robots":{"index":"index","follow":"follow","max-snippet":"max-snippet:-1","max-image-preview":"max-image-preview:large","max-video-preview":"max-video-preview:-1"},"canonical":"https:\/\/www.casanaute.fr\/boutique\/shop\/lave-linge-essentielb-avec-option-vapeur-6l78rg46-k-g\/","og_locale":"fr_FR","og_type":"article","og_title":"Lave linge Essentielb avec option vapeur [6L78RG46-K-G] - Lave-Linge pour la maison","og_description":"Lave-linge performant et compact D\u00e9couvrez les avantages de ce lave-linge hublot aux dimensions compactes de 59.7 x 84.5 x 52.7 cm. Grande capacit\u00e9: Avec une capacit\u00e9 de 8 kg, ce lave-linge est parfait pour les familles nombreuses ou les lessives volumineuses. Dimensions : 59.7 x 84.5 x 52.7 cm Capacit\u00e9 de lavage : 8 kg [&hellip;]","og_url":"https:\/\/www.casanaute.fr\/boutique\/shop\/lave-linge-essentielb-avec-option-vapeur-6l78rg46-k-g\/","og_site_name":"Lave-Linge pour la maison","twitter_card":"summary_large_image","twitter_misc":{"Dur\u00e9e de lecture estim\u00e9e":"1 minute"},"schema":{"@context":"https:\/\/schema.org","@graph":[{"@type":"WebPage","@id":"https:\/\/www.casanaute.fr\/boutique\/shop\/lave-linge-essentielb-avec-option-vapeur-6l78rg46-k-g\/","url":"https:\/\/www.casanaute.fr\/boutique\/shop\/lave-linge-essentielb-avec-option-vapeur-6l78rg46-k-g\/","name":"Lave linge Essentielb avec option vapeur [6L78RG46-K-G] - Lave-Linge pour la maison","isPartOf":{"@id":"https:\/\/www.casanaute.fr\/boutique\/#website"},"primaryImageOfPage":{"@id":"https:\/\/www.casanaute.fr\/boutique\/shop\/lave-linge-essentielb-avec-option-vapeur-6l78rg46-k-g\/#primaryimage"},"image":{"@id":"https:\/\/www.casanaute.fr\/boutique\/shop\/lave-linge-essentielb-avec-option-vapeur-6l78rg46-k-g\/#primaryimage"},"thumbnailUrl":"https:\/\/www.casanaute.fr\/boutique\/wp-content\/uploads\/2024\/09\/89-Photoroom-4.jpg","datePublished":"2024-09-30T12:15:16+00:00","dateModified":"2024-09-30T12:15:16+00:00","breadcrumb":{"@id":"https:\/\/www.casanaute.fr\/boutique\/shop\/lave-linge-essentielb-avec-option-vapeur-6l78rg46-k-g\/#breadcrumb"},"inLanguage":"fr-FR","potentialAction":[{"@type":"ReadAction","target":["https:\/\/www.casanaute.fr\/boutique\/shop\/lave-linge-essentielb-avec-option-vapeur-6l78rg46-k-g\/"]}]},{"@type":"ImageObject","inLanguage":"fr-FR","@id":"https:\/\/www.casanaute.fr\/boutique\/shop\/lave-linge-essentielb-avec-option-vapeur-6l78rg46-k-g\/#primaryimage","url":"https:\/\/www.casanaute.fr\/boutique\/wp-content\/uploads\/2024\/09\/89-Photoroom-4.jpg","contentUrl":"https:\/\/www.casanaute.fr\/boutique\/wp-content\/uploads\/2024\/09\/89-Photoroom-4.jpg","width":1900,"height":1900},{"@type":"BreadcrumbList","@id":"https:\/\/www.casanaute.fr\/boutique\/shop\/lave-linge-essentielb-avec-option-vapeur-6l78rg46-k-g\/#breadcrumb","itemListElement":[{"@type":"ListItem","position":1,"name":"Home","item":"https:\/\/www.casanaute.fr\/boutique\/"},{"@type":"ListItem","position":2,"name":"Boutique","item":"https:\/\/www.casanaute.fr\/boutique\/shop\/"},{"@type":"ListItem","position":3,"name":"Lave linge Essentielb avec option vapeur [6L78RG46-K-G]"}]},{"@type":"WebSite","@id":"https:\/\/www.casanaute.fr\/boutique\/#website","url":"https:\/\/www.casanaute.fr\/boutique\/","name":"Hotte Discount","description":"","potentialAction":[{"@type":"SearchAction","target":{"@type":"EntryPoint","urlTemplate":"https:\/\/www.casanaute.fr\/boutique\/?s={search_term_string}"},"query-input":{"@type":"PropertyValueSpecification","valueRequired":true,"valueName":"search_term_string"}}],"inLanguage":"fr-FR"}]}},"_links":{"self":[{"href":"https:\/\/www.casanaute.fr\/boutique\/wp-json\/wp\/v2\/product\/9877","targetHints":{"allow":["GET"]}}],"collection":[{"href":"https:\/\/www.casanaute.fr\/boutique\/wp-json\/wp\/v2\/product"}],"about":[{"href":"https:\/\/www.casanaute.fr\/boutique\/wp-json\/wp\/v2\/types\/product"}],"replies":[{"embeddable":true,"href":"https:\/\/www.casanaute.fr\/boutique\/wp-json\/wp\/v2\/comments?post=9877"}],"wp:featuredmedia":[{"embeddable":true,"href":"https:\/\/www.casanaute.fr\/boutique\/wp-json\/wp\/v2\/media\/9876"}],"wp:attachment":[{"href":"https:\/\/www.casanaute.fr\/boutique\/wp-json\/wp\/v2\/media?parent=9877"}],"wp:term":[{"taxonomy":"product_cat","embeddable":true,"href":"https:\/\/www.casanaute.fr\/boutique\/wp-json\/wp\/v2\/product_cat?post=9877"},{"taxonomy":"product_tag","embeddable":true,"href":"https:\/\/www.casanaute.fr\/boutique\/wp-json\/wp\/v2\/product_tag?post=9877"}],"curies":[{"name":"wp","href":"https:\/\/api.w.org\/{rel}","templated":true}]}}