{"id":9873,"date":"2024-09-30T14:15:10","date_gmt":"2024-09-30T12:15:10","guid":{"rendered":"https:\/\/www.casanaute.fr\/boutique\/shop\/lave-linge-essentielb-a-moteur-inverter-e101-np-56v2\/"},"modified":"2024-09-30T14:15:10","modified_gmt":"2024-09-30T12:15:10","slug":"lave-linge-essentielb-a-moteur-inverter-e101-np-56v2","status":"publish","type":"product","link":"https:\/\/www.casanaute.fr\/boutique\/shop\/lave-linge-essentielb-a-moteur-inverter-e101-np-56v2\/","title":{"rendered":"Lave linge Essentielb \u00e0 moteur inverter [E101-NP-56V2]"},"content":{"rendered":"<h2>Le compagnon id\u00e9al pour votre linge<\/h2>\n<p>D\u00e9couvrez la solution de lavage alliant performance et praticit\u00e9 avec notre lave-linge hublot, norme standard de 8 kg. Parfait pour les familles ou les professionnels cherchant une machine fiable et de grande capacit\u00e9.<\/p>\n<p><strong>Caract\u00e9ristiques techniques :<\/strong><\/p>\n<ul>\n<li>Dimensions : 59.7 x 84.5 x 52.7 cm<\/li>\n<li>Capacit\u00e9 : 8 kg<\/li>\n<li>Consommation d&rsquo;eau et d&rsquo;\u00e9nergie optimis\u00e9es<\/li>\n<\/ul>\n<h2>Praticit\u00e9 et efficacit\u00e9 au quotidien<\/h2>\n<p>Ce lave-linge est con\u00e7u pour s\u2019int\u00e9grer facilement dans votre espace de vie tout en vous offrant la performance n\u00e9cessaire pour un linge impeccablement propre. Profitez d&rsquo;un vaste choix de programmes adapt\u00e9s \u00e0 tous vos besoins.<\/p>\n<p><strong>Programmes inclus :<\/strong><\/p>\n<ol>\n<li>Coton<\/li>\n<li>Synth\u00e9tique<\/li>\n<li>D\u00e9licat<\/li>\n<li>Rapide<\/li>\n<\/ol>\n<p>Chaque programme offre des param\u00e8tres sp\u00e9cifiques garantissant un soin et une propret\u00e9 in\u00e9gal\u00e9e pour tous vos v\u00eatements.<\/p>\n<h2>Un design simple et \u00e9l\u00e9gant<\/h2>\n<p>Dot\u00e9 d&rsquo;un design sobre et moderne, ce lave-linge s\u2019harmonise parfaitement avec n&rsquo;importe quelle d\u00e9coration int\u00e9rieure, ajoutant une pointe d&rsquo;\u00e9l\u00e9gance \u00e0 votre buanderie.<\/p>\n<p>Adoptez ce lave-linge d\u00e8s aujourd&rsquo;hui et simplifiez-vous la vie avec une solution de lavage performante et esth\u00e9tiquement plaisante.<\/p>\n","protected":false},"excerpt":{"rendered":"<p>Le compagnon id\u00e9al pour votre linge D\u00e9couvrez la solution de lavage alliant performance et praticit\u00e9 avec notre lave-linge hublot, norme standard de 8 kg. Parfait pour les familles ou les professionnels cherchant une machine fiable et de grande capacit\u00e9. Caract\u00e9ristiques techniques : Dimensions : 59.7 x 84.5 x 52.7 cm Capacit\u00e9 : 8 kg Consommation [&hellip;]<\/p>\n","protected":false},"featured_media":9872,"comment_status":"open","ping_status":"closed","template":"","meta":[],"product_cat":[93],"product_tag":[],"class_list":{"0":"post-9873","1":"product","2":"type-product","3":"status-publish","4":"has-post-thumbnail","6":"product_cat-lave-linge-hublot","8":"first","9":"instock","10":"shipping-taxable","11":"purchasable","12":"product-type-simple"},"yoast_head":"<!-- This site is optimized with the Yoast SEO plugin v23.5 - https:\/\/yoast.com\/wordpress\/plugins\/seo\/ -->\n<title>Lave linge Essentielb \u00e0 moteur inverter [E101-NP-56V2] - Lave-Linge pour la maison<\/title>\n<meta name=\"robots\" content=\"index, follow, max-snippet:-1, max-image-preview:large, max-video-preview:-1\" \/>\n<link rel=\"canonical\" href=\"https:\/\/www.casanaute.fr\/boutique\/shop\/lave-linge-essentielb-a-moteur-inverter-e101-np-56v2\/\" \/>\n<meta property=\"og:locale\" content=\"fr_FR\" \/>\n<meta property=\"og:type\" content=\"article\" \/>\n<meta property=\"og:title\" content=\"Lave linge Essentielb \u00e0 moteur inverter [E101-NP-56V2] - Lave-Linge pour la maison\" \/>\n<meta property=\"og:description\" content=\"Le compagnon id\u00e9al pour votre linge D\u00e9couvrez la solution de lavage alliant performance et praticit\u00e9 avec notre lave-linge hublot, norme standard de 8 kg. Parfait pour les familles ou les professionnels cherchant une machine fiable et de grande capacit\u00e9. Caract\u00e9ristiques techniques : Dimensions : 59.7 x 84.5 x 52.7 cm Capacit\u00e9 : 8 kg Consommation [&hellip;]\" \/>\n<meta property=\"og:url\" content=\"https:\/\/www.casanaute.fr\/boutique\/shop\/lave-linge-essentielb-a-moteur-inverter-e101-np-56v2\/\" \/>\n<meta property=\"og:site_name\" content=\"Lave-Linge pour la maison\" \/>\n<meta name=\"twitter:card\" content=\"summary_large_image\" \/>\n<meta name=\"twitter:label1\" content=\"Dur\u00e9e de lecture estim\u00e9e\" \/>\n\t<meta name=\"twitter:data1\" content=\"1 minute\" \/>\n<script type=\"application\/ld+json\" class=\"yoast-schema-graph\">{\"@context\":\"https:\/\/schema.org\",\"@graph\":[{\"@type\":\"WebPage\",\"@id\":\"https:\/\/www.casanaute.fr\/boutique\/shop\/lave-linge-essentielb-a-moteur-inverter-e101-np-56v2\/\",\"url\":\"https:\/\/www.casanaute.fr\/boutique\/shop\/lave-linge-essentielb-a-moteur-inverter-e101-np-56v2\/\",\"name\":\"Lave linge Essentielb \u00e0 moteur inverter [E101-NP-56V2] - Lave-Linge pour la maison\",\"isPartOf\":{\"@id\":\"https:\/\/www.casanaute.fr\/boutique\/#website\"},\"primaryImageOfPage\":{\"@id\":\"https:\/\/www.casanaute.fr\/boutique\/shop\/lave-linge-essentielb-a-moteur-inverter-e101-np-56v2\/#primaryimage\"},\"image\":{\"@id\":\"https:\/\/www.casanaute.fr\/boutique\/shop\/lave-linge-essentielb-a-moteur-inverter-e101-np-56v2\/#primaryimage\"},\"thumbnailUrl\":\"https:\/\/www.casanaute.fr\/boutique\/wp-content\/uploads\/2024\/09\/89-Photoroom-2.jpg\",\"datePublished\":\"2024-09-30T12:15:10+00:00\",\"dateModified\":\"2024-09-30T12:15:10+00:00\",\"breadcrumb\":{\"@id\":\"https:\/\/www.casanaute.fr\/boutique\/shop\/lave-linge-essentielb-a-moteur-inverter-e101-np-56v2\/#breadcrumb\"},\"inLanguage\":\"fr-FR\",\"potentialAction\":[{\"@type\":\"ReadAction\",\"target\":[\"https:\/\/www.casanaute.fr\/boutique\/shop\/lave-linge-essentielb-a-moteur-inverter-e101-np-56v2\/\"]}]},{\"@type\":\"ImageObject\",\"inLanguage\":\"fr-FR\",\"@id\":\"https:\/\/www.casanaute.fr\/boutique\/shop\/lave-linge-essentielb-a-moteur-inverter-e101-np-56v2\/#primaryimage\",\"url\":\"https:\/\/www.casanaute.fr\/boutique\/wp-content\/uploads\/2024\/09\/89-Photoroom-2.jpg\",\"contentUrl\":\"https:\/\/www.casanaute.fr\/boutique\/wp-content\/uploads\/2024\/09\/89-Photoroom-2.jpg\",\"width\":1900,\"height\":1900},{\"@type\":\"BreadcrumbList\",\"@id\":\"https:\/\/www.casanaute.fr\/boutique\/shop\/lave-linge-essentielb-a-moteur-inverter-e101-np-56v2\/#breadcrumb\",\"itemListElement\":[{\"@type\":\"ListItem\",\"position\":1,\"name\":\"Home\",\"item\":\"https:\/\/www.casanaute.fr\/boutique\/\"},{\"@type\":\"ListItem\",\"position\":2,\"name\":\"Boutique\",\"item\":\"https:\/\/www.casanaute.fr\/boutique\/shop\/\"},{\"@type\":\"ListItem\",\"position\":3,\"name\":\"Lave linge Essentielb \u00e0 moteur inverter [E101-NP-56V2]\"}]},{\"@type\":\"WebSite\",\"@id\":\"https:\/\/www.casanaute.fr\/boutique\/#website\",\"url\":\"https:\/\/www.casanaute.fr\/boutique\/\",\"name\":\"Hotte Discount\",\"description\":\"\",\"potentialAction\":[{\"@type\":\"SearchAction\",\"target\":{\"@type\":\"EntryPoint\",\"urlTemplate\":\"https:\/\/www.casanaute.fr\/boutique\/?s={search_term_string}\"},\"query-input\":{\"@type\":\"PropertyValueSpecification\",\"valueRequired\":true,\"valueName\":\"search_term_string\"}}],\"inLanguage\":\"fr-FR\"}]}<\/script>\n<!-- \/ Yoast SEO plugin. -->","yoast_head_json":{"title":"Lave linge Essentielb \u00e0 moteur inverter [E101-NP-56V2] - Lave-Linge pour la maison","robots":{"index":"index","follow":"follow","max-snippet":"max-snippet:-1","max-image-preview":"max-image-preview:large","max-video-preview":"max-video-preview:-1"},"canonical":"https:\/\/www.casanaute.fr\/boutique\/shop\/lave-linge-essentielb-a-moteur-inverter-e101-np-56v2\/","og_locale":"fr_FR","og_type":"article","og_title":"Lave linge Essentielb \u00e0 moteur inverter [E101-NP-56V2] - Lave-Linge pour la maison","og_description":"Le compagnon id\u00e9al pour votre linge D\u00e9couvrez la solution de lavage alliant performance et praticit\u00e9 avec notre lave-linge hublot, norme standard de 8 kg. Parfait pour les familles ou les professionnels cherchant une machine fiable et de grande capacit\u00e9. Caract\u00e9ristiques techniques : Dimensions : 59.7 x 84.5 x 52.7 cm Capacit\u00e9 : 8 kg Consommation [&hellip;]","og_url":"https:\/\/www.casanaute.fr\/boutique\/shop\/lave-linge-essentielb-a-moteur-inverter-e101-np-56v2\/","og_site_name":"Lave-Linge pour la maison","twitter_card":"summary_large_image","twitter_misc":{"Dur\u00e9e de lecture estim\u00e9e":"1 minute"},"schema":{"@context":"https:\/\/schema.org","@graph":[{"@type":"WebPage","@id":"https:\/\/www.casanaute.fr\/boutique\/shop\/lave-linge-essentielb-a-moteur-inverter-e101-np-56v2\/","url":"https:\/\/www.casanaute.fr\/boutique\/shop\/lave-linge-essentielb-a-moteur-inverter-e101-np-56v2\/","name":"Lave linge Essentielb \u00e0 moteur inverter [E101-NP-56V2] - Lave-Linge pour la maison","isPartOf":{"@id":"https:\/\/www.casanaute.fr\/boutique\/#website"},"primaryImageOfPage":{"@id":"https:\/\/www.casanaute.fr\/boutique\/shop\/lave-linge-essentielb-a-moteur-inverter-e101-np-56v2\/#primaryimage"},"image":{"@id":"https:\/\/www.casanaute.fr\/boutique\/shop\/lave-linge-essentielb-a-moteur-inverter-e101-np-56v2\/#primaryimage"},"thumbnailUrl":"https:\/\/www.casanaute.fr\/boutique\/wp-content\/uploads\/2024\/09\/89-Photoroom-2.jpg","datePublished":"2024-09-30T12:15:10+00:00","dateModified":"2024-09-30T12:15:10+00:00","breadcrumb":{"@id":"https:\/\/www.casanaute.fr\/boutique\/shop\/lave-linge-essentielb-a-moteur-inverter-e101-np-56v2\/#breadcrumb"},"inLanguage":"fr-FR","potentialAction":[{"@type":"ReadAction","target":["https:\/\/www.casanaute.fr\/boutique\/shop\/lave-linge-essentielb-a-moteur-inverter-e101-np-56v2\/"]}]},{"@type":"ImageObject","inLanguage":"fr-FR","@id":"https:\/\/www.casanaute.fr\/boutique\/shop\/lave-linge-essentielb-a-moteur-inverter-e101-np-56v2\/#primaryimage","url":"https:\/\/www.casanaute.fr\/boutique\/wp-content\/uploads\/2024\/09\/89-Photoroom-2.jpg","contentUrl":"https:\/\/www.casanaute.fr\/boutique\/wp-content\/uploads\/2024\/09\/89-Photoroom-2.jpg","width":1900,"height":1900},{"@type":"BreadcrumbList","@id":"https:\/\/www.casanaute.fr\/boutique\/shop\/lave-linge-essentielb-a-moteur-inverter-e101-np-56v2\/#breadcrumb","itemListElement":[{"@type":"ListItem","position":1,"name":"Home","item":"https:\/\/www.casanaute.fr\/boutique\/"},{"@type":"ListItem","position":2,"name":"Boutique","item":"https:\/\/www.casanaute.fr\/boutique\/shop\/"},{"@type":"ListItem","position":3,"name":"Lave linge Essentielb \u00e0 moteur inverter [E101-NP-56V2]"}]},{"@type":"WebSite","@id":"https:\/\/www.casanaute.fr\/boutique\/#website","url":"https:\/\/www.casanaute.fr\/boutique\/","name":"Hotte Discount","description":"","potentialAction":[{"@type":"SearchAction","target":{"@type":"EntryPoint","urlTemplate":"https:\/\/www.casanaute.fr\/boutique\/?s={search_term_string}"},"query-input":{"@type":"PropertyValueSpecification","valueRequired":true,"valueName":"search_term_string"}}],"inLanguage":"fr-FR"}]}},"_links":{"self":[{"href":"https:\/\/www.casanaute.fr\/boutique\/wp-json\/wp\/v2\/product\/9873","targetHints":{"allow":["GET"]}}],"collection":[{"href":"https:\/\/www.casanaute.fr\/boutique\/wp-json\/wp\/v2\/product"}],"about":[{"href":"https:\/\/www.casanaute.fr\/boutique\/wp-json\/wp\/v2\/types\/product"}],"replies":[{"embeddable":true,"href":"https:\/\/www.casanaute.fr\/boutique\/wp-json\/wp\/v2\/comments?post=9873"}],"wp:featuredmedia":[{"embeddable":true,"href":"https:\/\/www.casanaute.fr\/boutique\/wp-json\/wp\/v2\/media\/9872"}],"wp:attachment":[{"href":"https:\/\/www.casanaute.fr\/boutique\/wp-json\/wp\/v2\/media?parent=9873"}],"wp:term":[{"taxonomy":"product_cat","embeddable":true,"href":"https:\/\/www.casanaute.fr\/boutique\/wp-json\/wp\/v2\/product_cat?post=9873"},{"taxonomy":"product_tag","embeddable":true,"href":"https:\/\/www.casanaute.fr\/boutique\/wp-json\/wp\/v2\/product_tag?post=9873"}],"curies":[{"name":"wp","href":"https:\/\/api.w.org\/{rel}","templated":true}]}}