{"id":1004,"date":"2020-10-09T13:39:05","date_gmt":"2020-10-09T13:39:05","guid":{"rendered":"http:\/\/shoptimizer.local\/?page_id=848"},"modified":"2024-09-19T11:04:17","modified_gmt":"2024-09-19T09:04:17","slug":"about","status":"publish","type":"page","link":"https:\/\/www.casanaute.fr\/boutique\/about\/","title":{"rendered":"A propos"},"content":{"rendered":"\t\t<div data-elementor-type=\"wp-post\" data-elementor-id=\"1004\" class=\"elementor elementor-1004\">\n\t\t\t\t\t\t<section class=\"elementor-section elementor-top-section elementor-element elementor-element-28d7a9a8 elementor-section-stretched elementor-section-boxed elementor-section-height-default elementor-section-height-default\" data-id=\"28d7a9a8\" data-element_type=\"section\" data-settings=\"{&quot;stretch_section&quot;:&quot;section-stretched&quot;,&quot;background_background&quot;:&quot;classic&quot;}\">\n\t\t\t\t\t\t<div class=\"elementor-container elementor-column-gap-no\">\n\t\t\t\t\t<div class=\"elementor-column elementor-col-100 elementor-top-column elementor-element elementor-element-585bfc6d\" data-id=\"585bfc6d\" data-element_type=\"column\">\n\t\t\t<div class=\"elementor-widget-wrap elementor-element-populated\">\n\t\t\t\t\t\t<section class=\"elementor-section elementor-inner-section elementor-element elementor-element-35cbf0ea elementor-section-boxed elementor-section-height-default elementor-section-height-default\" data-id=\"35cbf0ea\" data-element_type=\"section\">\n\t\t\t\t\t\t<div class=\"elementor-container elementor-column-gap-default\">\n\t\t\t\t\t<div class=\"elementor-column elementor-col-50 elementor-inner-column elementor-element elementor-element-26a1609a\" data-id=\"26a1609a\" data-element_type=\"column\">\n\t\t\t<div class=\"elementor-widget-wrap elementor-element-populated\">\n\t\t\t\t\t\t<div class=\"elementor-element elementor-element-64a60170 elementor-invisible elementor-widget elementor-widget-heading\" data-id=\"64a60170\" data-element_type=\"widget\" data-settings=\"{&quot;_animation&quot;:&quot;fadeInUp&quot;}\" data-widget_type=\"heading.default\">\n\t\t\t\t<div class=\"elementor-widget-container\">\n\t\t\t<h1 class=\"elementor-heading-title elementor-size-default\">A propos<\/h1>\t\t<\/div>\n\t\t\t\t<\/div>\n\t\t\t\t<div class=\"elementor-element elementor-element-3a6d1332 elementor-invisible elementor-widget elementor-widget-heading\" data-id=\"3a6d1332\" data-element_type=\"widget\" data-settings=\"{&quot;_animation&quot;:&quot;fadeInDown&quot;}\" data-widget_type=\"heading.default\">\n\t\t\t\t<div class=\"elementor-widget-container\">\n\t\t\t<h2 class=\"elementor-heading-title elementor-size-default\">Bienvenue sur ce site.\nNous mettons tout en oeuvre pour vous offrir une exp\u00e9rience qualitative made in France.<\/h2>\t\t<\/div>\n\t\t\t\t<\/div>\n\t\t\t\t\t<\/div>\n\t\t<\/div>\n\t\t\t\t<div class=\"elementor-column elementor-col-50 elementor-inner-column elementor-element elementor-element-bf6295e\" data-id=\"bf6295e\" data-element_type=\"column\">\n\t\t\t<div class=\"elementor-widget-wrap\">\n\t\t\t\t\t\t\t<\/div>\n\t\t<\/div>\n\t\t\t\t\t<\/div>\n\t\t<\/section>\n\t\t\t\t\t<\/div>\n\t\t<\/div>\n\t\t\t\t\t<\/div>\n\t\t<\/section>\n\t\t\t\t<section class=\"elementor-section elementor-top-section elementor-element elementor-element-983905d elementor-section-boxed elementor-section-height-default elementor-section-height-default\" data-id=\"983905d\" data-element_type=\"section\">\n\t\t\t\t\t\t<div class=\"elementor-container elementor-column-gap-wider\">\n\t\t\t\t\t<div class=\"elementor-column elementor-col-50 elementor-top-column elementor-element elementor-element-7310116 elementor-invisible\" data-id=\"7310116\" data-element_type=\"column\" data-settings=\"{&quot;animation&quot;:&quot;fadeIn&quot;}\">\n\t\t\t<div class=\"elementor-widget-wrap elementor-element-populated\">\n\t\t\t\t\t\t<div class=\"elementor-element elementor-element-5867941f elementor-widget elementor-widget-heading\" data-id=\"5867941f\" data-element_type=\"widget\" data-widget_type=\"heading.default\">\n\t\t\t\t<div class=\"elementor-widget-container\">\n\t\t\t<h6 class=\"elementor-heading-title elementor-size-default\">E-commerce durable<\/h6>\t\t<\/div>\n\t\t\t\t<\/div>\n\t\t\t\t<div class=\"elementor-element elementor-element-3d3af9e7 title-left elementor-widget elementor-widget-heading\" data-id=\"3d3af9e7\" data-element_type=\"widget\" data-widget_type=\"heading.default\">\n\t\t\t\t<div class=\"elementor-widget-container\">\n\t\t\t<h2 class=\"elementor-heading-title elementor-size-default\">D\u00e9but en 2002<\/h2>\t\t<\/div>\n\t\t\t\t<\/div>\n\t\t\t\t<div class=\"elementor-element elementor-element-e710402 elementor-widget elementor-widget-text-editor\" data-id=\"e710402\" data-element_type=\"widget\" data-widget_type=\"text-editor.default\">\n\t\t\t\t<div class=\"elementor-widget-container\">\n\t\t\t\t\t\t\t<p>Cr\u00e9\u00e9 par <strong>Vincent Vandegans<\/strong>, ing\u00e9nieur passionn\u00e9 d&rsquo;e-commerce depuis plus de 22 ans, notre site repose sur des valeurs fortes : <strong>qualit\u00e9<\/strong>, <strong>durabilit\u00e9<\/strong>, et un <strong><a href=\"https:\/\/www.casanaute.fr\/boutique\/customer-help\/\">service<\/a> client irr\u00e9prochable<\/strong>. Nous sommes une \u00e9quipe de <strong>7 personnes<\/strong> bas\u00e9e en France, enti\u00e8rement d\u00e9di\u00e9e \u00e0 offrir une exp\u00e9rience d\u2019achat fluide, rapide et surtout adapt\u00e9e \u00e0 vos besoins.<\/p>\t\t\t\t\t\t<\/div>\n\t\t\t\t<\/div>\n\t\t\t\t\t<\/div>\n\t\t<\/div>\n\t\t\t\t<div class=\"elementor-column elementor-col-50 elementor-top-column elementor-element elementor-element-34c609e elementor-invisible\" data-id=\"34c609e\" data-element_type=\"column\" data-settings=\"{&quot;animation&quot;:&quot;fadeIn&quot;,&quot;animation_delay&quot;:200}\">\n\t\t\t<div class=\"elementor-widget-wrap elementor-element-populated\">\n\t\t\t\t\t\t<div class=\"elementor-element elementor-element-c04a566 animated-fast elementor-invisible elementor-widget elementor-widget-image\" data-id=\"c04a566\" data-element_type=\"widget\" data-settings=\"{&quot;_animation&quot;:&quot;fadeIn&quot;}\" data-widget_type=\"image.default\">\n\t\t\t\t<div class=\"elementor-widget-container\">\n\t\t\t\t\t\t\t\t\t\t\t\t\t<img fetchpriority=\"high\" decoding=\"async\" width=\"770\" height=\"417\" src=\"https:\/\/www.casanaute.fr\/boutique\/wp-content\/uploads\/2024\/09\/Design-sans-titre.png\" class=\"attachment-large size-large wp-image-8869\" alt=\"\" srcset=\"https:\/\/www.casanaute.fr\/boutique\/wp-content\/uploads\/2024\/09\/Design-sans-titre.png 770w, https:\/\/www.casanaute.fr\/boutique\/wp-content\/uploads\/2024\/09\/Design-sans-titre-300x162.png 300w, https:\/\/www.casanaute.fr\/boutique\/wp-content\/uploads\/2024\/09\/Design-sans-titre-768x416.png 768w, https:\/\/www.casanaute.fr\/boutique\/wp-content\/uploads\/2024\/09\/Design-sans-titre-441x239.png 441w, https:\/\/www.casanaute.fr\/boutique\/wp-content\/uploads\/2024\/09\/Design-sans-titre-150x81.png 150w\" sizes=\"(max-width: 360px) 147px, (max-width: 770px) 100vw, 770px\" \/>\t\t\t\t\t\t\t\t\t\t\t\t\t<\/div>\n\t\t\t\t<\/div>\n\t\t\t\t\t<\/div>\n\t\t<\/div>\n\t\t\t\t\t<\/div>\n\t\t<\/section>\n\t\t\t\t<section class=\"elementor-section elementor-top-section elementor-element elementor-element-bb36c6f elementor-section-boxed elementor-section-height-default elementor-section-height-default\" data-id=\"bb36c6f\" data-element_type=\"section\">\n\t\t\t\t\t\t<div class=\"elementor-container elementor-column-gap-wider\">\n\t\t\t\t\t<div class=\"elementor-column elementor-col-50 elementor-top-column elementor-element elementor-element-2880450 elementor-invisible\" data-id=\"2880450\" data-element_type=\"column\" data-settings=\"{&quot;animation&quot;:&quot;fadeIn&quot;}\">\n\t\t\t<div class=\"elementor-widget-wrap elementor-element-populated\">\n\t\t\t\t\t\t<div class=\"elementor-element elementor-element-db9c3d4 animated-fast elementor-invisible elementor-widget elementor-widget-image\" data-id=\"db9c3d4\" data-element_type=\"widget\" data-settings=\"{&quot;_animation&quot;:&quot;fadeIn&quot;}\" data-widget_type=\"image.default\">\n\t\t\t\t<div class=\"elementor-widget-container\">\n\t\t\t\t\t\t\t\t\t\t\t\t\t<img decoding=\"async\" width=\"800\" height=\"480\" src=\"https:\/\/www.casanaute.fr\/boutique\/wp-content\/uploads\/2018\/07\/about_02.jpg\" class=\"attachment-large size-large wp-image-1177\" alt=\"\" srcset=\"https:\/\/www.casanaute.fr\/boutique\/wp-content\/uploads\/2018\/07\/about_02.jpg 800w, https:\/\/www.casanaute.fr\/boutique\/wp-content\/uploads\/2018\/07\/about_02-300x180.jpg 300w, https:\/\/www.casanaute.fr\/boutique\/wp-content\/uploads\/2018\/07\/about_02-150x90.jpg 150w\" sizes=\"(max-width: 360px) 147px, (max-width: 800px) 100vw, 800px\" \/>\t\t\t\t\t\t\t\t\t\t\t\t\t<\/div>\n\t\t\t\t<\/div>\n\t\t\t\t\t<\/div>\n\t\t<\/div>\n\t\t\t\t<div class=\"elementor-column elementor-col-50 elementor-top-column elementor-element elementor-element-7899afa elementor-invisible\" data-id=\"7899afa\" data-element_type=\"column\" data-settings=\"{&quot;animation&quot;:&quot;fadeIn&quot;,&quot;animation_delay&quot;:200}\">\n\t\t\t<div class=\"elementor-widget-wrap elementor-element-populated\">\n\t\t\t\t\t\t<div class=\"elementor-element elementor-element-247d076 elementor-widget elementor-widget-heading\" data-id=\"247d076\" data-element_type=\"widget\" data-widget_type=\"heading.default\">\n\t\t\t\t<div class=\"elementor-widget-container\">\n\t\t\t<h6 class=\"elementor-heading-title elementor-size-default\">Une s\u00e9lection irr\u00e9prochable<\/h6>\t\t<\/div>\n\t\t\t\t<\/div>\n\t\t\t\t<div class=\"elementor-element elementor-element-af7dfd6 title-right elementor-widget elementor-widget-heading\" data-id=\"af7dfd6\" data-element_type=\"widget\" data-widget_type=\"heading.default\">\n\t\t\t\t<div class=\"elementor-widget-container\">\n\t\t\t<h2 class=\"elementor-heading-title elementor-size-default\">Fait pour vous satisfaire<\/h2>\t\t<\/div>\n\t\t\t\t<\/div>\n\t\t\t\t<div class=\"elementor-element elementor-element-04da751 elementor-widget elementor-widget-text-editor\" data-id=\"04da751\" data-element_type=\"widget\" data-widget_type=\"text-editor.default\">\n\t\t\t\t<div class=\"elementor-widget-container\">\n\t\t\t\t\t\t\t<p>Nous croyons que les appareils \u00e9lectrom\u00e9nagers doivent non seulement r\u00e9pondre \u00e0 des crit\u00e8res de performance, mais aussi \u00eatre fiables et con\u00e7us pour durer. C&rsquo;est pourquoi nous travaillons avec des marques reconnues pour leur excellence et proposons une s\u00e9lection rigoureuse de produits qui s\u2019int\u00e8grent parfaitement dans votre quotidien.<\/p>\t\t\t\t\t\t<\/div>\n\t\t\t\t<\/div>\n\t\t\t\t\t<\/div>\n\t\t<\/div>\n\t\t\t\t\t<\/div>\n\t\t<\/section>\n\t\t\t\t<section class=\"elementor-section elementor-top-section elementor-element elementor-element-338b57d elementor-section-boxed elementor-section-height-default elementor-section-height-default\" data-id=\"338b57d\" data-element_type=\"section\">\n\t\t\t\t\t\t<div class=\"elementor-container elementor-column-gap-wider\">\n\t\t\t\t\t<div class=\"elementor-column elementor-col-50 elementor-top-column elementor-element elementor-element-e30bac7 elementor-invisible\" data-id=\"e30bac7\" data-element_type=\"column\" data-settings=\"{&quot;animation&quot;:&quot;fadeIn&quot;}\">\n\t\t\t<div class=\"elementor-widget-wrap elementor-element-populated\">\n\t\t\t\t\t\t<div class=\"elementor-element elementor-element-b8a7ac1 elementor-widget elementor-widget-heading\" data-id=\"b8a7ac1\" data-element_type=\"widget\" data-widget_type=\"heading.default\">\n\t\t\t\t<div class=\"elementor-widget-container\">\n\t\t\t<h6 class=\"elementor-heading-title elementor-size-default\">Un service client rapide<\/h6>\t\t<\/div>\n\t\t\t\t<\/div>\n\t\t\t\t<div class=\"elementor-element elementor-element-f97861c title-left elementor-widget elementor-widget-heading\" data-id=\"f97861c\" data-element_type=\"widget\" data-widget_type=\"heading.default\">\n\t\t\t\t<div class=\"elementor-widget-container\">\n\t\t\t<h2 class=\"elementor-heading-title elementor-size-default\">A votre \u00e9coute<\/h2>\t\t<\/div>\n\t\t\t\t<\/div>\n\t\t\t\t<div class=\"elementor-element elementor-element-740daea elementor-widget elementor-widget-text-editor\" data-id=\"740daea\" data-element_type=\"widget\" data-widget_type=\"text-editor.default\">\n\t\t\t\t<div class=\"elementor-widget-container\">\n\t\t\t\t\t\t\t<p>Notre <strong>service client<\/strong>, dirig\u00e9 par <strong>Carl<\/strong>, est l\u00e0 pour vous accompagner \u00e0 chaque \u00e9tape de votre parcours d\u2019achat, que ce soit pour vous conseiller avant de faire un choix, ou pour r\u00e9soudre rapidement tout probl\u00e8me apr\u00e8s votre <a href=\"https:\/\/www.casanaute.fr\/boutique\/checkout\/\">commande<\/a>. Nous mettons un point d&rsquo;honneur \u00e0 r\u00e9pondre \u00e0 toutes vos questions avec professionnalisme et attention.<\/p>\t\t\t\t\t\t<\/div>\n\t\t\t\t<\/div>\n\t\t\t\t\t<\/div>\n\t\t<\/div>\n\t\t\t\t<div class=\"elementor-column elementor-col-50 elementor-top-column elementor-element elementor-element-4938926 elementor-invisible\" data-id=\"4938926\" data-element_type=\"column\" data-settings=\"{&quot;animation&quot;:&quot;fadeIn&quot;,&quot;animation_delay&quot;:200}\">\n\t\t\t<div class=\"elementor-widget-wrap elementor-element-populated\">\n\t\t\t\t\t\t<div class=\"elementor-element elementor-element-af85d13 animated-fast elementor-invisible elementor-widget elementor-widget-image\" data-id=\"af85d13\" data-element_type=\"widget\" data-settings=\"{&quot;_animation&quot;:&quot;fadeIn&quot;}\" data-widget_type=\"image.default\">\n\t\t\t\t<div class=\"elementor-widget-container\">\n\t\t\t\t\t\t\t\t\t\t\t\t\t<img decoding=\"async\" width=\"800\" height=\"480\" src=\"https:\/\/www.casanaute.fr\/boutique\/wp-content\/uploads\/2018\/07\/about_01.jpg\" class=\"attachment-large size-large wp-image-1178\" alt=\"\" srcset=\"https:\/\/www.casanaute.fr\/boutique\/wp-content\/uploads\/2018\/07\/about_01.jpg 800w, https:\/\/www.casanaute.fr\/boutique\/wp-content\/uploads\/2018\/07\/about_01-300x180.jpg 300w, https:\/\/www.casanaute.fr\/boutique\/wp-content\/uploads\/2018\/07\/about_01-150x90.jpg 150w\" sizes=\"(max-width: 360px) 147px, (max-width: 800px) 100vw, 800px\" \/>\t\t\t\t\t\t\t\t\t\t\t\t\t<\/div>\n\t\t\t\t<\/div>\n\t\t\t\t\t<\/div>\n\t\t<\/div>\n\t\t\t\t\t<\/div>\n\t\t<\/section>\n\t\t\t\t<\/div>\n\t\t","protected":false},"excerpt":{"rendered":"<p>A propos Bienvenue sur ce site. Nous mettons tout en oeuvre pour vous offrir une exp\u00e9rience qualitative made in France. E-commerce durable D\u00e9but en 2002 Cr\u00e9\u00e9 par Vincent Vandegans, ing\u00e9nieur passionn\u00e9 d&rsquo;e-commerce depuis plus de 22 ans, notre site repose sur des valeurs fortes : qualit\u00e9, durabilit\u00e9, et un service client irr\u00e9prochable. Nous sommes une [&hellip;]<\/p>\n","protected":false},"author":1,"featured_media":0,"parent":0,"menu_order":0,"comment_status":"closed","ping_status":"closed","template":"template-fullwidth-no-heading.php","meta":{"footnotes":""},"class_list":["post-1004","page","type-page","status-publish","hentry"],"yoast_head":"<!-- This site is optimized with the Yoast SEO plugin v23.5 - https:\/\/yoast.com\/wordpress\/plugins\/seo\/ -->\n<title>A propos<\/title>\n<meta name=\"robots\" content=\"index, follow, max-snippet:-1, max-image-preview:large, max-video-preview:-1\" \/>\n<link rel=\"canonical\" href=\"https:\/\/www.casanaute.fr\/boutique\/about\/\" \/>\n<meta property=\"og:locale\" content=\"fr_FR\" \/>\n<meta property=\"og:type\" content=\"article\" \/>\n<meta property=\"og:title\" content=\"A propos\" \/>\n<meta property=\"og:description\" content=\"A propos Bienvenue sur ce site. Nous mettons tout en oeuvre pour vous offrir une exp\u00e9rience qualitative made in France. E-commerce durable D\u00e9but en 2002 Cr\u00e9\u00e9 par Vincent Vandegans, ing\u00e9nieur passionn\u00e9 d&rsquo;e-commerce depuis plus de 22 ans, notre site repose sur des valeurs fortes : qualit\u00e9, durabilit\u00e9, et un service client irr\u00e9prochable. Nous sommes une [&hellip;]\" \/>\n<meta property=\"og:url\" content=\"https:\/\/www.casanaute.fr\/boutique\/about\/\" \/>\n<meta property=\"og:site_name\" content=\"Lave-Linge pour la maison\" \/>\n<meta property=\"article:modified_time\" content=\"2024-09-19T09:04:17+00:00\" \/>\n<meta property=\"og:image\" content=\"http:\/\/localhost:8888\/RDBagency\/Wordpress\/wp-content\/uploads\/2024\/09\/Design-sans-titre.png\" \/>\n<meta name=\"twitter:card\" content=\"summary_large_image\" \/>\n<meta name=\"twitter:label1\" content=\"Dur\u00e9e de lecture estim\u00e9e\" \/>\n\t<meta name=\"twitter:data1\" content=\"3 minutes\" \/>\n<script type=\"application\/ld+json\" class=\"yoast-schema-graph\">{\"@context\":\"https:\/\/schema.org\",\"@graph\":[{\"@type\":\"WebPage\",\"@id\":\"https:\/\/www.casanaute.fr\/boutique\/about\/\",\"url\":\"https:\/\/www.casanaute.fr\/boutique\/about\/\",\"name\":\"A propos\",\"isPartOf\":{\"@id\":\"https:\/\/www.casanaute.fr\/boutique\/#website\"},\"primaryImageOfPage\":{\"@id\":\"https:\/\/www.casanaute.fr\/boutique\/about\/#primaryimage\"},\"image\":{\"@id\":\"https:\/\/www.casanaute.fr\/boutique\/about\/#primaryimage\"},\"thumbnailUrl\":\"http:\/\/localhost:8888\/RDBagency\/Wordpress\/wp-content\/uploads\/2024\/09\/Design-sans-titre.png\",\"datePublished\":\"2020-10-09T13:39:05+00:00\",\"dateModified\":\"2024-09-19T09:04:17+00:00\",\"breadcrumb\":{\"@id\":\"https:\/\/www.casanaute.fr\/boutique\/about\/#breadcrumb\"},\"inLanguage\":\"fr-FR\",\"potentialAction\":[{\"@type\":\"ReadAction\",\"target\":[\"https:\/\/www.casanaute.fr\/boutique\/about\/\"]}]},{\"@type\":\"ImageObject\",\"inLanguage\":\"fr-FR\",\"@id\":\"https:\/\/www.casanaute.fr\/boutique\/about\/#primaryimage\",\"url\":\"http:\/\/localhost:8888\/RDBagency\/Wordpress\/wp-content\/uploads\/2024\/09\/Design-sans-titre.png\",\"contentUrl\":\"http:\/\/localhost:8888\/RDBagency\/Wordpress\/wp-content\/uploads\/2024\/09\/Design-sans-titre.png\"},{\"@type\":\"BreadcrumbList\",\"@id\":\"https:\/\/www.casanaute.fr\/boutique\/about\/#breadcrumb\",\"itemListElement\":[{\"@type\":\"ListItem\",\"position\":1,\"name\":\"Home\",\"item\":\"https:\/\/www.casanaute.fr\/boutique\/\"},{\"@type\":\"ListItem\",\"position\":2,\"name\":\"A propos\"}]},{\"@type\":\"WebSite\",\"@id\":\"https:\/\/www.casanaute.fr\/boutique\/#website\",\"url\":\"https:\/\/www.casanaute.fr\/boutique\/\",\"name\":\"Hotte Discount\",\"description\":\"\",\"potentialAction\":[{\"@type\":\"SearchAction\",\"target\":{\"@type\":\"EntryPoint\",\"urlTemplate\":\"https:\/\/www.casanaute.fr\/boutique\/?s={search_term_string}\"},\"query-input\":{\"@type\":\"PropertyValueSpecification\",\"valueRequired\":true,\"valueName\":\"search_term_string\"}}],\"inLanguage\":\"fr-FR\"}]}<\/script>\n<!-- \/ Yoast SEO plugin. -->","yoast_head_json":{"title":"A propos","robots":{"index":"index","follow":"follow","max-snippet":"max-snippet:-1","max-image-preview":"max-image-preview:large","max-video-preview":"max-video-preview:-1"},"canonical":"https:\/\/www.casanaute.fr\/boutique\/about\/","og_locale":"fr_FR","og_type":"article","og_title":"A propos","og_description":"A propos Bienvenue sur ce site. Nous mettons tout en oeuvre pour vous offrir une exp\u00e9rience qualitative made in France. E-commerce durable D\u00e9but en 2002 Cr\u00e9\u00e9 par Vincent Vandegans, ing\u00e9nieur passionn\u00e9 d&rsquo;e-commerce depuis plus de 22 ans, notre site repose sur des valeurs fortes : qualit\u00e9, durabilit\u00e9, et un service client irr\u00e9prochable. Nous sommes une [&hellip;]","og_url":"https:\/\/www.casanaute.fr\/boutique\/about\/","og_site_name":"Lave-Linge pour la maison","article_modified_time":"2024-09-19T09:04:17+00:00","og_image":[{"url":"http:\/\/localhost:8888\/RDBagency\/Wordpress\/wp-content\/uploads\/2024\/09\/Design-sans-titre.png"}],"twitter_card":"summary_large_image","twitter_misc":{"Dur\u00e9e de lecture estim\u00e9e":"3 minutes"},"schema":{"@context":"https:\/\/schema.org","@graph":[{"@type":"WebPage","@id":"https:\/\/www.casanaute.fr\/boutique\/about\/","url":"https:\/\/www.casanaute.fr\/boutique\/about\/","name":"A propos","isPartOf":{"@id":"https:\/\/www.casanaute.fr\/boutique\/#website"},"primaryImageOfPage":{"@id":"https:\/\/www.casanaute.fr\/boutique\/about\/#primaryimage"},"image":{"@id":"https:\/\/www.casanaute.fr\/boutique\/about\/#primaryimage"},"thumbnailUrl":"http:\/\/localhost:8888\/RDBagency\/Wordpress\/wp-content\/uploads\/2024\/09\/Design-sans-titre.png","datePublished":"2020-10-09T13:39:05+00:00","dateModified":"2024-09-19T09:04:17+00:00","breadcrumb":{"@id":"https:\/\/www.casanaute.fr\/boutique\/about\/#breadcrumb"},"inLanguage":"fr-FR","potentialAction":[{"@type":"ReadAction","target":["https:\/\/www.casanaute.fr\/boutique\/about\/"]}]},{"@type":"ImageObject","inLanguage":"fr-FR","@id":"https:\/\/www.casanaute.fr\/boutique\/about\/#primaryimage","url":"http:\/\/localhost:8888\/RDBagency\/Wordpress\/wp-content\/uploads\/2024\/09\/Design-sans-titre.png","contentUrl":"http:\/\/localhost:8888\/RDBagency\/Wordpress\/wp-content\/uploads\/2024\/09\/Design-sans-titre.png"},{"@type":"BreadcrumbList","@id":"https:\/\/www.casanaute.fr\/boutique\/about\/#breadcrumb","itemListElement":[{"@type":"ListItem","position":1,"name":"Home","item":"https:\/\/www.casanaute.fr\/boutique\/"},{"@type":"ListItem","position":2,"name":"A propos"}]},{"@type":"WebSite","@id":"https:\/\/www.casanaute.fr\/boutique\/#website","url":"https:\/\/www.casanaute.fr\/boutique\/","name":"Hotte Discount","description":"","potentialAction":[{"@type":"SearchAction","target":{"@type":"EntryPoint","urlTemplate":"https:\/\/www.casanaute.fr\/boutique\/?s={search_term_string}"},"query-input":{"@type":"PropertyValueSpecification","valueRequired":true,"valueName":"search_term_string"}}],"inLanguage":"fr-FR"}]}},"_links":{"self":[{"href":"https:\/\/www.casanaute.fr\/boutique\/wp-json\/wp\/v2\/pages\/1004","targetHints":{"allow":["GET"]}}],"collection":[{"href":"https:\/\/www.casanaute.fr\/boutique\/wp-json\/wp\/v2\/pages"}],"about":[{"href":"https:\/\/www.casanaute.fr\/boutique\/wp-json\/wp\/v2\/types\/page"}],"author":[{"embeddable":true,"href":"https:\/\/www.casanaute.fr\/boutique\/wp-json\/wp\/v2\/users\/1"}],"replies":[{"embeddable":true,"href":"https:\/\/www.casanaute.fr\/boutique\/wp-json\/wp\/v2\/comments?post=1004"}],"version-history":[{"count":0,"href":"https:\/\/www.casanaute.fr\/boutique\/wp-json\/wp\/v2\/pages\/1004\/revisions"}],"wp:attachment":[{"href":"https:\/\/www.casanaute.fr\/boutique\/wp-json\/wp\/v2\/media?parent=1004"}],"curies":[{"name":"wp","href":"https:\/\/api.w.org\/{rel}","templated":true}]}}